{"id":57775,"date":"2024-09-23T11:35:42","date_gmt":"2024-09-23T11:35:42","guid":{"rendered":"https:\/\/www.multifrigo.pl\/sklep\/produkt\/lodowka-na-mleko-do-ekspresu-sego-bravilor-bonamat-7-270-633-101\/"},"modified":"2025-07-25T12:45:40","modified_gmt":"2025-07-25T12:45:40","slug":"lodowka-na-mleko-do-ekspresu-sego-bravilor-bonamat-7-270-633-101","status":"publish","type":"product","link":"https:\/\/www.multifrigo.pl\/sklep\/produkt\/lodowka-na-mleko-do-ekspresu-sego-bravilor-bonamat-7-270-633-101\/","title":{"rendered":"Lod\u00f3wka na mleko do ekspresu Sego | Bravilor Bonamat 7.270.633.101"},"content":{"rendered":"<p>Ta profesjonalna lod\u00f3wka zosta\u0142a przygotowana przez Bravilor Bonamat do ekspres\u00f3w Sego L. Lod\u00f3wka mie\u015bci standardowe litrowe opakowania kartonowe mleka o przed\u0142u\u017conej trwa\u0142o\u015bci. <\/p>\n<li> Ch\u0142odzi kartony i utrzymuje sta\u0142\u0105 temperatur\u0119 mleka, np. 4\u00b0C. Temperatur\u0119 mo\u017cna ustawi\u0107 mi\u0119dzy 0\u00b0C a 4\u00b0C.\n<li>Uwaga! Je\u015bli Sego stoi na podwy\u017cszeniu, r\u00f3wnie\u017c lod\u00f3wka powinna by\u0107 ustawiona na podwy\u017cszeniu.<br \/>\n","protected":false},"excerpt":{"rendered":"<p>Ta profesjonalna lod\u00f3wka zosta\u0142a przygotowana przez Bravilor Bonamat do ekspres\u00f3w Sego L. Lod\u00f3wka mie\u015bci standardowe litrowe opakowania kartonowe mleka o przed\u0142u\u017conej trwa\u0142o\u015bci. Ch\u0142odzi kartony i utrzymuje sta\u0142\u0105 temperatur\u0119 mleka, np. 4\u00b0C. Temperatur\u0119 mo\u017cna ustawi\u0107 mi\u0119dzy 0\u00b0C a 4\u00b0C. Uwaga! Je\u015bli Sego stoi na podwy\u017cszeniu, r\u00f3wnie\u017c lod\u00f3wka powinna by\u0107 ustawiona na podwy\u017cszeniu.<\/p>\n","protected":false},"featured_media":57850,"template":"","meta":{"_et_pb_use_builder":"","_et_pb_old_content":"","_et_gb_content_width":""},"pwb-brand":[4701],"product_brand":[],"product_cat":[1346],"product_tag":[],"class_list":{"0":"post-57775","1":"product","2":"type-product","3":"status-publish","4":"has-post-thumbnail","6":"pwb-brand-bravilor-bonamat","7":"product_cat-chlodziarki","9":"first","10":"instock","11":"taxable","12":"shipping-taxable","13":"purchasable","14":"product-type-simple"},"brands":[{"id":4701,"name":"Bravilor Bonamat","slug":"bravilor-bonamat"}],"_links":{"self":[{"href":"https:\/\/www.multifrigo.pl\/sklep\/wp-json\/wp\/v2\/product\/57775","targetHints":{"allow":["GET"]}}],"collection":[{"href":"https:\/\/www.multifrigo.pl\/sklep\/wp-json\/wp\/v2\/product"}],"about":[{"href":"https:\/\/www.multifrigo.pl\/sklep\/wp-json\/wp\/v2\/types\/product"}],"wp:featuredmedia":[{"embeddable":true,"href":"https:\/\/www.multifrigo.pl\/sklep\/wp-json\/wp\/v2\/media\/57850"}],"wp:attachment":[{"href":"https:\/\/www.multifrigo.pl\/sklep\/wp-json\/wp\/v2\/media?parent=57775"}],"wp:term":[{"taxonomy":"pwb-brand","embeddable":true,"href":"https:\/\/www.multifrigo.pl\/sklep\/wp-json\/wp\/v2\/pwb-brand?post=57775"},{"taxonomy":"product_brand","embeddable":true,"href":"https:\/\/www.multifrigo.pl\/sklep\/wp-json\/wp\/v2\/product_brand?post=57775"},{"taxonomy":"product_cat","embeddable":true,"href":"https:\/\/www.multifrigo.pl\/sklep\/wp-json\/wp\/v2\/product_cat?post=57775"},{"taxonomy":"product_tag","embeddable":true,"href":"https:\/\/www.multifrigo.pl\/sklep\/wp-json\/wp\/v2\/product_tag?post=57775"}],"curies":[{"name":"wp","href":"https:\/\/api.w.org\/{rel}","templated":true}]}}