{"id":57778,"date":"2024-09-23T11:36:00","date_gmt":"2024-09-23T11:36:00","guid":{"rendered":"https:\/\/www.multifrigo.pl\/sklep\/produkt\/ekspres-do-kawy-przelewowy-matic-twin-400-v-bravilor-bonamat-8-010-060-11002\/"},"modified":"2025-07-25T12:45:46","modified_gmt":"2025-07-25T12:45:46","slug":"ekspres-do-kawy-przelewowy-matic-twin-400-v-bravilor-bonamat-8-010-060-11002","status":"publish","type":"product","link":"https:\/\/www.multifrigo.pl\/sklep\/produkt\/ekspres-do-kawy-przelewowy-matic-twin-400-v-bravilor-bonamat-8-010-060-11002\/","title":{"rendered":"Ekspres do kawy przelewowy Matic Twin 400 V | Bravilor Bonamat 8.010.060.11002"},"content":{"rendered":"<p>Urz\u0105dzenie do szybkiego parzenia kawy przelewowej, przeznaczone do pracy w miejscach, w kt\u00f3rych istnieje mo\u017cliwo\u015b\u0107 pod\u0142\u0105czenia do sieci wodoci\u0105gowej. Zestaw posiada 4 dzbanki i 2 kosze na filtry, wykonane ze stali nierdzewnej. Model z 2 systemami parzenia i 4 p\u0142ytami grzejnymi.<\/p>\n<ul>\n<li>Wy\u015bmienita, \u015bwie\u017co parzona kawa przelewowa<\/li>\n<li>Nowoczesny wygl\u0105d &#8211; wysokogatunkowa stal nierdzewna i czarne akcenty<\/li>\n<li>\u0141atwe, r\u0119czne nape\u0142nianie wod\u0105 &#8211; mo\u017cna je u\u017cywa\u0107 w dowolnym miejscu.<\/li>\n<li>Wska\u017anik wody informuje, czy urz\u0105dzenie jest nape\u0142nione.<\/li>\n<li>Samoreguluj\u0105ce si\u0119 p\u0142yty grzejne dbaj\u0105 o utrzymanie optymalnej jako\u015bci kawy.<\/li>\n<li>Wska\u017aniki informuj\u0105 o tym, \u017ce kawa jest gotowa oraz gdy urz\u0105dzenie wymaga odkamieniania.<\/li>\n<\/ul>\n","protected":false},"excerpt":{"rendered":"<p>Urz\u0105dzenie do szybkiego parzenia kawy przelewowej, przeznaczone do pracy w miejscach, w kt\u00f3rych istnieje mo\u017cliwo\u015b\u0107 pod\u0142\u0105czenia do sieci wodoci\u0105gowej. Zestaw posiada 4 dzbanki i 2 kosze na filtry, wykonane ze stali nierdzewnej. Model z 2 systemami parzenia i 4 p\u0142ytami grzejnymi. Wy\u015bmienita, \u015bwie\u017co parzona kawa przelewowa Nowoczesny wygl\u0105d &#8211; wysokogatunkowa stal nierdzewna i czarne akcenty [&hellip;]<\/p>\n","protected":false},"featured_media":57853,"template":"","meta":{"_et_pb_use_builder":"","_et_pb_old_content":"","_et_gb_content_width":""},"pwb-brand":[4701],"product_brand":[],"product_cat":[4702],"product_tag":[],"class_list":{"0":"post-57778","1":"product","2":"type-product","3":"status-publish","4":"has-post-thumbnail","6":"pwb-brand-bravilor-bonamat","7":"product_cat-ekspresy-przelewowe","9":"first","10":"instock","11":"taxable","12":"shipping-taxable","13":"purchasable","14":"product-type-simple"},"brands":[{"id":4701,"name":"Bravilor Bonamat","slug":"bravilor-bonamat"}],"_links":{"self":[{"href":"https:\/\/www.multifrigo.pl\/sklep\/wp-json\/wp\/v2\/product\/57778","targetHints":{"allow":["GET"]}}],"collection":[{"href":"https:\/\/www.multifrigo.pl\/sklep\/wp-json\/wp\/v2\/product"}],"about":[{"href":"https:\/\/www.multifrigo.pl\/sklep\/wp-json\/wp\/v2\/types\/product"}],"wp:featuredmedia":[{"embeddable":true,"href":"https:\/\/www.multifrigo.pl\/sklep\/wp-json\/wp\/v2\/media\/57853"}],"wp:attachment":[{"href":"https:\/\/www.multifrigo.pl\/sklep\/wp-json\/wp\/v2\/media?parent=57778"}],"wp:term":[{"taxonomy":"pwb-brand","embeddable":true,"href":"https:\/\/www.multifrigo.pl\/sklep\/wp-json\/wp\/v2\/pwb-brand?post=57778"},{"taxonomy":"product_brand","embeddable":true,"href":"https:\/\/www.multifrigo.pl\/sklep\/wp-json\/wp\/v2\/product_brand?post=57778"},{"taxonomy":"product_cat","embeddable":true,"href":"https:\/\/www.multifrigo.pl\/sklep\/wp-json\/wp\/v2\/product_cat?post=57778"},{"taxonomy":"product_tag","embeddable":true,"href":"https:\/\/www.multifrigo.pl\/sklep\/wp-json\/wp\/v2\/product_tag?post=57778"}],"curies":[{"name":"wp","href":"https:\/\/api.w.org\/{rel}","templated":true}]}}