{"id":57779,"date":"2024-09-23T11:36:04","date_gmt":"2024-09-23T11:36:04","guid":{"rendered":"https:\/\/www.multifrigo.pl\/sklep\/produkt\/ekspres-do-kawy-przelewowy-mondo-bravilor-bonamat-8-010-020-31002\/"},"modified":"2025-07-25T12:45:48","modified_gmt":"2025-07-25T12:45:48","slug":"ekspres-do-kawy-przelewowy-mondo-bravilor-bonamat-8-010-020-31002","status":"publish","type":"product","link":"https:\/\/www.multifrigo.pl\/sklep\/produkt\/ekspres-do-kawy-przelewowy-mondo-bravilor-bonamat-8-010-020-31002\/","title":{"rendered":"Ekspres do kawy przelewowy Mondo | Bravilor Bonamat 8.010.020.31002"},"content":{"rendered":"<p>Urz\u0105dzenie do szybkiego parzenia kawy przez filtr bez konieczno\u015bci pod\u0142\u0105czania do sieci wodoci\u0105gowej. Zestaw posiada 2 dzbanki i 1 koszyk na filtry, wykonany ze stali nierdzewnej. Model z 1 systemem parzenia i 2 p\u0142ytami grzejnymi.<\/p>\n<ul>\n<li>Wy\u015bmienita, \u015bwie\u017ca kawa przelewowa<\/li>\n<li>Nowoczesny wygl\u0105d &#8211; wysokogatunkowa stal nierdzewna i czarne akcenty<\/li>\n<li>\u0141atwe, r\u0119czne nape\u0142nianie wod\u0105 &#8211; mo\u017cna je u\u017cywa\u0107 w dowolnym miejscu.<\/li>\n<li>Wska\u017anik wody informuje, czy urz\u0105dzenie jest nape\u0142nione.<\/li>\n<li>Samoreguluj\u0105ce si\u0119 p\u0142yty grzejne dbaj\u0105 o utrzymanie optymalnej jako\u015bci kawy.<\/li>\n<li>Wska\u017aniki informuj\u0105 o tym, \u017ce kawa jest gotowa oraz gdy urz\u0105dzenie wymaga odkamieniania.<\/li>\n<\/ul>\n","protected":false},"excerpt":{"rendered":"<p>Urz\u0105dzenie do szybkiego parzenia kawy przez filtr bez konieczno\u015bci pod\u0142\u0105czania do sieci wodoci\u0105gowej. Zestaw posiada 2 dzbanki i 1 koszyk na filtry, wykonany ze stali nierdzewnej. Model z 1 systemem parzenia i 2 p\u0142ytami grzejnymi. Wy\u015bmienita, \u015bwie\u017ca kawa przelewowa Nowoczesny wygl\u0105d &#8211; wysokogatunkowa stal nierdzewna i czarne akcenty \u0141atwe, r\u0119czne nape\u0142nianie wod\u0105 &#8211; mo\u017cna je [&hellip;]<\/p>\n","protected":false},"featured_media":57854,"template":"","meta":{"_et_pb_use_builder":"","_et_pb_old_content":"","_et_gb_content_width":""},"pwb-brand":[4701],"product_brand":[],"product_cat":[4702],"product_tag":[],"class_list":{"0":"post-57779","1":"product","2":"type-product","3":"status-publish","4":"has-post-thumbnail","6":"pwb-brand-bravilor-bonamat","7":"product_cat-ekspresy-przelewowe","9":"first","10":"instock","11":"taxable","12":"shipping-taxable","13":"purchasable","14":"product-type-simple"},"brands":[{"id":4701,"name":"Bravilor Bonamat","slug":"bravilor-bonamat"}],"_links":{"self":[{"href":"https:\/\/www.multifrigo.pl\/sklep\/wp-json\/wp\/v2\/product\/57779","targetHints":{"allow":["GET"]}}],"collection":[{"href":"https:\/\/www.multifrigo.pl\/sklep\/wp-json\/wp\/v2\/product"}],"about":[{"href":"https:\/\/www.multifrigo.pl\/sklep\/wp-json\/wp\/v2\/types\/product"}],"wp:featuredmedia":[{"embeddable":true,"href":"https:\/\/www.multifrigo.pl\/sklep\/wp-json\/wp\/v2\/media\/57854"}],"wp:attachment":[{"href":"https:\/\/www.multifrigo.pl\/sklep\/wp-json\/wp\/v2\/media?parent=57779"}],"wp:term":[{"taxonomy":"pwb-brand","embeddable":true,"href":"https:\/\/www.multifrigo.pl\/sklep\/wp-json\/wp\/v2\/pwb-brand?post=57779"},{"taxonomy":"product_brand","embeddable":true,"href":"https:\/\/www.multifrigo.pl\/sklep\/wp-json\/wp\/v2\/product_brand?post=57779"},{"taxonomy":"product_cat","embeddable":true,"href":"https:\/\/www.multifrigo.pl\/sklep\/wp-json\/wp\/v2\/product_cat?post=57779"},{"taxonomy":"product_tag","embeddable":true,"href":"https:\/\/www.multifrigo.pl\/sklep\/wp-json\/wp\/v2\/product_tag?post=57779"}],"curies":[{"name":"wp","href":"https:\/\/api.w.org\/{rel}","templated":true}]}}