{"id":57782,"date":"2024-09-23T11:36:18","date_gmt":"2024-09-23T11:36:18","guid":{"rendered":"https:\/\/www.multifrigo.pl\/sklep\/produkt\/ekspres-przelewowy-novo-bravilor-bonamat-8-010-080-31002\/"},"modified":"2025-07-25T12:45:51","modified_gmt":"2025-07-25T12:45:51","slug":"ekspres-przelewowy-novo-bravilor-bonamat-8-010-080-31002","status":"publish","type":"product","link":"https:\/\/www.multifrigo.pl\/sklep\/produkt\/ekspres-przelewowy-novo-bravilor-bonamat-8-010-080-31002\/","title":{"rendered":"Ekspres przelewowy Novo | Bravilor Bonamat 8.010.080.31002"},"content":{"rendered":"<p>Urz\u0105dzenie do szybkiego parzenia kawy przelewowej bez konieczno\u015bci pod\u0142\u0105czania do sieci wodoci\u0105gowej. Z dzbankiem 1,7 litra.<\/p>\n<ul>\n<li>Wy\u015bmienita, \u015bwie\u017co parzona kawa przelewowa<\/li>\n<li>Urz\u0105dzenia s\u0105 r\u0119cznie nape\u0142niane wod\u0105 &#8211; dlatego mo\u017cna je postawi\u0107 w dowolnym miejscu.<\/li>\n<li>\u0141atwa obs\u0142uga i konserwacja<\/li>\n<li>Samoreguluj\u0105ce si\u0119 p\u0142yty grzejne dbaj\u0105 o utrzymanie optymalnej jako\u015bci kawy.<\/li>\n<\/ul>\n","protected":false},"excerpt":{"rendered":"<p>Urz\u0105dzenie do szybkiego parzenia kawy przelewowej bez konieczno\u015bci pod\u0142\u0105czania do sieci wodoci\u0105gowej. Z dzbankiem 1,7 litra. Wy\u015bmienita, \u015bwie\u017co parzona kawa przelewowa Urz\u0105dzenia s\u0105 r\u0119cznie nape\u0142niane wod\u0105 &#8211; dlatego mo\u017cna je postawi\u0107 w dowolnym miejscu. \u0141atwa obs\u0142uga i konserwacja Samoreguluj\u0105ce si\u0119 p\u0142yty grzejne dbaj\u0105 o utrzymanie optymalnej jako\u015bci kawy.<\/p>\n","protected":false},"featured_media":57857,"template":"","meta":{"_et_pb_use_builder":"","_et_pb_old_content":"","_et_gb_content_width":""},"pwb-brand":[4701],"product_brand":[],"product_cat":[4702],"product_tag":[],"class_list":{"0":"post-57782","1":"product","2":"type-product","3":"status-publish","4":"has-post-thumbnail","6":"pwb-brand-bravilor-bonamat","7":"product_cat-ekspresy-przelewowe","9":"first","10":"instock","11":"taxable","12":"shipping-taxable","13":"purchasable","14":"product-type-simple"},"brands":[{"id":4701,"name":"Bravilor Bonamat","slug":"bravilor-bonamat"}],"_links":{"self":[{"href":"https:\/\/www.multifrigo.pl\/sklep\/wp-json\/wp\/v2\/product\/57782","targetHints":{"allow":["GET"]}}],"collection":[{"href":"https:\/\/www.multifrigo.pl\/sklep\/wp-json\/wp\/v2\/product"}],"about":[{"href":"https:\/\/www.multifrigo.pl\/sklep\/wp-json\/wp\/v2\/types\/product"}],"wp:featuredmedia":[{"embeddable":true,"href":"https:\/\/www.multifrigo.pl\/sklep\/wp-json\/wp\/v2\/media\/57857"}],"wp:attachment":[{"href":"https:\/\/www.multifrigo.pl\/sklep\/wp-json\/wp\/v2\/media?parent=57782"}],"wp:term":[{"taxonomy":"pwb-brand","embeddable":true,"href":"https:\/\/www.multifrigo.pl\/sklep\/wp-json\/wp\/v2\/pwb-brand?post=57782"},{"taxonomy":"product_brand","embeddable":true,"href":"https:\/\/www.multifrigo.pl\/sklep\/wp-json\/wp\/v2\/product_brand?post=57782"},{"taxonomy":"product_cat","embeddable":true,"href":"https:\/\/www.multifrigo.pl\/sklep\/wp-json\/wp\/v2\/product_cat?post=57782"},{"taxonomy":"product_tag","embeddable":true,"href":"https:\/\/www.multifrigo.pl\/sklep\/wp-json\/wp\/v2\/product_tag?post=57782"}],"curies":[{"name":"wp","href":"https:\/\/api.w.org\/{rel}","templated":true}]}}