{"id":57783,"date":"2024-09-23T11:36:22","date_gmt":"2024-09-23T11:36:22","guid":{"rendered":"https:\/\/www.multifrigo.pl\/sklep\/produkt\/zaparzacz-do-kawy-125-16l-bravilor-bonamat-8-060-330-31002\/"},"modified":"2025-07-25T12:45:53","modified_gmt":"2025-07-25T12:45:53","slug":"zaparzacz-do-kawy-125-16l-bravilor-bonamat-8-060-330-31002","status":"publish","type":"product","link":"https:\/\/www.multifrigo.pl\/sklep\/produkt\/zaparzacz-do-kawy-125-16l-bravilor-bonamat-8-060-330-31002\/","title":{"rendered":"Zaparzacz do kawy 125 &#8211; 16l | Bravilor Bonamat 8.060.330.31002"},"content":{"rendered":"<ul>\n<li>Ekspres do kawy<\/li>\n<li>Bez pod\u0142\u0105czenia do wody<\/li>\n<li>Posiada podw\u00f3jne \u015bcianki ze stali nierdzewnej<\/li>\n<li>Kranik oraz filtr wykonane ze stali nierdzewnej<\/li>\n<li>Automatyczny tryb utrzymywania temperatury kawy<\/li>\n<li>Wska\u017anik poziomu ze szk\u0142a wstrz\u0105soodpornego<\/li>\n<li>Zabezpieczenie przed gotowaniem bez wody<\/li>\n<li>Czytelny w\u0142\u0105cznik\/wy\u0142\u0105cznik<\/li>\n<\/ul>\n<p><\/p>\n","protected":false},"excerpt":{"rendered":"<p>Ekspres do kawy Bez pod\u0142\u0105czenia do wody Posiada podw\u00f3jne \u015bcianki ze stali nierdzewnej Kranik oraz filtr wykonane ze stali nierdzewnej Automatyczny tryb utrzymywania temperatury kawy Wska\u017anik poziomu ze szk\u0142a wstrz\u0105soodpornego Zabezpieczenie przed gotowaniem bez wody Czytelny w\u0142\u0105cznik\/wy\u0142\u0105cznik<\/p>\n","protected":false},"featured_media":57858,"template":"","meta":{"_et_pb_use_builder":"","_et_pb_old_content":"","_et_gb_content_width":""},"pwb-brand":[4701],"product_brand":[],"product_cat":[4706],"product_tag":[],"class_list":{"0":"post-57783","1":"product","2":"type-product","3":"status-publish","4":"has-post-thumbnail","6":"pwb-brand-bravilor-bonamat","7":"product_cat-zaparzacze-kawy","9":"first","10":"instock","11":"taxable","12":"shipping-taxable","13":"purchasable","14":"product-type-simple"},"brands":[{"id":4701,"name":"Bravilor Bonamat","slug":"bravilor-bonamat"}],"_links":{"self":[{"href":"https:\/\/www.multifrigo.pl\/sklep\/wp-json\/wp\/v2\/product\/57783","targetHints":{"allow":["GET"]}}],"collection":[{"href":"https:\/\/www.multifrigo.pl\/sklep\/wp-json\/wp\/v2\/product"}],"about":[{"href":"https:\/\/www.multifrigo.pl\/sklep\/wp-json\/wp\/v2\/types\/product"}],"wp:featuredmedia":[{"embeddable":true,"href":"https:\/\/www.multifrigo.pl\/sklep\/wp-json\/wp\/v2\/media\/57858"}],"wp:attachment":[{"href":"https:\/\/www.multifrigo.pl\/sklep\/wp-json\/wp\/v2\/media?parent=57783"}],"wp:term":[{"taxonomy":"pwb-brand","embeddable":true,"href":"https:\/\/www.multifrigo.pl\/sklep\/wp-json\/wp\/v2\/pwb-brand?post=57783"},{"taxonomy":"product_brand","embeddable":true,"href":"https:\/\/www.multifrigo.pl\/sklep\/wp-json\/wp\/v2\/product_brand?post=57783"},{"taxonomy":"product_cat","embeddable":true,"href":"https:\/\/www.multifrigo.pl\/sklep\/wp-json\/wp\/v2\/product_cat?post=57783"},{"taxonomy":"product_tag","embeddable":true,"href":"https:\/\/www.multifrigo.pl\/sklep\/wp-json\/wp\/v2\/product_tag?post=57783"}],"curies":[{"name":"wp","href":"https:\/\/api.w.org\/{rel}","templated":true}]}}