{"id":57786,"date":"2024-09-23T11:36:33","date_gmt":"2024-09-23T11:36:33","guid":{"rendered":"https:\/\/www.multifrigo.pl\/sklep\/produkt\/podstawka-do-sego-12-komplet-bravilor-bonamat-7-270-627-101\/"},"modified":"2025-07-25T12:45:56","modified_gmt":"2025-07-25T12:45:56","slug":"podstawka-do-sego-12-komplet-bravilor-bonamat-7-270-627-101","status":"publish","type":"product","link":"https:\/\/www.multifrigo.pl\/sklep\/produkt\/podstawka-do-sego-12-komplet-bravilor-bonamat-7-270-627-101\/","title":{"rendered":"Podstawka do Sego 12 (komplet) | Bravilor Bonamat 7.270.627.101"},"content":{"rendered":"<p>Zestaw sk\u0142ada si\u0119 z kilku element\u00f3w: platformy podwy\u017cszaj\u0105cej, wi\u0119kszego pojemnika na odpady, wi\u0119kszego ociekacza oraz obni\u017conej kratki ociekacza.<\/p>\n<ul>\n<li>Zestaw podwy\u017csza standardowy ekspres Sego 12 o 60 mm. Ca\u0142kowita wysoko\u015b\u0107 urz\u0105dzenia wynosi wtedy 650 mm.<\/li>\n<li>Wi\u0119kszy pojemnik na odpady zapewnia miejsce na oko\u0142o 60 porcji fus\u00f3w.<\/li>\n<li>Wi\u0119kszy ociekacz stwarza wi\u0119cej przestrzeni na \u015bcieki, a tym samym musi by\u0107 rzadziej opr\u00f3\u017cniany.<\/li>\n<li>Obni\u017cona kratka ociekacza zwi\u0119ksza wysoko\u015b\u0107 wlewu ze 105 mm do 135 mm.<\/li>\n<\/ul>\n","protected":false},"excerpt":{"rendered":"<p>Zestaw sk\u0142ada si\u0119 z kilku element\u00f3w: platformy podwy\u017cszaj\u0105cej, wi\u0119kszego pojemnika na odpady, wi\u0119kszego ociekacza oraz obni\u017conej kratki ociekacza. Zestaw podwy\u017csza standardowy ekspres Sego 12 o 60 mm. Ca\u0142kowita wysoko\u015b\u0107 urz\u0105dzenia wynosi wtedy 650 mm. Wi\u0119kszy pojemnik na odpady zapewnia miejsce na oko\u0142o 60 porcji fus\u00f3w. Wi\u0119kszy ociekacz stwarza wi\u0119cej przestrzeni na \u015bcieki, a tym samym [&hellip;]<\/p>\n","protected":false},"featured_media":57861,"template":"","meta":{"_et_pb_use_builder":"","_et_pb_old_content":"","_et_gb_content_width":""},"pwb-brand":[4701],"product_brand":[],"product_cat":[323],"product_tag":[],"class_list":{"0":"post-57786","1":"product","2":"type-product","3":"status-publish","4":"has-post-thumbnail","6":"pwb-brand-bravilor-bonamat","7":"product_cat-mlynki-i-akcesoria-do-kawy","9":"first","10":"instock","11":"taxable","12":"shipping-taxable","13":"purchasable","14":"product-type-simple"},"brands":[{"id":4701,"name":"Bravilor Bonamat","slug":"bravilor-bonamat"}],"_links":{"self":[{"href":"https:\/\/www.multifrigo.pl\/sklep\/wp-json\/wp\/v2\/product\/57786","targetHints":{"allow":["GET"]}}],"collection":[{"href":"https:\/\/www.multifrigo.pl\/sklep\/wp-json\/wp\/v2\/product"}],"about":[{"href":"https:\/\/www.multifrigo.pl\/sklep\/wp-json\/wp\/v2\/types\/product"}],"wp:featuredmedia":[{"embeddable":true,"href":"https:\/\/www.multifrigo.pl\/sklep\/wp-json\/wp\/v2\/media\/57861"}],"wp:attachment":[{"href":"https:\/\/www.multifrigo.pl\/sklep\/wp-json\/wp\/v2\/media?parent=57786"}],"wp:term":[{"taxonomy":"pwb-brand","embeddable":true,"href":"https:\/\/www.multifrigo.pl\/sklep\/wp-json\/wp\/v2\/pwb-brand?post=57786"},{"taxonomy":"product_brand","embeddable":true,"href":"https:\/\/www.multifrigo.pl\/sklep\/wp-json\/wp\/v2\/product_brand?post=57786"},{"taxonomy":"product_cat","embeddable":true,"href":"https:\/\/www.multifrigo.pl\/sklep\/wp-json\/wp\/v2\/product_cat?post=57786"},{"taxonomy":"product_tag","embeddable":true,"href":"https:\/\/www.multifrigo.pl\/sklep\/wp-json\/wp\/v2\/product_tag?post=57786"}],"curies":[{"name":"wp","href":"https:\/\/api.w.org\/{rel}","templated":true}]}}