{"id":57787,"date":"2024-09-23T11:36:36","date_gmt":"2024-09-23T11:36:36","guid":{"rendered":"https:\/\/www.multifrigo.pl\/sklep\/produkt\/termos-dwuscienny-03-l-qline-s-bravilor-bonamat-7-171-333-101\/"},"modified":"2025-07-25T12:45:57","modified_gmt":"2025-07-25T12:45:57","slug":"termos-dwuscienny-03-l-qline-s-bravilor-bonamat-7-171-333-101","status":"publish","type":"product","link":"https:\/\/www.multifrigo.pl\/sklep\/produkt\/termos-dwuscienny-03-l-qline-s-bravilor-bonamat-7-171-333-101\/","title":{"rendered":"Termos dwu\u015bcienny 0,3 l \u2013 Qline S | Bravilor Bonamat 7.171.333.101"},"content":{"rendered":"<p>Qline jest to termos dwu\u015bcienny, wykonany z najwy\u017cszej jako\u015bci stali nierdzewnej, dost\u0119pny w rozmiarach: S=0,3 l, M=0,6 l, L=1 l. Termos posiada otwieran\u0105 pokrywk\u0119 i ergonimiczny uchwyt, wykonane ze stali nierdzewnej.<\/p>\n","protected":false},"excerpt":{"rendered":"<p>Qline jest to termos dwu\u015bcienny, wykonany z najwy\u017cszej jako\u015bci stali nierdzewnej, dost\u0119pny w rozmiarach: S=0,3 l, M=0,6 l, L=1 l. Termos posiada otwieran\u0105 pokrywk\u0119 i ergonimiczny uchwyt, wykonane ze stali nierdzewnej.<\/p>\n","protected":false},"featured_media":57862,"template":"","meta":{"_et_pb_use_builder":"","_et_pb_old_content":"","_et_gb_content_width":""},"pwb-brand":[4701],"product_brand":[],"product_cat":[233],"product_tag":[],"class_list":{"0":"post-57787","1":"product","2":"type-product","3":"status-publish","4":"has-post-thumbnail","6":"pwb-brand-bravilor-bonamat","7":"product_cat-termosy-z-pompka","9":"first","10":"instock","11":"taxable","12":"shipping-taxable","13":"purchasable","14":"product-type-simple"},"brands":[{"id":4701,"name":"Bravilor Bonamat","slug":"bravilor-bonamat"}],"_links":{"self":[{"href":"https:\/\/www.multifrigo.pl\/sklep\/wp-json\/wp\/v2\/product\/57787","targetHints":{"allow":["GET"]}}],"collection":[{"href":"https:\/\/www.multifrigo.pl\/sklep\/wp-json\/wp\/v2\/product"}],"about":[{"href":"https:\/\/www.multifrigo.pl\/sklep\/wp-json\/wp\/v2\/types\/product"}],"wp:featuredmedia":[{"embeddable":true,"href":"https:\/\/www.multifrigo.pl\/sklep\/wp-json\/wp\/v2\/media\/57862"}],"wp:attachment":[{"href":"https:\/\/www.multifrigo.pl\/sklep\/wp-json\/wp\/v2\/media?parent=57787"}],"wp:term":[{"taxonomy":"pwb-brand","embeddable":true,"href":"https:\/\/www.multifrigo.pl\/sklep\/wp-json\/wp\/v2\/pwb-brand?post=57787"},{"taxonomy":"product_brand","embeddable":true,"href":"https:\/\/www.multifrigo.pl\/sklep\/wp-json\/wp\/v2\/product_brand?post=57787"},{"taxonomy":"product_cat","embeddable":true,"href":"https:\/\/www.multifrigo.pl\/sklep\/wp-json\/wp\/v2\/product_cat?post=57787"},{"taxonomy":"product_tag","embeddable":true,"href":"https:\/\/www.multifrigo.pl\/sklep\/wp-json\/wp\/v2\/product_tag?post=57787"}],"curies":[{"name":"wp","href":"https:\/\/api.w.org\/{rel}","templated":true}]}}