{"id":57793,"date":"2024-09-23T11:37:04","date_gmt":"2024-09-23T11:37:04","guid":{"rendered":"https:\/\/www.multifrigo.pl\/sklep\/produkt\/ekspres-do-kawy-cisnieniowy-sego-12-bravilor-bonamat-8-036-010-32001\/"},"modified":"2025-07-25T12:46:07","modified_gmt":"2025-07-25T12:46:07","slug":"ekspres-do-kawy-cisnieniowy-sego-12-bravilor-bonamat-8-036-010-32001","status":"publish","type":"product","link":"https:\/\/www.multifrigo.pl\/sklep\/produkt\/ekspres-do-kawy-cisnieniowy-sego-12-bravilor-bonamat-8-036-010-32001\/","title":{"rendered":"Ekspres do kawy ci\u015bnieniowy Sego 12 | Bravilor Bonamat 8.036.010.32001"},"content":{"rendered":"<p>Sego 12 to w pe\u0142ni zautomatyzowany ekspres do kawy. Dzi\u0119ki niewielkim rozmiarom, jasnemu i \u0142atwemu w obs\u0142udze wy\u015bwietlaczowi ekspres Sego mo\u017ce by\u0107 ustawiony wsz\u0119dzie. W\u0142a\u015bnie dla Ciebie Bravilor Bonamat wybra\u0142, skomponowa\u0142 i zaprogramowa\u0142 najcz\u0119\u015bciej spotykane rodzaje napoj\u00f3w z kawy. Mo\u017cesz szybko pod\u0142\u0105czy\u0107 ekspres i rozpocz\u0105\u0107 jego u\u017cytkowanie.<\/p>\n<ul>\n<li>Jako\u015b\u0107 Twojej kawy jest wa\u017cna. Dlatego kluczowe komponenty wymagaj\u0105ce zabieg\u00f3w u\u017cytkownika zosta\u0142y w naszym przedsi\u0119biorstwie dobrze przemy\u015blane i zaprojektowane. Bravilor Bonamat dba o to, by czyszczenie ekspresu zosta\u0142o ograniczone do minimum i odbywa\u0142o si\u0119 w miar\u0119 mo\u017cliwo\u015bci automatycznie.\n<ul>\n<li>Trzy pojemniki: jeden na ziarna kawy i dwa na sk\u0142adniki instant, takie jak dodatki i kakao.<\/li>\n<li>Prosta obs\u0142uga dzi\u0119ki intuicyjnemu panelowi dotykowemu.<\/li>\n<li>Menu oferuje do 30 rodzaj\u00f3w napoj\u00f3w.<\/li>\n<li>Ustawienia takie jak temperatura wody, czas parzenia, stopie\u0144 zmielenia ziaren i wielko\u015b\u0107 kubka, mog\u0105 by\u0107 modyfikowane zgodnie z preferencjami.<\/li>\n<li>Ekspres Sego jest szczeg\u00f3lnie odpowiedni do biur, poczekalni i sklep\u00f3w.<\/li>\n<li>Gdy maszyna nie jest aktualnie w u\u017cyciu, przechodzi w stan energooszcz\u0119dny, co obni\u017ca zu\u017cycie pr\u0105du.<\/li>\n<\/ul>\n<\/li>\n<\/ul>\n","protected":false},"excerpt":{"rendered":"<p>Sego 12 to w pe\u0142ni zautomatyzowany ekspres do kawy. Dzi\u0119ki niewielkim rozmiarom, jasnemu i \u0142atwemu w obs\u0142udze wy\u015bwietlaczowi ekspres Sego mo\u017ce by\u0107 ustawiony wsz\u0119dzie. W\u0142a\u015bnie dla Ciebie Bravilor Bonamat wybra\u0142, skomponowa\u0142 i zaprogramowa\u0142 najcz\u0119\u015bciej spotykane rodzaje napoj\u00f3w z kawy. Mo\u017cesz szybko pod\u0142\u0105czy\u0107 ekspres i rozpocz\u0105\u0107 jego u\u017cytkowanie. Jako\u015b\u0107 Twojej kawy jest wa\u017cna. Dlatego kluczowe komponenty [&hellip;]<\/p>\n","protected":false},"featured_media":57734,"template":"","meta":{"_et_pb_use_builder":"","_et_pb_old_content":"","_et_gb_content_width":""},"pwb-brand":[4701],"product_brand":[],"product_cat":[4697],"product_tag":[],"class_list":{"0":"post-57793","1":"product","2":"type-product","3":"status-publish","4":"has-post-thumbnail","6":"pwb-brand-bravilor-bonamat","7":"product_cat-ekspresy-cisnieniowe","9":"first","10":"instock","11":"taxable","12":"shipping-taxable","13":"purchasable","14":"product-type-simple"},"brands":[{"id":4701,"name":"Bravilor Bonamat","slug":"bravilor-bonamat"}],"_links":{"self":[{"href":"https:\/\/www.multifrigo.pl\/sklep\/wp-json\/wp\/v2\/product\/57793","targetHints":{"allow":["GET"]}}],"collection":[{"href":"https:\/\/www.multifrigo.pl\/sklep\/wp-json\/wp\/v2\/product"}],"about":[{"href":"https:\/\/www.multifrigo.pl\/sklep\/wp-json\/wp\/v2\/types\/product"}],"wp:featuredmedia":[{"embeddable":true,"href":"https:\/\/www.multifrigo.pl\/sklep\/wp-json\/wp\/v2\/media\/57734"}],"wp:attachment":[{"href":"https:\/\/www.multifrigo.pl\/sklep\/wp-json\/wp\/v2\/media?parent=57793"}],"wp:term":[{"taxonomy":"pwb-brand","embeddable":true,"href":"https:\/\/www.multifrigo.pl\/sklep\/wp-json\/wp\/v2\/pwb-brand?post=57793"},{"taxonomy":"product_brand","embeddable":true,"href":"https:\/\/www.multifrigo.pl\/sklep\/wp-json\/wp\/v2\/product_brand?post=57793"},{"taxonomy":"product_cat","embeddable":true,"href":"https:\/\/www.multifrigo.pl\/sklep\/wp-json\/wp\/v2\/product_cat?post=57793"},{"taxonomy":"product_tag","embeddable":true,"href":"https:\/\/www.multifrigo.pl\/sklep\/wp-json\/wp\/v2\/product_tag?post=57793"}],"curies":[{"name":"wp","href":"https:\/\/api.w.org\/{rel}","templated":true}]}}