{"id":57794,"date":"2024-09-23T11:37:08","date_gmt":"2024-09-23T11:37:08","guid":{"rendered":"https:\/\/www.multifrigo.pl\/sklep\/produkt\/ekspres-do-kawy-cisnieniowy-sprso-bravilor-bonamat-8-038-010-31002\/"},"modified":"2025-07-25T12:46:08","modified_gmt":"2025-07-25T12:46:08","slug":"ekspres-do-kawy-cisnieniowy-sprso-bravilor-bonamat-8-038-010-31002","status":"publish","type":"product","link":"https:\/\/www.multifrigo.pl\/sklep\/produkt\/ekspres-do-kawy-cisnieniowy-sprso-bravilor-bonamat-8-038-010-31002\/","title":{"rendered":"Ekspres do kawy ci\u015bnieniowy Sprso | Bravilor Bonamat 8.038.010.31002"},"content":{"rendered":"<p>Je\u015bli szukasz ekspresu, kt\u00f3ry \u0142\u0105czy w sobie prostot\u0119 i profesjonalizm, Sprso jest dla Ciebie idealnym rozwi\u0105zaniem. Sprso jest niewielki, ale pe\u0142en mocy i stylu. <\/p>\n<li> Ten przyci\u0105gaj\u0105cy wzrok, w pe\u0142ni zautomatyzowany ekspres do kawy ziarnistej zaserwuje Ci doskona\u0142e ristretto, espresso, caff\u00e8 crema czy americano. Dzi\u0119ki opcjonalnej ch\u0142odziarce do mleka mo\u017ce tak\u017ce przygotowa\u0107 pyszne cappuccino i caff\u00e8 latte.\n<li> Sprso doskonale nadaje si\u0119 do sal konferencyjnych, poczekalni i ma\u0142ych biur. Niewielki rozmiar sprawia, \u017ce Sprso sprawdza si\u0119 tak\u017ce na blacie kuchennym w domu.\n<ul>\n<li>Ma wyj\u0105tkowy kszta\u0142t<\/li>\n<li>Przygotowuje kaw\u0119 ze \u015bwie\u017co zmielonych ziaren<\/li>\n<li>Robi napoje kawowe ze \u015bwie\u017co spienionym mlekiem<\/li>\n<li>Jest prosty i intuicyjny w obs\u0142udze<\/li>\n<li>Mo\u017ce przygotowa\u0107 dwa napoje jednocze\u015bnie (ristretto, espresso i caff\u00e8 crema)<\/li>\n<li>Umo\u017cliwia dostosowanie wielko\u015bci fili\u017canki, mocy i intensywno\u015bci napoju oraz stopnia zmielenia ziaren do indywidualnych preferencji<\/li>\n<li>Zosta\u0142 wykonany z solidnych materia\u0142\u00f3w wysokiej jako\u015bci: stali nierdzewnej i tworzyw sztucznych niezawieraj\u0105cych bisfenolu<\/li>\n<li>Jest wyposa\u017cony w profesjonalny zaparzacz CIRCO<\/li>\n<li>Zu\u017cywa wyj\u0105tkowo ma\u0142o energii w trybie czuwania (&lt; 0,5W)<\/li>\n<\/ul>\n","protected":false},"excerpt":{"rendered":"<p>Je\u015bli szukasz ekspresu, kt\u00f3ry \u0142\u0105czy w sobie prostot\u0119 i profesjonalizm, Sprso jest dla Ciebie idealnym rozwi\u0105zaniem. Sprso jest niewielki, ale pe\u0142en mocy i stylu. Ten przyci\u0105gaj\u0105cy wzrok, w pe\u0142ni zautomatyzowany ekspres do kawy ziarnistej zaserwuje Ci doskona\u0142e ristretto, espresso, caff\u00e8 crema czy americano. Dzi\u0119ki opcjonalnej ch\u0142odziarce do mleka mo\u017ce tak\u017ce przygotowa\u0107 pyszne cappuccino i caff\u00e8 [&hellip;]<\/p>\n","protected":false},"featured_media":57867,"template":"","meta":{"_et_pb_use_builder":"","_et_pb_old_content":"","_et_gb_content_width":""},"pwb-brand":[4701],"product_brand":[],"product_cat":[4697],"product_tag":[],"class_list":{"0":"post-57794","1":"product","2":"type-product","3":"status-publish","4":"has-post-thumbnail","6":"pwb-brand-bravilor-bonamat","7":"product_cat-ekspresy-cisnieniowe","9":"first","10":"instock","11":"taxable","12":"shipping-taxable","13":"purchasable","14":"product-type-simple"},"brands":[{"id":4701,"name":"Bravilor Bonamat","slug":"bravilor-bonamat"}],"_links":{"self":[{"href":"https:\/\/www.multifrigo.pl\/sklep\/wp-json\/wp\/v2\/product\/57794","targetHints":{"allow":["GET"]}}],"collection":[{"href":"https:\/\/www.multifrigo.pl\/sklep\/wp-json\/wp\/v2\/product"}],"about":[{"href":"https:\/\/www.multifrigo.pl\/sklep\/wp-json\/wp\/v2\/types\/product"}],"wp:featuredmedia":[{"embeddable":true,"href":"https:\/\/www.multifrigo.pl\/sklep\/wp-json\/wp\/v2\/media\/57867"}],"wp:attachment":[{"href":"https:\/\/www.multifrigo.pl\/sklep\/wp-json\/wp\/v2\/media?parent=57794"}],"wp:term":[{"taxonomy":"pwb-brand","embeddable":true,"href":"https:\/\/www.multifrigo.pl\/sklep\/wp-json\/wp\/v2\/pwb-brand?post=57794"},{"taxonomy":"product_brand","embeddable":true,"href":"https:\/\/www.multifrigo.pl\/sklep\/wp-json\/wp\/v2\/product_brand?post=57794"},{"taxonomy":"product_cat","embeddable":true,"href":"https:\/\/www.multifrigo.pl\/sklep\/wp-json\/wp\/v2\/product_cat?post=57794"},{"taxonomy":"product_tag","embeddable":true,"href":"https:\/\/www.multifrigo.pl\/sklep\/wp-json\/wp\/v2\/product_tag?post=57794"}],"curies":[{"name":"wp","href":"https:\/\/api.w.org\/{rel}","templated":true}]}}