{"id":57796,"date":"2024-09-23T11:37:18","date_gmt":"2024-09-23T11:37:18","guid":{"rendered":"https:\/\/www.multifrigo.pl\/sklep\/produkt\/tabletki-czyszczace-do-ekspresu-cisnieniowego-opakowanie-12-pojemnikow-bravilor-bonamat-7-193-101-102\/"},"modified":"2025-07-25T12:46:10","modified_gmt":"2025-07-25T12:46:10","slug":"tabletki-czyszczace-do-ekspresu-cisnieniowego-opakowanie-12-pojemnikow-bravilor-bonamat-7-193-101-102","status":"publish","type":"product","link":"https:\/\/www.multifrigo.pl\/sklep\/produkt\/tabletki-czyszczace-do-ekspresu-cisnieniowego-opakowanie-12-pojemnikow-bravilor-bonamat-7-193-101-102\/","title":{"rendered":"Tabletki czyszcz\u0105ce do ekspresu ci\u015bnieniowego opakowanie (12 pojemnik\u00f3w) | Bravilor Bonamat 7.193.101.102"},"content":{"rendered":"<p>Tabletki czyszcz\u0105ce do ekspres\u00f3w ci\u015bnieniowych.<br \/>12 pojemnik\u00f3w po 100 tabletek<\/p>\n","protected":false},"excerpt":{"rendered":"<p>Tabletki czyszcz\u0105ce do ekspres\u00f3w ci\u015bnieniowych.12 pojemnik\u00f3w po 100 tabletek<\/p>\n","protected":false},"featured_media":57869,"template":"","meta":{"_et_pb_use_builder":"","_et_pb_old_content":"","_et_gb_content_width":""},"pwb-brand":[4701],"product_brand":[],"product_cat":[391],"product_tag":[],"class_list":{"0":"post-57796","1":"product","2":"type-product","3":"status-publish","4":"has-post-thumbnail","6":"pwb-brand-bravilor-bonamat","7":"product_cat-do-ekspresow-do-kawy","9":"first","10":"instock","11":"taxable","12":"shipping-taxable","13":"purchasable","14":"product-type-simple"},"brands":[{"id":4701,"name":"Bravilor Bonamat","slug":"bravilor-bonamat"}],"_links":{"self":[{"href":"https:\/\/www.multifrigo.pl\/sklep\/wp-json\/wp\/v2\/product\/57796","targetHints":{"allow":["GET"]}}],"collection":[{"href":"https:\/\/www.multifrigo.pl\/sklep\/wp-json\/wp\/v2\/product"}],"about":[{"href":"https:\/\/www.multifrigo.pl\/sklep\/wp-json\/wp\/v2\/types\/product"}],"wp:featuredmedia":[{"embeddable":true,"href":"https:\/\/www.multifrigo.pl\/sklep\/wp-json\/wp\/v2\/media\/57869"}],"wp:attachment":[{"href":"https:\/\/www.multifrigo.pl\/sklep\/wp-json\/wp\/v2\/media?parent=57796"}],"wp:term":[{"taxonomy":"pwb-brand","embeddable":true,"href":"https:\/\/www.multifrigo.pl\/sklep\/wp-json\/wp\/v2\/pwb-brand?post=57796"},{"taxonomy":"product_brand","embeddable":true,"href":"https:\/\/www.multifrigo.pl\/sklep\/wp-json\/wp\/v2\/product_brand?post=57796"},{"taxonomy":"product_cat","embeddable":true,"href":"https:\/\/www.multifrigo.pl\/sklep\/wp-json\/wp\/v2\/product_cat?post=57796"},{"taxonomy":"product_tag","embeddable":true,"href":"https:\/\/www.multifrigo.pl\/sklep\/wp-json\/wp\/v2\/product_tag?post=57796"}],"curies":[{"name":"wp","href":"https:\/\/api.w.org\/{rel}","templated":true}]}}