{"id":57798,"date":"2024-09-23T11:37:30","date_gmt":"2024-09-23T11:37:30","guid":{"rendered":"https:\/\/www.multifrigo.pl\/sklep\/produkt\/tabletki-czyszczace-systemy-swiezego-mleka-12-pojemnikow-bravilor-bonamat-7-193-401-102\/"},"modified":"2025-07-25T12:46:12","modified_gmt":"2025-07-25T12:46:12","slug":"tabletki-czyszczace-systemy-swiezego-mleka-12-pojemnikow-bravilor-bonamat-7-193-401-102","status":"publish","type":"product","link":"https:\/\/www.multifrigo.pl\/sklep\/produkt\/tabletki-czyszczace-systemy-swiezego-mleka-12-pojemnikow-bravilor-bonamat-7-193-401-102\/","title":{"rendered":"Tabletki czyszcz\u0105ce systemy \u015bwie\u017cego mleka (12 pojemnik\u00f3w) | Bravilor Bonamat 7.193.401.102"},"content":{"rendered":"<p>Modu\u0142 FreshMilk nale\u017cy czy\u015bci\u0107 codziennie. Ekran dotykowy prowadzi nas krok po kroku przez ca\u0142y program czyszczenia. Wystarcz\u0105 tylko 2 tabletki. S\u0105 one dost\u0119pne w pojemniku (120 tabletek) lub w pude\u0142ku (12 pojemnik\u00f3w).<br \/>12 pojemnik\u00f3w po 120 tabletek czyszcz\u0105cych do modu\u0142u FreshMilk<\/p>\n","protected":false},"excerpt":{"rendered":"<p>Modu\u0142 FreshMilk nale\u017cy czy\u015bci\u0107 codziennie. Ekran dotykowy prowadzi nas krok po kroku przez ca\u0142y program czyszczenia. Wystarcz\u0105 tylko 2 tabletki. S\u0105 one dost\u0119pne w pojemniku (120 tabletek) lub w pude\u0142ku (12 pojemnik\u00f3w).12 pojemnik\u00f3w po 120 tabletek czyszcz\u0105cych do modu\u0142u FreshMilk<\/p>\n","protected":false},"featured_media":57871,"template":"","meta":{"_et_pb_use_builder":"","_et_pb_old_content":"","_et_gb_content_width":""},"pwb-brand":[4701],"product_brand":[],"product_cat":[391],"product_tag":[],"class_list":{"0":"post-57798","1":"product","2":"type-product","3":"status-publish","4":"has-post-thumbnail","6":"pwb-brand-bravilor-bonamat","7":"product_cat-do-ekspresow-do-kawy","9":"first","10":"instock","11":"taxable","12":"shipping-taxable","13":"purchasable","14":"product-type-simple"},"brands":[{"id":4701,"name":"Bravilor Bonamat","slug":"bravilor-bonamat"}],"_links":{"self":[{"href":"https:\/\/www.multifrigo.pl\/sklep\/wp-json\/wp\/v2\/product\/57798","targetHints":{"allow":["GET"]}}],"collection":[{"href":"https:\/\/www.multifrigo.pl\/sklep\/wp-json\/wp\/v2\/product"}],"about":[{"href":"https:\/\/www.multifrigo.pl\/sklep\/wp-json\/wp\/v2\/types\/product"}],"wp:featuredmedia":[{"embeddable":true,"href":"https:\/\/www.multifrigo.pl\/sklep\/wp-json\/wp\/v2\/media\/57871"}],"wp:attachment":[{"href":"https:\/\/www.multifrigo.pl\/sklep\/wp-json\/wp\/v2\/media?parent=57798"}],"wp:term":[{"taxonomy":"pwb-brand","embeddable":true,"href":"https:\/\/www.multifrigo.pl\/sklep\/wp-json\/wp\/v2\/pwb-brand?post=57798"},{"taxonomy":"product_brand","embeddable":true,"href":"https:\/\/www.multifrigo.pl\/sklep\/wp-json\/wp\/v2\/product_brand?post=57798"},{"taxonomy":"product_cat","embeddable":true,"href":"https:\/\/www.multifrigo.pl\/sklep\/wp-json\/wp\/v2\/product_cat?post=57798"},{"taxonomy":"product_tag","embeddable":true,"href":"https:\/\/www.multifrigo.pl\/sklep\/wp-json\/wp\/v2\/product_tag?post=57798"}],"curies":[{"name":"wp","href":"https:\/\/api.w.org\/{rel}","templated":true}]}}