{"id":57803,"date":"2024-09-23T11:37:52","date_gmt":"2024-09-23T11:37:52","guid":{"rendered":"https:\/\/www.multifrigo.pl\/sklep\/produkt\/termos-prozniowy-20-l-bravilor-bonamat-7-171-322-201\/"},"modified":"2025-07-25T12:46:17","modified_gmt":"2025-07-25T12:46:17","slug":"termos-prozniowy-20-l-bravilor-bonamat-7-171-322-201","status":"publish","type":"product","link":"https:\/\/www.multifrigo.pl\/sklep\/produkt\/termos-prozniowy-20-l-bravilor-bonamat-7-171-322-201\/","title":{"rendered":"Termos pr\u00f3\u017cniowy 2,0 l  | Bravilor Bonamat 7.171.322.201"},"content":{"rendered":"<ul>\n<li>Model dwu\u015bcienny, wykonany z nierdzewnej stali, izolowany, z zakr\u0119can\u0105 pokryw\u0105 i przyciskiem do nalewania.\n<li>Termos jest dost\u0119pny o pojemno\u015bci 0,9; 1; 1,2; 1,5; 2 litry (1 i 1,5 litrowe r\u00f3wnie\u017c w kolorze \u017c\u00f3\u0142tym). <\/ul>\n<p><\/p>\n","protected":false},"excerpt":{"rendered":"<p>Model dwu\u015bcienny, wykonany z nierdzewnej stali, izolowany, z zakr\u0119can\u0105 pokryw\u0105 i przyciskiem do nalewania. Termos jest dost\u0119pny o pojemno\u015bci 0,9; 1; 1,2; 1,5; 2 litry (1 i 1,5 litrowe r\u00f3wnie\u017c w kolorze \u017c\u00f3\u0142tym).<\/p>\n","protected":false},"featured_media":57876,"template":"","meta":{"_et_pb_use_builder":"","_et_pb_old_content":"","_et_gb_content_width":""},"pwb-brand":[4701],"product_brand":[],"product_cat":[233],"product_tag":[],"class_list":{"0":"post-57803","1":"product","2":"type-product","3":"status-publish","4":"has-post-thumbnail","6":"pwb-brand-bravilor-bonamat","7":"product_cat-termosy-z-pompka","9":"first","10":"instock","11":"taxable","12":"shipping-taxable","13":"purchasable","14":"product-type-simple"},"brands":[{"id":4701,"name":"Bravilor Bonamat","slug":"bravilor-bonamat"}],"_links":{"self":[{"href":"https:\/\/www.multifrigo.pl\/sklep\/wp-json\/wp\/v2\/product\/57803","targetHints":{"allow":["GET"]}}],"collection":[{"href":"https:\/\/www.multifrigo.pl\/sklep\/wp-json\/wp\/v2\/product"}],"about":[{"href":"https:\/\/www.multifrigo.pl\/sklep\/wp-json\/wp\/v2\/types\/product"}],"wp:featuredmedia":[{"embeddable":true,"href":"https:\/\/www.multifrigo.pl\/sklep\/wp-json\/wp\/v2\/media\/57876"}],"wp:attachment":[{"href":"https:\/\/www.multifrigo.pl\/sklep\/wp-json\/wp\/v2\/media?parent=57803"}],"wp:term":[{"taxonomy":"pwb-brand","embeddable":true,"href":"https:\/\/www.multifrigo.pl\/sklep\/wp-json\/wp\/v2\/pwb-brand?post=57803"},{"taxonomy":"product_brand","embeddable":true,"href":"https:\/\/www.multifrigo.pl\/sklep\/wp-json\/wp\/v2\/product_brand?post=57803"},{"taxonomy":"product_cat","embeddable":true,"href":"https:\/\/www.multifrigo.pl\/sklep\/wp-json\/wp\/v2\/product_cat?post=57803"},{"taxonomy":"product_tag","embeddable":true,"href":"https:\/\/www.multifrigo.pl\/sklep\/wp-json\/wp\/v2\/product_tag?post=57803"}],"curies":[{"name":"wp","href":"https:\/\/api.w.org\/{rel}","templated":true}]}}