{"id":57805,"date":"2024-09-23T11:38:00","date_gmt":"2024-09-23T11:38:00","guid":{"rendered":"https:\/\/www.multifrigo.pl\/sklep\/produkt\/termos-prozniowy-typu-brew-through-15-l-bravilor-bonamat-7-171-321-202\/"},"modified":"2025-07-25T12:46:20","modified_gmt":"2025-07-25T12:46:20","slug":"termos-prozniowy-typu-brew-through-15-l-bravilor-bonamat-7-171-321-202","status":"publish","type":"product","link":"https:\/\/www.multifrigo.pl\/sklep\/produkt\/termos-prozniowy-typu-brew-through-15-l-bravilor-bonamat-7-171-321-202\/","title":{"rendered":"Termos pr\u00f3\u017cniowy typu brew-through 1,5 l  | Bravilor Bonamat 7.171.321.202"},"content":{"rendered":"<ul>\n<li>Dwu\u015bcienny termos pr\u00f3\u017cniowy typu brew-through, co oznacza, \u017ce mo\u017cna go ustawi\u0107 bezpo\u015brednio pod ekspresem i zaparza\u0107 kaw\u0119 prosto do termosu.\n<li>W ten spos\u00f3b aromat b\u0119dzie zachowany.\n<li>Wykonany ze stali nierdzewnej. <\/ul>\n<p><\/p>\n","protected":false},"excerpt":{"rendered":"<p>Dwu\u015bcienny termos pr\u00f3\u017cniowy typu brew-through, co oznacza, \u017ce mo\u017cna go ustawi\u0107 bezpo\u015brednio pod ekspresem i zaparza\u0107 kaw\u0119 prosto do termosu. W ten spos\u00f3b aromat b\u0119dzie zachowany. Wykonany ze stali nierdzewnej.<\/p>\n","protected":false},"featured_media":57878,"template":"","meta":{"_et_pb_use_builder":"","_et_pb_old_content":"","_et_gb_content_width":""},"pwb-brand":[4701],"product_brand":[],"product_cat":[233],"product_tag":[],"class_list":{"0":"post-57805","1":"product","2":"type-product","3":"status-publish","4":"has-post-thumbnail","6":"pwb-brand-bravilor-bonamat","7":"product_cat-termosy-z-pompka","9":"first","10":"instock","11":"taxable","12":"shipping-taxable","13":"purchasable","14":"product-type-simple"},"brands":[{"id":4701,"name":"Bravilor Bonamat","slug":"bravilor-bonamat"}],"_links":{"self":[{"href":"https:\/\/www.multifrigo.pl\/sklep\/wp-json\/wp\/v2\/product\/57805","targetHints":{"allow":["GET"]}}],"collection":[{"href":"https:\/\/www.multifrigo.pl\/sklep\/wp-json\/wp\/v2\/product"}],"about":[{"href":"https:\/\/www.multifrigo.pl\/sklep\/wp-json\/wp\/v2\/types\/product"}],"wp:featuredmedia":[{"embeddable":true,"href":"https:\/\/www.multifrigo.pl\/sklep\/wp-json\/wp\/v2\/media\/57878"}],"wp:attachment":[{"href":"https:\/\/www.multifrigo.pl\/sklep\/wp-json\/wp\/v2\/media?parent=57805"}],"wp:term":[{"taxonomy":"pwb-brand","embeddable":true,"href":"https:\/\/www.multifrigo.pl\/sklep\/wp-json\/wp\/v2\/pwb-brand?post=57805"},{"taxonomy":"product_brand","embeddable":true,"href":"https:\/\/www.multifrigo.pl\/sklep\/wp-json\/wp\/v2\/product_brand?post=57805"},{"taxonomy":"product_cat","embeddable":true,"href":"https:\/\/www.multifrigo.pl\/sklep\/wp-json\/wp\/v2\/product_cat?post=57805"},{"taxonomy":"product_tag","embeddable":true,"href":"https:\/\/www.multifrigo.pl\/sklep\/wp-json\/wp\/v2\/product_tag?post=57805"}],"curies":[{"name":"wp","href":"https:\/\/api.w.org\/{rel}","templated":true}]}}