{"id":57958,"date":"2024-10-02T12:51:11","date_gmt":"2024-10-02T12:51:11","guid":{"rendered":"https:\/\/www.multifrigo.pl\/sklep\/produkt\/komplet-lyzeczek-do-herbaty-paros-6-szt-we-floku-6678-kulig\/"},"modified":"2025-06-02T13:56:33","modified_gmt":"2025-06-02T13:56:33","slug":"komplet-lyzeczek-do-herbaty-paros-6-szt-we-floku-6678-kulig","status":"publish","type":"product","link":"https:\/\/www.multifrigo.pl\/sklep\/produkt\/komplet-lyzeczek-do-herbaty-paros-6-szt-we-floku-6678-kulig\/","title":{"rendered":"Komplet \u0142y\u017ceczek do herbaty Paros 6 szt. we floku 6678 | Kulig"},"content":{"rendered":"<p><strong>Sztu\u0107ce Paros\u00a0<\/strong>wykonane s\u0105 z wysokogatunkowej stali 18\/0. S\u0105 dopuszczone do kontaktu z \u017cywno\u015bci\u0105 oraz przeznaczone do mycia w zmywarkach. Ich nowoczesno\u015b\u0107 i oryginalno\u015b\u0107 sprawia, \u017ce nadaj\u0105 si\u0119 na ka\u017cdy st\u00f3\u0142. Polecamy wszystkim, kt\u00f3rzy ceni\u0105 sobie wyrafinowan\u0105 stylistyk\u0119 w ka\u017cdym szczeg\u00f3le oraz tym, kt\u00f3rym zale\u017cy na jako\u015bci i d\u0142ugoletnim u\u017cytkowaniu.<\/p>\n<p><strong>W sk\u0142ad zestawu wchodzi:<\/strong>\u00a0<\/p>\n<ul>\n<li>6 \u0142y\u017ceczek do herbaty 143mm\/1,5mm\/18g*<\/li>\n<\/ul>\n<p>*d\u0142ugo\u015b\u0107\/grubo\u015b\u0107\/waga<\/p>\n<p>\u00a0<\/p>\n","protected":false},"excerpt":{"rendered":"<p>Sztu\u0107ce Paros\u00a0wykonane s\u0105 z wysokogatunkowej stali 18\/0. S\u0105 dopuszczone do kontaktu z \u017cywno\u015bci\u0105 oraz przeznaczone do mycia w zmywarkach. Ich nowoczesno\u015b\u0107 i oryginalno\u015b\u0107 sprawia, \u017ce nadaj\u0105 si\u0119 na ka\u017cdy st\u00f3\u0142. Polecamy wszystkim, kt\u00f3rzy ceni\u0105 sobie wyrafinowan\u0105 stylistyk\u0119 w ka\u017cdym szczeg\u00f3le oraz tym, kt\u00f3rym zale\u017cy na jako\u015bci i d\u0142ugoletnim u\u017cytkowaniu. W sk\u0142ad zestawu wchodzi:\u00a0 6 \u0142y\u017ceczek [&hellip;]<\/p>\n","protected":false},"featured_media":58632,"template":"","meta":{"_et_pb_use_builder":"","_et_pb_old_content":"","_et_gb_content_width":""},"pwb-brand":[4799],"product_brand":[],"product_cat":[4753],"product_tag":[],"class_list":{"0":"post-57958","1":"product","2":"type-product","3":"status-publish","4":"has-post-thumbnail","6":"pwb-brand-kulig","7":"product_cat-sztucce-kulig","9":"first","10":"instock","11":"taxable","12":"shipping-taxable","13":"purchasable","14":"product-type-simple"},"brands":[{"id":4799,"name":"Kulig","slug":"kulig"}],"_links":{"self":[{"href":"https:\/\/www.multifrigo.pl\/sklep\/wp-json\/wp\/v2\/product\/57958","targetHints":{"allow":["GET"]}}],"collection":[{"href":"https:\/\/www.multifrigo.pl\/sklep\/wp-json\/wp\/v2\/product"}],"about":[{"href":"https:\/\/www.multifrigo.pl\/sklep\/wp-json\/wp\/v2\/types\/product"}],"wp:featuredmedia":[{"embeddable":true,"href":"https:\/\/www.multifrigo.pl\/sklep\/wp-json\/wp\/v2\/media\/58632"}],"wp:attachment":[{"href":"https:\/\/www.multifrigo.pl\/sklep\/wp-json\/wp\/v2\/media?parent=57958"}],"wp:term":[{"taxonomy":"pwb-brand","embeddable":true,"href":"https:\/\/www.multifrigo.pl\/sklep\/wp-json\/wp\/v2\/pwb-brand?post=57958"},{"taxonomy":"product_brand","embeddable":true,"href":"https:\/\/www.multifrigo.pl\/sklep\/wp-json\/wp\/v2\/product_brand?post=57958"},{"taxonomy":"product_cat","embeddable":true,"href":"https:\/\/www.multifrigo.pl\/sklep\/wp-json\/wp\/v2\/product_cat?post=57958"},{"taxonomy":"product_tag","embeddable":true,"href":"https:\/\/www.multifrigo.pl\/sklep\/wp-json\/wp\/v2\/product_tag?post=57958"}],"curies":[{"name":"wp","href":"https:\/\/api.w.org\/{rel}","templated":true}]}}