{"id":57993,"date":"2024-10-02T12:53:57","date_gmt":"2024-10-02T12:53:57","guid":{"rendered":"https:\/\/www.multifrigo.pl\/sklep\/produkt\/komplet-sztuccow-tala-24-sztuki-w-pudelku-6810-kulig\/"},"modified":"2025-06-02T13:56:55","modified_gmt":"2025-06-02T13:56:55","slug":"komplet-sztuccow-tala-24-sztuki-w-pudelku-6810-kulig","status":"publish","type":"product","link":"https:\/\/www.multifrigo.pl\/sklep\/produkt\/komplet-sztuccow-tala-24-sztuki-w-pudelku-6810-kulig\/","title":{"rendered":"Komplet sztu\u0107c\u00f3w Tala 24 sztuki w pude\u0142ku 6810 | Kulig"},"content":{"rendered":"<p><strong>Zestaw sztu\u0107c\u00f3w zwieraj\u0105cy 24 elementy firmy Kulig<\/strong><\/p>\n<p><strong>Sztu\u0107ce Tala<\/strong> wykonane s\u0105 z <strong>wysokogatunkowej<\/strong> stali 18\/0. S\u0105 dopuszczone do kontaktu z \u017cywno\u015bci\u0105 oraz przeznaczone do mycia w zmywarkach. Ich nowoczesno\u015b\u0107 i oryginalno\u015b\u0107 sprawia, \u017ce nadaj\u0105 si\u0119 na ka\u017cdy st\u00f3\u0142. Polecamy wszystkim, kt\u00f3rzy ceni\u0105 sobie wyrafinowan\u0105 stylistyk\u0119 w ka\u017cdym szczeg\u00f3le oraz tym, kt\u00f3rym zale\u017cy na <strong>jako\u015bci<\/strong> i <strong>d\u0142ugoletnim <\/strong>u\u017cytkowaniu.<\/p>\n<p>W sk\u0142ad zestawu wchodzi:<\/p>\n<ul>\n<li><strong>6 \u0142y\u017ceczek do herbaty <\/strong>(d\u0142ugo\u015b\u0107\u00a014,4 cm)<\/li>\n<li><strong>6 no\u017cy obiadowych\u00a0<\/strong>(d\u0142ugo\u015b\u0107 21,3\u00a0cm)<\/li>\n<li><strong>6 \u0142y\u017cek obiadowych <\/strong>(d\u0142ugo\u015b\u0107 19,7\u00a0cm)<\/li>\n<li><strong>6 widelc\u00f3w obiadowych\u00a0<\/strong>(d\u0142ugo\u015b\u0107\u00a019,7\u00a0cm)<\/li>\n<\/ul>\n<p>Wszystkie elementy zestawu wykonane s\u0105 z najwy\u017cszej jako\u015bci materia\u0142\u00f3w, dzi\u0119ki temu nie tylko \u015bwietnie wygl\u0105daj\u0105 na stole, ale charakteryzuj\u0105 si\u0119 przede wszystkim wysok\u0105 u\u017cyteczno\u015bci\u0105 i funkcjonalno\u015bci\u0105.<\/p>\n<p>Ten zestaw zapewnia zastaw\u0119 sto\u0142ow\u0105 dla sze\u015bciu os\u00f3b. Polecamy go r\u00f3wnie\u017c jako prezent.\u00a0<\/p>\n<p>Sztu\u0107e z kolekcji <strong>Tala<\/strong> zachwycaj\u0105 swoim wykonaniem oraz wygl\u0105dem, b\u0119d\u0105 doskona\u0142ym uzupe\u0142nieniem ka\u017cdej kuchni.\u00a0<\/p>\n","protected":false},"excerpt":{"rendered":"<p>Zestaw sztu\u0107c\u00f3w zwieraj\u0105cy 24 elementy firmy Kulig Sztu\u0107ce Tala wykonane s\u0105 z wysokogatunkowej stali 18\/0. S\u0105 dopuszczone do kontaktu z \u017cywno\u015bci\u0105 oraz przeznaczone do mycia w zmywarkach. Ich nowoczesno\u015b\u0107 i oryginalno\u015b\u0107 sprawia, \u017ce nadaj\u0105 si\u0119 na ka\u017cdy st\u00f3\u0142. Polecamy wszystkim, kt\u00f3rzy ceni\u0105 sobie wyrafinowan\u0105 stylistyk\u0119 w ka\u017cdym szczeg\u00f3le oraz tym, kt\u00f3rym zale\u017cy na jako\u015bci i [&hellip;]<\/p>\n","protected":false},"featured_media":58750,"template":"","meta":{"_et_pb_use_builder":"","_et_pb_old_content":"","_et_gb_content_width":""},"pwb-brand":[4799],"product_brand":[],"product_cat":[4753],"product_tag":[],"class_list":{"0":"post-57993","1":"product","2":"type-product","3":"status-publish","4":"has-post-thumbnail","6":"pwb-brand-kulig","7":"product_cat-sztucce-kulig","9":"first","10":"instock","11":"taxable","12":"shipping-taxable","13":"purchasable","14":"product-type-simple"},"brands":[{"id":4799,"name":"Kulig","slug":"kulig"}],"_links":{"self":[{"href":"https:\/\/www.multifrigo.pl\/sklep\/wp-json\/wp\/v2\/product\/57993","targetHints":{"allow":["GET"]}}],"collection":[{"href":"https:\/\/www.multifrigo.pl\/sklep\/wp-json\/wp\/v2\/product"}],"about":[{"href":"https:\/\/www.multifrigo.pl\/sklep\/wp-json\/wp\/v2\/types\/product"}],"wp:featuredmedia":[{"embeddable":true,"href":"https:\/\/www.multifrigo.pl\/sklep\/wp-json\/wp\/v2\/media\/58750"}],"wp:attachment":[{"href":"https:\/\/www.multifrigo.pl\/sklep\/wp-json\/wp\/v2\/media?parent=57993"}],"wp:term":[{"taxonomy":"pwb-brand","embeddable":true,"href":"https:\/\/www.multifrigo.pl\/sklep\/wp-json\/wp\/v2\/pwb-brand?post=57993"},{"taxonomy":"product_brand","embeddable":true,"href":"https:\/\/www.multifrigo.pl\/sklep\/wp-json\/wp\/v2\/product_brand?post=57993"},{"taxonomy":"product_cat","embeddable":true,"href":"https:\/\/www.multifrigo.pl\/sklep\/wp-json\/wp\/v2\/product_cat?post=57993"},{"taxonomy":"product_tag","embeddable":true,"href":"https:\/\/www.multifrigo.pl\/sklep\/wp-json\/wp\/v2\/product_tag?post=57993"}],"curies":[{"name":"wp","href":"https:\/\/api.w.org\/{rel}","templated":true}]}}