{"id":58007,"date":"2024-10-02T12:55:03","date_gmt":"2024-10-02T12:55:03","guid":{"rendered":"https:\/\/www.multifrigo.pl\/sklep\/produkt\/lyzeczka-koktajlowa-capri-8425-kulig\/"},"modified":"2025-06-02T13:57:03","modified_gmt":"2025-06-02T13:57:03","slug":"lyzeczka-koktajlowa-capri-8425-kulig","status":"publish","type":"product","link":"https:\/\/www.multifrigo.pl\/sklep\/produkt\/lyzeczka-koktajlowa-capri-8425-kulig\/","title":{"rendered":"\u0141y\u017ceczka koktajlowa Capri 8425 | Kulig"},"content":{"rendered":"<p>\u0141y\u017ceczka coctailowa <strong>Capri<\/strong>\u00a0marki<strong> Kulig.<\/strong><\/p>\n<p>\u0141y\u017ceczka wykonana jest z wypolerowanej,\u00a0wysokogatunkowej stali 18\/10, posiada smuk\u0142\u0105, ergonomiczn\u0105 r\u0119koje\u015b\u0107 o\u00a0odpowiedniej d\u0142ugo\u015bci, umo\u017cliwiaj\u0105cej\u00a0\u0142atwe si\u0119ganie do g\u0142\u0119bszych i w\u0119\u017cszych naczy\u0144, jak wysokie szklanki na koktajle, kaw\u0119 latte,\u00a0czy smuk\u0142e pucharki do warstwowych deser\u00f3w.<\/p>\n<p><strong>Sztu\u0107ce Capri<\/strong>\u00a0posiadaj\u0105 certyfikat\u00a0\u00a0dopuszczaj\u0105cy do kontaktu z \u017cywno\u015bci\u0105, s\u0105 \u0142atwe w czyszczeniu oraz nadaj\u0105 si\u0119 do mycia w zmywarce. Trwa\u0142o\u015b\u0107 materia\u0142u, z kt\u00f3rego zosta\u0142y wykonane gwarantuje d\u0142ugoletnie u\u017cytkowanie.<\/p>\n<p>Nowoczesny design w po\u0142\u0105czeniu z wysok\u0105 jako\u015bci\u0105 wykonania, to zalety tego produktu, doskonale sprawdz\u0105 si\u0119 w restauracjach jak i w codziennym, domowym u\u017cytkowaniu.<\/p>\n<p>Parametry \u0142y\u017ceczki;<\/p>\n<p>200mm\/2,0mm\/0,33g<\/p>\n","protected":false},"excerpt":{"rendered":"<p>\u0141y\u017ceczka coctailowa Capri\u00a0marki Kulig. \u0141y\u017ceczka wykonana jest z wypolerowanej,\u00a0wysokogatunkowej stali 18\/10, posiada smuk\u0142\u0105, ergonomiczn\u0105 r\u0119koje\u015b\u0107 o\u00a0odpowiedniej d\u0142ugo\u015bci, umo\u017cliwiaj\u0105cej\u00a0\u0142atwe si\u0119ganie do g\u0142\u0119bszych i w\u0119\u017cszych naczy\u0144, jak wysokie szklanki na koktajle, kaw\u0119 latte,\u00a0czy smuk\u0142e pucharki do warstwowych deser\u00f3w. Sztu\u0107ce Capri\u00a0posiadaj\u0105 certyfikat\u00a0\u00a0dopuszczaj\u0105cy do kontaktu z \u017cywno\u015bci\u0105, s\u0105 \u0142atwe w czyszczeniu oraz nadaj\u0105 si\u0119 do mycia w zmywarce. Trwa\u0142o\u015b\u0107 [&hellip;]<\/p>\n","protected":false},"featured_media":58793,"template":"","meta":{"_et_pb_use_builder":"","_et_pb_old_content":"","_et_gb_content_width":""},"pwb-brand":[4799],"product_brand":[],"product_cat":[4753],"product_tag":[],"class_list":{"0":"post-58007","1":"product","2":"type-product","3":"status-publish","4":"has-post-thumbnail","6":"pwb-brand-kulig","7":"product_cat-sztucce-kulig","9":"first","10":"instock","11":"taxable","12":"shipping-taxable","13":"purchasable","14":"product-type-simple"},"brands":[{"id":4799,"name":"Kulig","slug":"kulig"}],"_links":{"self":[{"href":"https:\/\/www.multifrigo.pl\/sklep\/wp-json\/wp\/v2\/product\/58007","targetHints":{"allow":["GET"]}}],"collection":[{"href":"https:\/\/www.multifrigo.pl\/sklep\/wp-json\/wp\/v2\/product"}],"about":[{"href":"https:\/\/www.multifrigo.pl\/sklep\/wp-json\/wp\/v2\/types\/product"}],"wp:featuredmedia":[{"embeddable":true,"href":"https:\/\/www.multifrigo.pl\/sklep\/wp-json\/wp\/v2\/media\/58793"}],"wp:attachment":[{"href":"https:\/\/www.multifrigo.pl\/sklep\/wp-json\/wp\/v2\/media?parent=58007"}],"wp:term":[{"taxonomy":"pwb-brand","embeddable":true,"href":"https:\/\/www.multifrigo.pl\/sklep\/wp-json\/wp\/v2\/pwb-brand?post=58007"},{"taxonomy":"product_brand","embeddable":true,"href":"https:\/\/www.multifrigo.pl\/sklep\/wp-json\/wp\/v2\/product_brand?post=58007"},{"taxonomy":"product_cat","embeddable":true,"href":"https:\/\/www.multifrigo.pl\/sklep\/wp-json\/wp\/v2\/product_cat?post=58007"},{"taxonomy":"product_tag","embeddable":true,"href":"https:\/\/www.multifrigo.pl\/sklep\/wp-json\/wp\/v2\/product_tag?post=58007"}],"curies":[{"name":"wp","href":"https:\/\/api.w.org\/{rel}","templated":true}]}}