{"id":58121,"date":"2024-10-02T13:03:47","date_gmt":"2024-10-02T13:03:47","guid":{"rendered":"https:\/\/www.multifrigo.pl\/sklep\/produkt\/noz-tala-6674-kulig\/"},"modified":"2025-06-02T13:58:13","modified_gmt":"2025-06-02T13:58:13","slug":"noz-tala-6674-kulig","status":"publish","type":"product","link":"https:\/\/www.multifrigo.pl\/sklep\/produkt\/noz-tala-6674-kulig\/","title":{"rendered":"N\u00f3\u017c Tala 6674 | Kulig"},"content":{"rendered":"<p>N\u00f3\u017c obiadowy z serii Tala.<\/p>\n<p>Sztu\u0107ce Tala wykonane s\u0105 z wysokogatunkowej stali 18\/0. S\u0105 dopuszczone do kontaktu z \u017cywno\u015bci\u0105 oraz przeznaczone do mycia w zmywarkach. Ich nowoczesno\u015b\u0107 i oryginalno\u015b\u0107 sprawia, \u017ce nadaj\u0105 si\u0119 na ka\u017cdy st\u00f3\u0142. Polecamy wszystkim, kt\u00f3rzy ceni\u0105 sobie wyrafinowan\u0105 stylistyk\u0119 w ka\u017cdym szczeg\u00f3le oraz tym, kt\u00f3rym zale\u017cy na jako\u015bci i d\u0142ugoletnim u\u017cytkowaniu.\u00a0<\/p>\n","protected":false},"excerpt":{"rendered":"<p>N\u00f3\u017c obiadowy z serii Tala. Sztu\u0107ce Tala wykonane s\u0105 z wysokogatunkowej stali 18\/0. S\u0105 dopuszczone do kontaktu z \u017cywno\u015bci\u0105 oraz przeznaczone do mycia w zmywarkach. Ich nowoczesno\u015b\u0107 i oryginalno\u015b\u0107 sprawia, \u017ce nadaj\u0105 si\u0119 na ka\u017cdy st\u00f3\u0142. Polecamy wszystkim, kt\u00f3rzy ceni\u0105 sobie wyrafinowan\u0105 stylistyk\u0119 w ka\u017cdym szczeg\u00f3le oraz tym, kt\u00f3rym zale\u017cy na jako\u015bci i d\u0142ugoletnim u\u017cytkowaniu.\u00a0<\/p>\n","protected":false},"featured_media":59140,"template":"","meta":{"_et_pb_use_builder":"","_et_pb_old_content":"","_et_gb_content_width":""},"pwb-brand":[4799],"product_brand":[],"product_cat":[4753],"product_tag":[],"class_list":{"0":"post-58121","1":"product","2":"type-product","3":"status-publish","4":"has-post-thumbnail","6":"pwb-brand-kulig","7":"product_cat-sztucce-kulig","9":"first","10":"instock","11":"taxable","12":"shipping-taxable","13":"purchasable","14":"product-type-simple"},"brands":[{"id":4799,"name":"Kulig","slug":"kulig"}],"_links":{"self":[{"href":"https:\/\/www.multifrigo.pl\/sklep\/wp-json\/wp\/v2\/product\/58121","targetHints":{"allow":["GET"]}}],"collection":[{"href":"https:\/\/www.multifrigo.pl\/sklep\/wp-json\/wp\/v2\/product"}],"about":[{"href":"https:\/\/www.multifrigo.pl\/sklep\/wp-json\/wp\/v2\/types\/product"}],"wp:featuredmedia":[{"embeddable":true,"href":"https:\/\/www.multifrigo.pl\/sklep\/wp-json\/wp\/v2\/media\/59140"}],"wp:attachment":[{"href":"https:\/\/www.multifrigo.pl\/sklep\/wp-json\/wp\/v2\/media?parent=58121"}],"wp:term":[{"taxonomy":"pwb-brand","embeddable":true,"href":"https:\/\/www.multifrigo.pl\/sklep\/wp-json\/wp\/v2\/pwb-brand?post=58121"},{"taxonomy":"product_brand","embeddable":true,"href":"https:\/\/www.multifrigo.pl\/sklep\/wp-json\/wp\/v2\/product_brand?post=58121"},{"taxonomy":"product_cat","embeddable":true,"href":"https:\/\/www.multifrigo.pl\/sklep\/wp-json\/wp\/v2\/product_cat?post=58121"},{"taxonomy":"product_tag","embeddable":true,"href":"https:\/\/www.multifrigo.pl\/sklep\/wp-json\/wp\/v2\/product_tag?post=58121"}],"curies":[{"name":"wp","href":"https:\/\/api.w.org\/{rel}","templated":true}]}}