{"id":58177,"date":"2024-10-02T13:08:09","date_gmt":"2024-10-02T13:08:09","guid":{"rendered":"https:\/\/www.multifrigo.pl\/sklep\/produkt\/widelec-tala-3-sztuki-zawieszka-6766-kulig\/"},"modified":"2025-06-02T13:58:46","modified_gmt":"2025-06-02T13:58:46","slug":"widelec-tala-3-sztuki-zawieszka-6766-kulig","status":"publish","type":"product","link":"https:\/\/www.multifrigo.pl\/sklep\/produkt\/widelec-tala-3-sztuki-zawieszka-6766-kulig\/","title":{"rendered":"Widelec Tala 3 sztuki zawieszka 6766 | Kulig"},"content":{"rendered":"<p>Zestaw trzech widelc\u00f3w\u00a0na zawieszce z serii Tala, wykonany jest ze stali nierdzewnej 18\/0.\u00a0<\/p>\n<p>Prosty, klasyczny kszta\u0142t sprawia, i\u017c sztu\u0107ce Tala nadaj\u0105 si\u0119 na ka\u017cdy st\u00f3\u0142, zar\u00f3wno do u\u017cytku domowego, jak r\u00f3wnie\u017c do restauracji.\u00a0<\/p>\n<p>Mo\u017cna my\u0107 w zmywarce.\u00a0<\/p>\n","protected":false},"excerpt":{"rendered":"<p>Zestaw trzech widelc\u00f3w\u00a0na zawieszce z serii Tala, wykonany jest ze stali nierdzewnej 18\/0.\u00a0 Prosty, klasyczny kszta\u0142t sprawia, i\u017c sztu\u0107ce Tala nadaj\u0105 si\u0119 na ka\u017cdy st\u00f3\u0142, zar\u00f3wno do u\u017cytku domowego, jak r\u00f3wnie\u017c do restauracji.\u00a0 Mo\u017cna my\u0107 w zmywarce.\u00a0<\/p>\n","protected":false},"featured_media":59335,"template":"","meta":{"_et_pb_use_builder":"","_et_pb_old_content":"","_et_gb_content_width":""},"pwb-brand":[4799],"product_brand":[],"product_cat":[4753],"product_tag":[],"class_list":{"0":"post-58177","1":"product","2":"type-product","3":"status-publish","4":"has-post-thumbnail","6":"pwb-brand-kulig","7":"product_cat-sztucce-kulig","9":"first","10":"instock","11":"taxable","12":"shipping-taxable","13":"purchasable","14":"product-type-simple"},"brands":[{"id":4799,"name":"Kulig","slug":"kulig"}],"_links":{"self":[{"href":"https:\/\/www.multifrigo.pl\/sklep\/wp-json\/wp\/v2\/product\/58177","targetHints":{"allow":["GET"]}}],"collection":[{"href":"https:\/\/www.multifrigo.pl\/sklep\/wp-json\/wp\/v2\/product"}],"about":[{"href":"https:\/\/www.multifrigo.pl\/sklep\/wp-json\/wp\/v2\/types\/product"}],"wp:featuredmedia":[{"embeddable":true,"href":"https:\/\/www.multifrigo.pl\/sklep\/wp-json\/wp\/v2\/media\/59335"}],"wp:attachment":[{"href":"https:\/\/www.multifrigo.pl\/sklep\/wp-json\/wp\/v2\/media?parent=58177"}],"wp:term":[{"taxonomy":"pwb-brand","embeddable":true,"href":"https:\/\/www.multifrigo.pl\/sklep\/wp-json\/wp\/v2\/pwb-brand?post=58177"},{"taxonomy":"product_brand","embeddable":true,"href":"https:\/\/www.multifrigo.pl\/sklep\/wp-json\/wp\/v2\/product_brand?post=58177"},{"taxonomy":"product_cat","embeddable":true,"href":"https:\/\/www.multifrigo.pl\/sklep\/wp-json\/wp\/v2\/product_cat?post=58177"},{"taxonomy":"product_tag","embeddable":true,"href":"https:\/\/www.multifrigo.pl\/sklep\/wp-json\/wp\/v2\/product_tag?post=58177"}],"curies":[{"name":"wp","href":"https:\/\/api.w.org\/{rel}","templated":true}]}}