{"id":60492,"date":"2024-11-04T11:26:42","date_gmt":"2024-11-04T11:26:42","guid":{"rendered":"https:\/\/www.multifrigo.pl\/sklep\/produkt\/stol-do-zmywarek-kapturowych-fagor-whtc-120\/"},"modified":"2024-11-04T15:00:05","modified_gmt":"2024-11-04T15:00:05","slug":"stol-do-zmywarek-kapturowych-fagor-whtc-120","status":"publish","type":"product","link":"https:\/\/www.multifrigo.pl\/sklep\/produkt\/stol-do-zmywarek-kapturowych-fagor-whtc-120\/","title":{"rendered":"St\u00f3\u0142 do zmywarek kapturowych | Fagor WHTC-120"},"content":{"rendered":"<p>St\u00f3\u0142 wy\u0142adowczy, bez rantu. Konstrukcja: stal nierdzewna 304 AISI (18\/10), Kwadratowe nogi o wymiarach 40&#215;40 mm ze stali nierdzewnej AISI 304, z regulacj\u0105 wysoko\u015bci.<\/p>\n","protected":false},"excerpt":{"rendered":"<p>St\u00f3\u0142 wy\u0142adowczy, bez rantu. Konstrukcja: stal nierdzewna 304 AISI (18\/10), Kwadratowe nogi o wymiarach 40&#215;40 mm ze stali nierdzewnej AISI 304, z regulacj\u0105 wysoko\u015bci.<\/p>\n","protected":false},"featured_media":60588,"template":"","meta":{"_et_pb_use_builder":"","_et_pb_old_content":"","_et_gb_content_width":""},"pwb-brand":[1343],"product_brand":[],"product_cat":[143],"product_tag":[],"class_list":{"0":"post-60492","1":"product","2":"type-product","3":"status-publish","4":"has-post-thumbnail","6":"pwb-brand-fagor","7":"product_cat-stoly-wyladowcze","9":"first","10":"instock","11":"taxable","12":"shipping-taxable","13":"purchasable","14":"product-type-simple"},"brands":[{"id":1343,"name":"Fagor","slug":"fagor"}],"_links":{"self":[{"href":"https:\/\/www.multifrigo.pl\/sklep\/wp-json\/wp\/v2\/product\/60492","targetHints":{"allow":["GET"]}}],"collection":[{"href":"https:\/\/www.multifrigo.pl\/sklep\/wp-json\/wp\/v2\/product"}],"about":[{"href":"https:\/\/www.multifrigo.pl\/sklep\/wp-json\/wp\/v2\/types\/product"}],"wp:featuredmedia":[{"embeddable":true,"href":"https:\/\/www.multifrigo.pl\/sklep\/wp-json\/wp\/v2\/media\/60588"}],"wp:attachment":[{"href":"https:\/\/www.multifrigo.pl\/sklep\/wp-json\/wp\/v2\/media?parent=60492"}],"wp:term":[{"taxonomy":"pwb-brand","embeddable":true,"href":"https:\/\/www.multifrigo.pl\/sklep\/wp-json\/wp\/v2\/pwb-brand?post=60492"},{"taxonomy":"product_brand","embeddable":true,"href":"https:\/\/www.multifrigo.pl\/sklep\/wp-json\/wp\/v2\/product_brand?post=60492"},{"taxonomy":"product_cat","embeddable":true,"href":"https:\/\/www.multifrigo.pl\/sklep\/wp-json\/wp\/v2\/product_cat?post=60492"},{"taxonomy":"product_tag","embeddable":true,"href":"https:\/\/www.multifrigo.pl\/sklep\/wp-json\/wp\/v2\/product_tag?post=60492"}],"curies":[{"name":"wp","href":"https:\/\/api.w.org\/{rel}","templated":true}]}}