{"id":60606,"date":"2024-11-05T07:57:13","date_gmt":"2024-11-05T07:57:13","guid":{"rendered":"https:\/\/www.multifrigo.pl\/sklep\/produkt\/kuchnia-gazowa-4-palnikowa-z-plyta-grzewcza-i-piekarnikiem-gazowym-fagor-c-g751\/"},"modified":"2025-08-04T11:14:23","modified_gmt":"2025-08-04T11:14:23","slug":"kuchnia-gazowa-4-palnikowa-z-plyta-grzewcza-i-piekarnikiem-gazowym-fagor-c-g751","status":"publish","type":"product","link":"https:\/\/www.multifrigo.pl\/sklep\/produkt\/kuchnia-gazowa-4-palnikowa-z-plyta-grzewcza-i-piekarnikiem-gazowym-fagor-c-g751\/","title":{"rendered":"Kuchnia gazowa 4-palnikowa z p\u0142yt\u0105 grzewcz\u0105 i piekarnikiem gazowym | Fagor C-G751"},"content":{"rendered":"<p>G\u0142\u0119boko t\u0142oczone blaty wykonane ze stali nierdzewnej AISI-304 o grubo\u015bci 1,5 mm. Podw\u00f3jne ruszty o wymiarach 397 x 580 mm (397 x 290 mm na ka\u017cdy palnik), umo\u017cliwiaj\u0105ce stosowanie du\u017cych garnk\u00f3w i patelni. Zmniejszona odleg\u0142o\u015b\u0107 75 mm mi\u0119dzy \u015brodkowymi pr\u0119tami umo\u017cliwia stosowanie garnk\u00f3w o bardzo ma\u0142ej \u015brednicy (8 cm), unikaj\u0105c ryzyka przewr\u00f3cenia si\u0119 mniejszych naczy\u0144. Palniki wykonane s\u0105 z \u017celiwa emaliowanego RAAF (odporne na produkty alkaliczne i kwasowe, ogie\u0144 i wysokie temperatury). Palniki i dyfuzory z podw\u00f3jn\u0105 koron\u0105 wykonane z niklowanego \u017celiwa, kt\u00f3re gwarantuj\u0105 r\u00f3wnomierne rozprowadzenie ciep\u0142a z p\u0142omienia do podstawy naczy\u0144, nawet w przypadku du\u017cych naczy\u0144.  Elastyczne rury gazowe ze stali nierdzewnej, u\u0142atwiaj\u0105ce wewn\u0119trzne manipulacje w celu u\u0142atwienia napraw. Dost\u0119p do komponent\u00f3w serwisowych od przodu. Cztery palniki i \u017celiwna p\u0142yta o grubo\u015bci 10 mm na blacie, o r\u00f3\u017cnych mocach, umo\u017cliwiaj\u0105cych stosowanie r\u00f3\u017cnych garnk\u00f3w i patelni oraz r\u00f3\u017cnych potraw: 2 x 5,25 kW (\u00d8 100 mm) + 2 x 8 kW (\u00d8 120 mm). Palnik 5,25 kW pod blatem do sma\u017cenia.                                                                       PIEKARNIK GAZOWY Z WYMIARAMI GN-2\/1. Komora piekarnika wykonana w ca\u0142o\u015bci ze stali nierdzewnej, Moc grzewcza 8,60 kW. Zaw\u00f3r termostatyczny do kontroli temperatury (125 &#8211; 310 \u00b0 C).<\/p>\n","protected":false},"excerpt":{"rendered":"<p>G\u0142\u0119boko t\u0142oczone blaty wykonane ze stali nierdzewnej AISI-304 o grubo\u015bci 1,5 mm. Podw\u00f3jne ruszty o wymiarach 397 x 580 mm (397 x 290 mm na ka\u017cdy palnik), umo\u017cliwiaj\u0105ce stosowanie du\u017cych garnk\u00f3w i patelni. Zmniejszona odleg\u0142o\u015b\u0107 75 mm mi\u0119dzy \u015brodkowymi pr\u0119tami umo\u017cliwia stosowanie garnk\u00f3w o bardzo ma\u0142ej \u015brednicy (8 cm), unikaj\u0105c ryzyka przewr\u00f3cenia si\u0119 mniejszych naczy\u0144. [&hellip;]<\/p>\n","protected":false},"featured_media":60704,"template":"","meta":{"_et_pb_use_builder":"","_et_pb_old_content":"","_et_gb_content_width":""},"pwb-brand":[1343],"product_brand":[],"product_cat":[588],"product_tag":[],"class_list":{"0":"post-60606","1":"product","2":"type-product","3":"status-publish","4":"has-post-thumbnail","6":"pwb-brand-fagor","7":"product_cat-4-palnikowe","9":"first","10":"instock","11":"taxable","12":"shipping-taxable","13":"purchasable","14":"product-type-simple"},"brands":[{"id":1343,"name":"Fagor","slug":"fagor"}],"_links":{"self":[{"href":"https:\/\/www.multifrigo.pl\/sklep\/wp-json\/wp\/v2\/product\/60606","targetHints":{"allow":["GET"]}}],"collection":[{"href":"https:\/\/www.multifrigo.pl\/sklep\/wp-json\/wp\/v2\/product"}],"about":[{"href":"https:\/\/www.multifrigo.pl\/sklep\/wp-json\/wp\/v2\/types\/product"}],"wp:featuredmedia":[{"embeddable":true,"href":"https:\/\/www.multifrigo.pl\/sklep\/wp-json\/wp\/v2\/media\/60704"}],"wp:attachment":[{"href":"https:\/\/www.multifrigo.pl\/sklep\/wp-json\/wp\/v2\/media?parent=60606"}],"wp:term":[{"taxonomy":"pwb-brand","embeddable":true,"href":"https:\/\/www.multifrigo.pl\/sklep\/wp-json\/wp\/v2\/pwb-brand?post=60606"},{"taxonomy":"product_brand","embeddable":true,"href":"https:\/\/www.multifrigo.pl\/sklep\/wp-json\/wp\/v2\/product_brand?post=60606"},{"taxonomy":"product_cat","embeddable":true,"href":"https:\/\/www.multifrigo.pl\/sklep\/wp-json\/wp\/v2\/product_cat?post=60606"},{"taxonomy":"product_tag","embeddable":true,"href":"https:\/\/www.multifrigo.pl\/sklep\/wp-json\/wp\/v2\/product_tag?post=60606"}],"curies":[{"name":"wp","href":"https:\/\/api.w.org\/{rel}","templated":true}]}}