{"id":60607,"date":"2024-11-05T07:57:19","date_gmt":"2024-11-05T07:57:19","guid":{"rendered":"https:\/\/www.multifrigo.pl\/sklep\/produkt\/kuchnia-gazowa-z-plyta-grzewcza-nastawna-fagor-c-g710\/"},"modified":"2025-08-04T11:14:28","modified_gmt":"2025-08-04T11:14:28","slug":"kuchnia-gazowa-z-plyta-grzewcza-nastawna-fagor-c-g710","status":"publish","type":"product","link":"https:\/\/www.multifrigo.pl\/sklep\/produkt\/kuchnia-gazowa-z-plyta-grzewcza-nastawna-fagor-c-g710\/","title":{"rendered":"Kuchnia gazowa z p\u0142yt\u0105 grzewcz\u0105 nastawna | Fagor C-G710"},"content":{"rendered":"<p>G\u0142\u0119boko t\u0142oczone blaty wykonane ze stali nierdzewnej AISI-304 o grubo\u015bci 1,5 mm. \u017beliwna p\u0142yta o grubo\u015bci 10 mm z zaokr\u0105glonymi naro\u017cnikami. Wymiary p\u0142yty do sma\u017cenia: 800 x 580 mm. Tarcza o \u015brednicy 300 mm. Ogniotrwa\u0142a p\u0142yta grzewcza wewn\u0105trz dla lepszego wykorzystania ciep\u0142a i dystrybucji.  Zr\u00f3\u017cnicowane temperatury u\u017cytkowania: 500 \u00b0 C w \u015brodku i 200 \u00b0 C na kraw\u0119dziach. Dwukoronowy palnik i dyfuzor wykonany z \u017celiwa, co gwarantuje r\u00f3wnomierne rozprowadzenie ciep\u0142a z p\u0142omienia. Moc palnika: 8,4 kW.  Elastyczne rury gazowe ze stali nierdzewnej, u\u0142atwiaj\u0105ce wewn\u0119trzne manipulacje w celu u\u0142atwienia napraw. Dost\u0119p do komponent\u00f3w serwisowych od przodu.<\/p>\n","protected":false},"excerpt":{"rendered":"<p>G\u0142\u0119boko t\u0142oczone blaty wykonane ze stali nierdzewnej AISI-304 o grubo\u015bci 1,5 mm. \u017beliwna p\u0142yta o grubo\u015bci 10 mm z zaokr\u0105glonymi naro\u017cnikami. Wymiary p\u0142yty do sma\u017cenia: 800 x 580 mm. Tarcza o \u015brednicy 300 mm. Ogniotrwa\u0142a p\u0142yta grzewcza wewn\u0105trz dla lepszego wykorzystania ciep\u0142a i dystrybucji. Zr\u00f3\u017cnicowane temperatury u\u017cytkowania: 500 \u00b0 C w \u015brodku i 200 \u00b0 [&hellip;]<\/p>\n","protected":false},"featured_media":60705,"template":"","meta":{"_et_pb_use_builder":"","_et_pb_old_content":"","_et_gb_content_width":""},"pwb-brand":[1343],"product_brand":[],"product_cat":[588],"product_tag":[],"class_list":{"0":"post-60607","1":"product","2":"type-product","3":"status-publish","4":"has-post-thumbnail","6":"pwb-brand-fagor","7":"product_cat-4-palnikowe","9":"first","10":"instock","11":"taxable","12":"shipping-taxable","13":"purchasable","14":"product-type-simple"},"brands":[{"id":1343,"name":"Fagor","slug":"fagor"}],"_links":{"self":[{"href":"https:\/\/www.multifrigo.pl\/sklep\/wp-json\/wp\/v2\/product\/60607","targetHints":{"allow":["GET"]}}],"collection":[{"href":"https:\/\/www.multifrigo.pl\/sklep\/wp-json\/wp\/v2\/product"}],"about":[{"href":"https:\/\/www.multifrigo.pl\/sklep\/wp-json\/wp\/v2\/types\/product"}],"wp:featuredmedia":[{"embeddable":true,"href":"https:\/\/www.multifrigo.pl\/sklep\/wp-json\/wp\/v2\/media\/60705"}],"wp:attachment":[{"href":"https:\/\/www.multifrigo.pl\/sklep\/wp-json\/wp\/v2\/media?parent=60607"}],"wp:term":[{"taxonomy":"pwb-brand","embeddable":true,"href":"https:\/\/www.multifrigo.pl\/sklep\/wp-json\/wp\/v2\/pwb-brand?post=60607"},{"taxonomy":"product_brand","embeddable":true,"href":"https:\/\/www.multifrigo.pl\/sklep\/wp-json\/wp\/v2\/product_brand?post=60607"},{"taxonomy":"product_cat","embeddable":true,"href":"https:\/\/www.multifrigo.pl\/sklep\/wp-json\/wp\/v2\/product_cat?post=60607"},{"taxonomy":"product_tag","embeddable":true,"href":"https:\/\/www.multifrigo.pl\/sklep\/wp-json\/wp\/v2\/product_tag?post=60607"}],"curies":[{"name":"wp","href":"https:\/\/api.w.org\/{rel}","templated":true}]}}