{"id":60613,"date":"2024-11-05T07:58:32","date_gmt":"2024-11-05T07:58:32","guid":{"rendered":"https:\/\/www.multifrigo.pl\/sklep\/produkt\/kuchnia-gazowa-do-paelli-nastawna-linia-700-fagor-c-gp710\/"},"modified":"2025-08-04T11:14:45","modified_gmt":"2025-08-04T11:14:45","slug":"kuchnia-gazowa-do-paelli-nastawna-linia-700-fagor-c-gp710","status":"publish","type":"product","link":"https:\/\/www.multifrigo.pl\/sklep\/produkt\/kuchnia-gazowa-do-paelli-nastawna-linia-700-fagor-c-gp710\/","title":{"rendered":"Kuchnia gazowa do paelli nastawna linia 700 | Fagor C-GP710"},"content":{"rendered":"<p>G\u00f3rny blat pod palnikami t\u0142oczony z jednego kawa\u0142ka blachy o grubo\u015bci 1,5mm. Stal nierdzewna AISI-304. Laserowo ci\u0119te kraw\u0119dzie, automatycznie spawane. Niewidoczne \u015bruby l\u0105cz\u0105ce. Dwukoronowy palnik z czterema rz\u0119dami p\u0142omieni na koron\u0119 gwarantuje r\u00f3wnomierne rozprowadzenie ciep\u0142a do samego spodu paelli. Pilot p\u0142omienia kontrolnego o niskim poborze energii i termopara. Przewody gazowe w elastycznych os\u0142onach ze stali nierdzewnej pozwalaj\u0105ce na \u0142atwiejsz\u0105 manipulacj\u0119 wewn\u0105trz i u\u0142atwiaj\u0105ce prace naprawcze. Sterowanie na panelu frontowym z systemem zabezpieczaj\u0105cym przed przedostawaniem si\u0119 wody. \u017beliwne, emaliowane, odporne na wysokie temperatury os\u0142ony komink\u00f3w spalin, licowane z rusztami palnika, co poprawia manewrowanie wi\u0119kszymi garnkami i zwi\u0119ksza powierzchni\u0119 u\u017cytkow\u0105. Serwisowy dost\u0119p do komponent\u00f3w od frontu. <\/p>\n","protected":false},"excerpt":{"rendered":"<p>G\u00f3rny blat pod palnikami t\u0142oczony z jednego kawa\u0142ka blachy o grubo\u015bci 1,5mm. Stal nierdzewna AISI-304. Laserowo ci\u0119te kraw\u0119dzie, automatycznie spawane. Niewidoczne \u015bruby l\u0105cz\u0105ce. Dwukoronowy palnik z czterema rz\u0119dami p\u0142omieni na koron\u0119 gwarantuje r\u00f3wnomierne rozprowadzenie ciep\u0142a do samego spodu paelli. Pilot p\u0142omienia kontrolnego o niskim poborze energii i termopara. Przewody gazowe w elastycznych os\u0142onach ze stali [&hellip;]<\/p>\n","protected":false},"featured_media":60711,"template":"","meta":{"_et_pb_use_builder":"","_et_pb_old_content":"","_et_gb_content_width":""},"pwb-brand":[1343],"product_brand":[],"product_cat":[5014],"product_tag":[],"class_list":{"0":"post-60613","1":"product","2":"type-product","3":"status-publish","4":"has-post-thumbnail","6":"pwb-brand-fagor","7":"product_cat-kuchnie-do-paelli","9":"first","10":"instock","11":"taxable","12":"shipping-taxable","13":"purchasable","14":"product-type-simple"},"brands":[{"id":1343,"name":"Fagor","slug":"fagor"}],"_links":{"self":[{"href":"https:\/\/www.multifrigo.pl\/sklep\/wp-json\/wp\/v2\/product\/60613","targetHints":{"allow":["GET"]}}],"collection":[{"href":"https:\/\/www.multifrigo.pl\/sklep\/wp-json\/wp\/v2\/product"}],"about":[{"href":"https:\/\/www.multifrigo.pl\/sklep\/wp-json\/wp\/v2\/types\/product"}],"wp:featuredmedia":[{"embeddable":true,"href":"https:\/\/www.multifrigo.pl\/sklep\/wp-json\/wp\/v2\/media\/60711"}],"wp:attachment":[{"href":"https:\/\/www.multifrigo.pl\/sklep\/wp-json\/wp\/v2\/media?parent=60613"}],"wp:term":[{"taxonomy":"pwb-brand","embeddable":true,"href":"https:\/\/www.multifrigo.pl\/sklep\/wp-json\/wp\/v2\/pwb-brand?post=60613"},{"taxonomy":"product_brand","embeddable":true,"href":"https:\/\/www.multifrigo.pl\/sklep\/wp-json\/wp\/v2\/product_brand?post=60613"},{"taxonomy":"product_cat","embeddable":true,"href":"https:\/\/www.multifrigo.pl\/sklep\/wp-json\/wp\/v2\/product_cat?post=60613"},{"taxonomy":"product_tag","embeddable":true,"href":"https:\/\/www.multifrigo.pl\/sklep\/wp-json\/wp\/v2\/product_tag?post=60613"}],"curies":[{"name":"wp","href":"https:\/\/api.w.org\/{rel}","templated":true}]}}