{"id":60617,"date":"2024-11-05T07:59:49","date_gmt":"2024-11-05T07:59:49","guid":{"rendered":"https:\/\/www.multifrigo.pl\/sklep\/produkt\/kuchnia-elektryczna-6-palnikowa-nastawna-fagor-c-e760\/"},"modified":"2025-08-04T11:14:58","modified_gmt":"2025-08-04T11:14:58","slug":"kuchnia-elektryczna-6-plytowa-nastawna-fagor-c-e760","status":"publish","type":"product","link":"https:\/\/www.multifrigo.pl\/sklep\/produkt\/kuchnia-elektryczna-6-plytowa-nastawna-fagor-c-e760\/","title":{"rendered":"Kuchnia elektryczna 6-p\u0142ytowa nastawna | Fagor C-E760"},"content":{"rendered":"<p>T\u0142oczone blaty wykonane ze stali nierdzewnej AISI-304 o grubo\u015bci 1,5 mm, z zaokr\u0105glonymi kraw\u0119dziami, zaprojektowane tak, aby zapobiec przedostawaniu si\u0119 rozlanej cieczy z patelni do wn\u0119trza.  G\u0142\u0119boko t\u0142oczona powierzchnia z zaokr\u0105glonymi naro\u017cnikami dla \u0142atwego<br \/>\nczyszczenia. Regulacja mocy za pomoc\u0105 selektora z 7 pozycjami. Ochrona przed przegrzaniem dla ka\u017cdej p\u0142yty. Dost\u0119p do komponent\u00f3w od przodu.  Urz\u0105dzenia z ochron\u0105 przed wod\u0105 klasy IPX5.<br \/>\nSze\u015b\u0107 okr\u0105g\u0142ych \u017celiwnych p\u0142yt grzejnych o \u015brednicy 223 mm, o mocy 2,6 kW, hermetycznie przymocowane do g\u0142\u0119boko t\u0142oczonej powierzchni g\u00f3rnej.<\/p>\n","protected":false},"excerpt":{"rendered":"<p>T\u0142oczone blaty wykonane ze stali nierdzewnej AISI-304 o grubo\u015bci 1,5 mm, z zaokr\u0105glonymi kraw\u0119dziami, zaprojektowane tak, aby zapobiec przedostawaniu si\u0119 rozlanej cieczy z patelni do wn\u0119trza. G\u0142\u0119boko t\u0142oczona powierzchnia z zaokr\u0105glonymi naro\u017cnikami dla \u0142atwego czyszczenia. Regulacja mocy za pomoc\u0105 selektora z 7 pozycjami. Ochrona przed przegrzaniem dla ka\u017cdej p\u0142yty. Dost\u0119p do komponent\u00f3w od przodu. Urz\u0105dzenia [&hellip;]<\/p>\n","protected":false},"featured_media":60715,"template":"","meta":{"_et_pb_use_builder":"","_et_pb_old_content":"","_et_gb_content_width":""},"pwb-brand":[1343],"product_brand":[],"product_cat":[590],"product_tag":[],"class_list":{"0":"post-60617","1":"product","2":"type-product","3":"status-publish","4":"has-post-thumbnail","6":"pwb-brand-fagor","7":"product_cat-6-plytowe","9":"first","10":"instock","11":"taxable","12":"shipping-taxable","13":"purchasable","14":"product-type-simple"},"brands":[{"id":1343,"name":"Fagor","slug":"fagor"}],"_links":{"self":[{"href":"https:\/\/www.multifrigo.pl\/sklep\/wp-json\/wp\/v2\/product\/60617","targetHints":{"allow":["GET"]}}],"collection":[{"href":"https:\/\/www.multifrigo.pl\/sklep\/wp-json\/wp\/v2\/product"}],"about":[{"href":"https:\/\/www.multifrigo.pl\/sklep\/wp-json\/wp\/v2\/types\/product"}],"wp:featuredmedia":[{"embeddable":true,"href":"https:\/\/www.multifrigo.pl\/sklep\/wp-json\/wp\/v2\/media\/60715"}],"wp:attachment":[{"href":"https:\/\/www.multifrigo.pl\/sklep\/wp-json\/wp\/v2\/media?parent=60617"}],"wp:term":[{"taxonomy":"pwb-brand","embeddable":true,"href":"https:\/\/www.multifrigo.pl\/sklep\/wp-json\/wp\/v2\/pwb-brand?post=60617"},{"taxonomy":"product_brand","embeddable":true,"href":"https:\/\/www.multifrigo.pl\/sklep\/wp-json\/wp\/v2\/product_brand?post=60617"},{"taxonomy":"product_cat","embeddable":true,"href":"https:\/\/www.multifrigo.pl\/sklep\/wp-json\/wp\/v2\/product_cat?post=60617"},{"taxonomy":"product_tag","embeddable":true,"href":"https:\/\/www.multifrigo.pl\/sklep\/wp-json\/wp\/v2\/product_tag?post=60617"}],"curies":[{"name":"wp","href":"https:\/\/api.w.org\/{rel}","templated":true}]}}