{"id":60623,"date":"2024-11-05T08:01:31","date_gmt":"2024-11-05T08:01:31","guid":{"rendered":"https:\/\/www.multifrigo.pl\/sklep\/produkt\/kuchnia-elektryczna-z-plyta-grzewcza-solid-top-nastawna-fagor-c-e710\/"},"modified":"2025-08-04T11:15:17","modified_gmt":"2025-08-04T11:15:17","slug":"kuchnia-elektryczna-z-plyta-grzewcza-solid-top-nastawna-fagor-c-e710","status":"publish","type":"product","link":"https:\/\/www.multifrigo.pl\/sklep\/produkt\/kuchnia-elektryczna-z-plyta-grzewcza-solid-top-nastawna-fagor-c-e710\/","title":{"rendered":"Kuchnia elektryczna z p\u0142yt\u0105 grzewcz\u0105 SOLID TOP, nastawna | Fagor C-E710"},"content":{"rendered":"<p>T\u0142oczone blaty wykonane ze stali nierdzewnej AISI-304 o grubo\u015bci 1,5 mm, z zaokr\u0105glonymi kraw\u0119dziami, zaprojektowane tak, aby zapobiec przedostawaniu si\u0119 rozlanej cieczy do wn\u0119trza urz\u0105dzenia. G\u0142\u0119boko t\u0142oczona powierzchnia z zaokr\u0105glonymi naro\u017cnikami dla \u0142atwego czyszczenia.   Model \u201eSolid Top\u201d z czterema elementami pod p\u0142yt\u0105 13CrMo4 o grubo\u015bci 16 mm, rozmieszczonymi w taki spos\u00f3b, \u017ce niezale\u017cnie ogrzewaj\u0105 cztery cz\u0119\u015bci p\u0142yty. Wymiary solid-top: 720 x 455 mm.  Kontrola mocy z 7 pozycjami dla ka\u017cdego elementu grzejnego, co umo\u017cliwia prac\u0119 z r\u00f3\u017cnymi zakresami temperatury na p\u0142ycie. 2,6 kW mocy grzewczej na ka\u017cdy punkt grzewczy.  Termostat, kt\u00f3ry aktywuje wentylator ch\u0142odz\u0105cy podzespo\u0142y elektryczne. Dost\u0119p do komponent\u00f3w od przodu. Urz\u0105dzenia z ochron\u0105 przed wod\u0105 klasy IPX5.<\/p>\n","protected":false},"excerpt":{"rendered":"<p>T\u0142oczone blaty wykonane ze stali nierdzewnej AISI-304 o grubo\u015bci 1,5 mm, z zaokr\u0105glonymi kraw\u0119dziami, zaprojektowane tak, aby zapobiec przedostawaniu si\u0119 rozlanej cieczy do wn\u0119trza urz\u0105dzenia. G\u0142\u0119boko t\u0142oczona powierzchnia z zaokr\u0105glonymi naro\u017cnikami dla \u0142atwego czyszczenia. Model \u201eSolid Top\u201d z czterema elementami pod p\u0142yt\u0105 13CrMo4 o grubo\u015bci 16 mm, rozmieszczonymi w taki spos\u00f3b, \u017ce niezale\u017cnie ogrzewaj\u0105 cztery [&hellip;]<\/p>\n","protected":false},"featured_media":60721,"template":"","meta":{"_et_pb_use_builder":"","_et_pb_old_content":"","_et_gb_content_width":""},"pwb-brand":[1343],"product_brand":[],"product_cat":[5018],"product_tag":[],"class_list":{"0":"post-60623","1":"product","2":"type-product","3":"status-publish","4":"has-post-thumbnail","6":"pwb-brand-fagor","7":"product_cat-z-plyta-grzewcza-kuchnie-elektryczne","9":"first","10":"instock","11":"taxable","12":"shipping-taxable","13":"purchasable","14":"product-type-simple"},"brands":[{"id":1343,"name":"Fagor","slug":"fagor"}],"_links":{"self":[{"href":"https:\/\/www.multifrigo.pl\/sklep\/wp-json\/wp\/v2\/product\/60623","targetHints":{"allow":["GET"]}}],"collection":[{"href":"https:\/\/www.multifrigo.pl\/sklep\/wp-json\/wp\/v2\/product"}],"about":[{"href":"https:\/\/www.multifrigo.pl\/sklep\/wp-json\/wp\/v2\/types\/product"}],"wp:featuredmedia":[{"embeddable":true,"href":"https:\/\/www.multifrigo.pl\/sklep\/wp-json\/wp\/v2\/media\/60721"}],"wp:attachment":[{"href":"https:\/\/www.multifrigo.pl\/sklep\/wp-json\/wp\/v2\/media?parent=60623"}],"wp:term":[{"taxonomy":"pwb-brand","embeddable":true,"href":"https:\/\/www.multifrigo.pl\/sklep\/wp-json\/wp\/v2\/pwb-brand?post=60623"},{"taxonomy":"product_brand","embeddable":true,"href":"https:\/\/www.multifrigo.pl\/sklep\/wp-json\/wp\/v2\/product_brand?post=60623"},{"taxonomy":"product_cat","embeddable":true,"href":"https:\/\/www.multifrigo.pl\/sklep\/wp-json\/wp\/v2\/product_cat?post=60623"},{"taxonomy":"product_tag","embeddable":true,"href":"https:\/\/www.multifrigo.pl\/sklep\/wp-json\/wp\/v2\/product_tag?post=60623"}],"curies":[{"name":"wp","href":"https:\/\/api.w.org\/{rel}","templated":true}]}}