{"id":60626,"date":"2024-11-05T08:02:27","date_gmt":"2024-11-05T08:02:27","guid":{"rendered":"https:\/\/www.multifrigo.pl\/sklep\/produkt\/kuchnia-indukcyjna-4-polowa-nastawna-fagor-c-i745\/"},"modified":"2025-08-04T11:15:25","modified_gmt":"2025-08-04T11:15:25","slug":"kuchnia-indukcyjna-4-polowa-nastawna-fagor-c-i745","status":"publish","type":"product","link":"https:\/\/www.multifrigo.pl\/sklep\/produkt\/kuchnia-indukcyjna-4-polowa-nastawna-fagor-c-i745\/","title":{"rendered":"Kuchnia indukcyjna 4-polowa nastawna | Fagor C-I745"},"content":{"rendered":"<p>Ceramiczne szk\u0142o o grubo\u015bci 6 mm, hermetycznie zamkni\u0119te w blacie ze stali nierdzewnej AISI-304 o grubo\u015bci 1,5 mm. Obszary gotowania oznaczone okr\u0119giem o \u015brednicy 260 mm, o mocy 5 kW na ka\u017cdym obszarze, szybkie nagrzewanie i idealne do obs\u0142ugi \u00e0 la carte. Idealna kontrola gotowania dzi\u0119ki regulatorowi energii z 10 poziomami mocy.  Dzia\u0142a, gdy wykryje obecno\u015b\u0107 garnka lub patelni. Po zdj\u0119ciu naczynia przestaje si\u0119 nagrzewa\u0107. Bezpiecze\u0144stwo przed przegrzaniem. Komunikaty o b\u0142\u0119dach wy\u015bwietlane za pomoc\u0105 migaj\u0105cych lampek. Dost\u0119p do komponent\u00f3w od przodu. Urz\u0105dzenia z ochron\u0105 przed wod\u0105 klasy IPX5. Cztery obszary gotowania oznaczone okr\u0119giem o \u015brednicy 260 mm o mocy 5 kW na ka\u017cdym obszarze.<\/p>\n","protected":false},"excerpt":{"rendered":"<p>Ceramiczne szk\u0142o o grubo\u015bci 6 mm, hermetycznie zamkni\u0119te w blacie ze stali nierdzewnej AISI-304 o grubo\u015bci 1,5 mm. Obszary gotowania oznaczone okr\u0119giem o \u015brednicy 260 mm, o mocy 5 kW na ka\u017cdym obszarze, szybkie nagrzewanie i idealne do obs\u0142ugi \u00e0 la carte. Idealna kontrola gotowania dzi\u0119ki regulatorowi energii z 10 poziomami mocy. Dzia\u0142a, gdy wykryje [&hellip;]<\/p>\n","protected":false},"featured_media":60724,"template":"","meta":{"_et_pb_use_builder":"","_et_pb_old_content":"","_et_gb_content_width":""},"pwb-brand":[1343],"product_brand":[],"product_cat":[587],"product_tag":[],"class_list":{"0":"post-60626","1":"product","2":"type-product","3":"status-publish","4":"has-post-thumbnail","6":"pwb-brand-fagor","7":"product_cat-4-polowe","9":"first","10":"instock","11":"taxable","12":"shipping-taxable","13":"purchasable","14":"product-type-simple"},"brands":[{"id":1343,"name":"Fagor","slug":"fagor"}],"_links":{"self":[{"href":"https:\/\/www.multifrigo.pl\/sklep\/wp-json\/wp\/v2\/product\/60626","targetHints":{"allow":["GET"]}}],"collection":[{"href":"https:\/\/www.multifrigo.pl\/sklep\/wp-json\/wp\/v2\/product"}],"about":[{"href":"https:\/\/www.multifrigo.pl\/sklep\/wp-json\/wp\/v2\/types\/product"}],"wp:featuredmedia":[{"embeddable":true,"href":"https:\/\/www.multifrigo.pl\/sklep\/wp-json\/wp\/v2\/media\/60724"}],"wp:attachment":[{"href":"https:\/\/www.multifrigo.pl\/sklep\/wp-json\/wp\/v2\/media?parent=60626"}],"wp:term":[{"taxonomy":"pwb-brand","embeddable":true,"href":"https:\/\/www.multifrigo.pl\/sklep\/wp-json\/wp\/v2\/pwb-brand?post=60626"},{"taxonomy":"product_brand","embeddable":true,"href":"https:\/\/www.multifrigo.pl\/sklep\/wp-json\/wp\/v2\/product_brand?post=60626"},{"taxonomy":"product_cat","embeddable":true,"href":"https:\/\/www.multifrigo.pl\/sklep\/wp-json\/wp\/v2\/product_cat?post=60626"},{"taxonomy":"product_tag","embeddable":true,"href":"https:\/\/www.multifrigo.pl\/sklep\/wp-json\/wp\/v2\/product_tag?post=60626"}],"curies":[{"name":"wp","href":"https:\/\/api.w.org\/{rel}","templated":true}]}}