{"id":60627,"date":"2024-11-05T08:02:31","date_gmt":"2024-11-05T08:02:31","guid":{"rendered":"https:\/\/www.multifrigo.pl\/sklep\/produkt\/kuchnia-indukcyjna-do-woka-fagor-w-i705\/"},"modified":"2025-08-04T11:15:28","modified_gmt":"2025-08-04T11:15:28","slug":"kuchnia-indukcyjna-do-woka-fagor-w-i705","status":"publish","type":"product","link":"https:\/\/www.multifrigo.pl\/sklep\/produkt\/kuchnia-indukcyjna-do-woka-fagor-w-i705\/","title":{"rendered":"Kuchnia indukcyjna do woka | Fagor W-I705"},"content":{"rendered":"<p>Ceramiczne szk\u0142o o grubo\u015bci 6 mm, hermetycznie zamkni\u0119te w blacie ze stali nierdzewnej AISI-304 o grubo\u015bci 1,5 mm. Obszary gotowania oznaczone okr\u0119giem o \u015brednicy 260 mm, o mocy 5 kW na ka\u017cdym obszarze, szybkie nagrzewanie i idealne do obs\u0142ugi \u00e0 la carte. Idealna kontrola gotowania dzi\u0119ki regulatorowi energii z 10 poziomami mocy.  Dzia\u0142a, gdy wykryje obecno\u015b\u0107 garnka lub patelni. Po zdj\u0119ciu naczynia przestaje si\u0119 nagrzewa\u0107. Bezpiecze\u0144stwo przed przegrzaniem. Komunikaty o b\u0142\u0119dach wy\u015bwietlane za pomoc\u0105 migaj\u0105cych lampek. Dost\u0119p do komponent\u00f3w od przodu. Urz\u0105dzenia z ochron\u0105 przed wod\u0105 klasy IPX5. Jeden obszar gotowania wkl\u0119s\u0142y  o \u015brednicy 260 mm o mocy 5 kW <\/p>\n","protected":false},"excerpt":{"rendered":"<p>Ceramiczne szk\u0142o o grubo\u015bci 6 mm, hermetycznie zamkni\u0119te w blacie ze stali nierdzewnej AISI-304 o grubo\u015bci 1,5 mm. Obszary gotowania oznaczone okr\u0119giem o \u015brednicy 260 mm, o mocy 5 kW na ka\u017cdym obszarze, szybkie nagrzewanie i idealne do obs\u0142ugi \u00e0 la carte. Idealna kontrola gotowania dzi\u0119ki regulatorowi energii z 10 poziomami mocy. Dzia\u0142a, gdy wykryje [&hellip;]<\/p>\n","protected":false},"featured_media":0,"template":"","meta":{"_et_pb_use_builder":"","_et_pb_old_content":"","_et_gb_content_width":""},"pwb-brand":[1343],"product_brand":[],"product_cat":[2590],"product_tag":[],"class_list":{"0":"post-60627","1":"product","2":"type-product","3":"status-publish","5":"pwb-brand-fagor","6":"product_cat-kuchnie-wok","8":"first","9":"instock","10":"taxable","11":"shipping-taxable","12":"purchasable","13":"product-type-simple"},"brands":[{"id":1343,"name":"Fagor","slug":"fagor"}],"_links":{"self":[{"href":"https:\/\/www.multifrigo.pl\/sklep\/wp-json\/wp\/v2\/product\/60627","targetHints":{"allow":["GET"]}}],"collection":[{"href":"https:\/\/www.multifrigo.pl\/sklep\/wp-json\/wp\/v2\/product"}],"about":[{"href":"https:\/\/www.multifrigo.pl\/sklep\/wp-json\/wp\/v2\/types\/product"}],"wp:attachment":[{"href":"https:\/\/www.multifrigo.pl\/sklep\/wp-json\/wp\/v2\/media?parent=60627"}],"wp:term":[{"taxonomy":"pwb-brand","embeddable":true,"href":"https:\/\/www.multifrigo.pl\/sklep\/wp-json\/wp\/v2\/pwb-brand?post=60627"},{"taxonomy":"product_brand","embeddable":true,"href":"https:\/\/www.multifrigo.pl\/sklep\/wp-json\/wp\/v2\/product_brand?post=60627"},{"taxonomy":"product_cat","embeddable":true,"href":"https:\/\/www.multifrigo.pl\/sklep\/wp-json\/wp\/v2\/product_cat?post=60627"},{"taxonomy":"product_tag","embeddable":true,"href":"https:\/\/www.multifrigo.pl\/sklep\/wp-json\/wp\/v2\/product_tag?post=60627"}],"curies":[{"name":"wp","href":"https:\/\/api.w.org\/{rel}","templated":true}]}}