{"id":60643,"date":"2024-11-05T08:06:26","date_gmt":"2024-11-05T08:06:26","guid":{"rendered":"https:\/\/www.multifrigo.pl\/sklep\/produkt\/plyta-grillowa-elektryczna-ryflowana-fagor-ft-e710-r\/"},"modified":"2025-08-04T11:16:16","modified_gmt":"2025-08-04T11:16:16","slug":"plyta-grillowa-elektryczna-ryflowana-fagor-ft-e710-r","status":"publish","type":"product","link":"https:\/\/www.multifrigo.pl\/sklep\/produkt\/plyta-grillowa-elektryczna-ryflowana-fagor-ft-e710-r\/","title":{"rendered":"P\u0142yta grillowa elektryczna ryflowana | Fagor FT-E710 R"},"content":{"rendered":"<p>G\u0142\u0119boko t\u0142oczone blaty wykonane ze stali nierdzewnej AISI-304 o grubo\u015bci 1,5 mm. Powierzchnia do sma\u017cenia o grubo\u015bci 12 lub 15 mm ze stali mi\u0119kkiej, kt\u00f3ra szybko si\u0119 nagrzewa i ma du\u017c\u0105 moc.<br \/>\nP\u0142yty do sma\u017cenia z pe\u0142nym modu\u0142em maj\u0105 dwa oddzielne obszar grzewcze. P\u0142yty do sma\u017cenia s\u0105 przyspawane do g\u0142\u0119boko t\u0142oczonej powierzchni.  P\u0142yta do sma\u017cenia jest pochylona do przodu, aby u\u0142atwi\u0107 zbieranie t\u0142uszczu i p\u0142yn\u00f3w.Wyposa\u017cony w otw\u00f3r do zbierania t\u0142uszczu kuchennego i tac\u0119 do przechowywania, kt\u00f3ra mo\u017ce pomie\u015bci\u0107 do 2 litr\u00f3w w zale\u017cno\u015bci od modelu.  Dost\u0119p do komponent\u00f3w od przodu. Urz\u0105dzenia z ochron\u0105 przed wod\u0105 klasy IPX5. Modele ogrzewane elektrycznie z elementami grzewczymi ze stali nierdzewnej; termostatyczna kontrola temperatury, mi\u0119dzy 100 a 300 \u00b0 C. Model z ryflowan\u0105 p\u0142yt\u0105 o wymiarach 728 x 468 mm. Dwie strefy grzewcze.<\/p>\n","protected":false},"excerpt":{"rendered":"<p>G\u0142\u0119boko t\u0142oczone blaty wykonane ze stali nierdzewnej AISI-304 o grubo\u015bci 1,5 mm. Powierzchnia do sma\u017cenia o grubo\u015bci 12 lub 15 mm ze stali mi\u0119kkiej, kt\u00f3ra szybko si\u0119 nagrzewa i ma du\u017c\u0105 moc. P\u0142yty do sma\u017cenia z pe\u0142nym modu\u0142em maj\u0105 dwa oddzielne obszar grzewcze. P\u0142yty do sma\u017cenia s\u0105 przyspawane do g\u0142\u0119boko t\u0142oczonej powierzchni. P\u0142yta do sma\u017cenia [&hellip;]<\/p>\n","protected":false},"featured_media":60734,"template":"","meta":{"_et_pb_use_builder":"","_et_pb_old_content":"","_et_gb_content_width":""},"pwb-brand":[1343],"product_brand":[],"product_cat":[446],"product_tag":[],"class_list":{"0":"post-60643","1":"product","2":"type-product","3":"status-publish","4":"has-post-thumbnail","6":"pwb-brand-fagor","7":"product_cat-plyty-grillowe","9":"first","10":"instock","11":"taxable","12":"shipping-taxable","13":"purchasable","14":"product-type-simple"},"brands":[{"id":1343,"name":"Fagor","slug":"fagor"}],"_links":{"self":[{"href":"https:\/\/www.multifrigo.pl\/sklep\/wp-json\/wp\/v2\/product\/60643","targetHints":{"allow":["GET"]}}],"collection":[{"href":"https:\/\/www.multifrigo.pl\/sklep\/wp-json\/wp\/v2\/product"}],"about":[{"href":"https:\/\/www.multifrigo.pl\/sklep\/wp-json\/wp\/v2\/types\/product"}],"wp:featuredmedia":[{"embeddable":true,"href":"https:\/\/www.multifrigo.pl\/sklep\/wp-json\/wp\/v2\/media\/60734"}],"wp:attachment":[{"href":"https:\/\/www.multifrigo.pl\/sklep\/wp-json\/wp\/v2\/media?parent=60643"}],"wp:term":[{"taxonomy":"pwb-brand","embeddable":true,"href":"https:\/\/www.multifrigo.pl\/sklep\/wp-json\/wp\/v2\/pwb-brand?post=60643"},{"taxonomy":"product_brand","embeddable":true,"href":"https:\/\/www.multifrigo.pl\/sklep\/wp-json\/wp\/v2\/product_brand?post=60643"},{"taxonomy":"product_cat","embeddable":true,"href":"https:\/\/www.multifrigo.pl\/sklep\/wp-json\/wp\/v2\/product_cat?post=60643"},{"taxonomy":"product_tag","embeddable":true,"href":"https:\/\/www.multifrigo.pl\/sklep\/wp-json\/wp\/v2\/product_tag?post=60643"}],"curies":[{"name":"wp","href":"https:\/\/api.w.org\/{rel}","templated":true}]}}