{"id":60650,"date":"2024-11-05T08:08:51","date_gmt":"2024-11-05T08:08:51","guid":{"rendered":"https:\/\/www.multifrigo.pl\/sklep\/produkt\/grill-lawowy-gazowy-ruszt-zeliwny-fagor-b-g705\/"},"modified":"2025-08-04T11:16:38","modified_gmt":"2025-08-04T11:16:38","slug":"grill-lawowy-gazowy-ruszt-zeliwny-fagor-b-g705","status":"publish","type":"product","link":"https:\/\/www.multifrigo.pl\/sklep\/produkt\/grill-lawowy-gazowy-ruszt-zeliwny-fagor-b-g705\/","title":{"rendered":"Grill lawowy gazowy ruszt \u017celiwny | Fagor B-G705"},"content":{"rendered":"<p>G\u0142\u0119boko t\u0142oczone blaty wykonane ze stali nierdzewnej AISI-304 o grubo\u015bci 1,5 mm. Wyposa\u017cony w otw\u00f3r do zbierania t\u0142uszczu kuchennego i tac\u0119 do przechowywania resztek.  Urz\u0105dzenia s\u0105 wyposa\u017cone w zdejmowane os\u0142ony o wysoko\u015bci 130 mm zapobiegaj\u0105ce rozpryskom, wykonane ze stali nierdzewnej. Grupa dw\u00f3ch wysokowydajnych palnik\u00f3w rurowych (jedna grupa dw\u00f3ch palnik\u00f3w na p\u00f3\u0142 modu\u0142u).  Niezale\u017cne sterowanie dla ka\u017cdej grupy palnik\u00f3w poprzez zaw\u00f3r bezpiecze\u0144stwa z termopar\u0105. Zap\u0142on palnika za pomoc\u0105 elektronicznego zap\u0142onnika iskrowego. Palniki ogrzewaj\u0105 kamienie ceramiczne znajduj\u0105ce si\u0119 pod rusztem no\u015bnym, aby z kolei podgrzewa\u0107 potraw\u0119 na grillu. Ruszty \u017celiwne, kt\u00f3re mo\u017cna wyjmowa\u0107 bez u\u017cycia narz\u0119dzi, w modu\u0142ach o szeroko\u015bci 170 mm  Ruszty \u017celiwne s\u0105 dwustronne z dwiema r\u00f3\u017cnymi wyko\u0144czeniami poka\u017cdej stronie: Pochylony i ryflowany z grzbietami na mi\u0119so oraz  Poziomy i p\u0142aski dla ryb i warzyw. Grille te osi\u0105gaj\u0105 bardzo wysok\u0105 temperatur\u0119 (400 \u00b0 C), co oznacza, \u017ce powierzchnia produktu jest szybko chrupi\u0105ca, a wewn\u0105trz pozostaje znacznie bardziej soczysta. Dwa ruszty i o wymiarach 515 x 172 mm na ka\u017cde p\u00f3\u0142 modu\u0142u.<\/p>\n","protected":false},"excerpt":{"rendered":"<p>G\u0142\u0119boko t\u0142oczone blaty wykonane ze stali nierdzewnej AISI-304 o grubo\u015bci 1,5 mm. Wyposa\u017cony w otw\u00f3r do zbierania t\u0142uszczu kuchennego i tac\u0119 do przechowywania resztek. Urz\u0105dzenia s\u0105 wyposa\u017cone w zdejmowane os\u0142ony o wysoko\u015bci 130 mm zapobiegaj\u0105ce rozpryskom, wykonane ze stali nierdzewnej. Grupa dw\u00f3ch wysokowydajnych palnik\u00f3w rurowych (jedna grupa dw\u00f3ch palnik\u00f3w na p\u00f3\u0142 modu\u0142u). Niezale\u017cne sterowanie dla [&hellip;]<\/p>\n","protected":false},"featured_media":60737,"template":"","meta":{"_et_pb_use_builder":"","_et_pb_old_content":"","_et_gb_content_width":""},"pwb-brand":[1343],"product_brand":[],"product_cat":[673],"product_tag":[],"class_list":{"0":"post-60650","1":"product","2":"type-product","3":"status-publish","4":"has-post-thumbnail","6":"pwb-brand-fagor","7":"product_cat-grille-gastronomiczne","9":"first","10":"instock","11":"taxable","12":"shipping-taxable","13":"purchasable","14":"product-type-simple"},"brands":[{"id":1343,"name":"Fagor","slug":"fagor"}],"_links":{"self":[{"href":"https:\/\/www.multifrigo.pl\/sklep\/wp-json\/wp\/v2\/product\/60650","targetHints":{"allow":["GET"]}}],"collection":[{"href":"https:\/\/www.multifrigo.pl\/sklep\/wp-json\/wp\/v2\/product"}],"about":[{"href":"https:\/\/www.multifrigo.pl\/sklep\/wp-json\/wp\/v2\/types\/product"}],"wp:featuredmedia":[{"embeddable":true,"href":"https:\/\/www.multifrigo.pl\/sklep\/wp-json\/wp\/v2\/media\/60737"}],"wp:attachment":[{"href":"https:\/\/www.multifrigo.pl\/sklep\/wp-json\/wp\/v2\/media?parent=60650"}],"wp:term":[{"taxonomy":"pwb-brand","embeddable":true,"href":"https:\/\/www.multifrigo.pl\/sklep\/wp-json\/wp\/v2\/pwb-brand?post=60650"},{"taxonomy":"product_brand","embeddable":true,"href":"https:\/\/www.multifrigo.pl\/sklep\/wp-json\/wp\/v2\/product_brand?post=60650"},{"taxonomy":"product_cat","embeddable":true,"href":"https:\/\/www.multifrigo.pl\/sklep\/wp-json\/wp\/v2\/product_cat?post=60650"},{"taxonomy":"product_tag","embeddable":true,"href":"https:\/\/www.multifrigo.pl\/sklep\/wp-json\/wp\/v2\/product_tag?post=60650"}],"curies":[{"name":"wp","href":"https:\/\/api.w.org\/{rel}","templated":true}]}}