{"id":60655,"date":"2024-11-05T08:09:57","date_gmt":"2024-11-05T08:09:57","guid":{"rendered":"https:\/\/www.multifrigo.pl\/sklep\/produkt\/grill-lawowy-gazowy-wolnostojacy-ruszt-zeliwny-fagor-b-g7051\/"},"modified":"2025-08-04T11:16:55","modified_gmt":"2025-08-04T11:16:55","slug":"grill-lawowy-gazowy-wolnostojacy-ruszt-zeliwny-fagor-b-g7051","status":"publish","type":"product","link":"https:\/\/www.multifrigo.pl\/sklep\/produkt\/grill-lawowy-gazowy-wolnostojacy-ruszt-zeliwny-fagor-b-g7051\/","title":{"rendered":"Grill lawowy gazowy wolnostoj\u0105cy ruszt \u017celiwny | Fagor B-G7051"},"content":{"rendered":"<p>MODEL GAZOWY WOLNOSTOJ\u0104CY. Ruszt grillowy wykonany z \u017celiwa. Grupy trzech palnik\u00f3w rurowych o\u00a0wysokiej sprawno\u015bci, z\u00a0p\u0142yt\u0105 promiennikow\u0105 (grupa trzech palnik\u00f3w dla modeli o\u00a0po\u0142owie wielko\u015bci modu\u0142u, dwie grupy dla modeli z\u00a0ca\u0142ym modu\u0142em). Niezale\u017cna kontrola dla ka\u017cdej grupy palnik\u00f3w dzi\u0119ki zaworowi bezpiecze\u0144stwa z\u00a0termostatem. Palniki w\u0142\u0105czane za pomoc\u0105 elektrycznego zap\u0142onu wieloiskrowego. Z\u00a0rurk\u0105 dost\u0119pow\u0105 do r\u0119cznego zap\u0142onu. Taca na wod\u0119 umo\u017cliwiaj\u0105ca osi\u0105gni\u0119cie prawid\u0142owej wilgotno\u015bci potrawy.<\/p>\n","protected":false},"excerpt":{"rendered":"<p>MODEL GAZOWY WOLNOSTOJ\u0104CY. Ruszt grillowy wykonany z \u017celiwa. Grupy trzech palnik\u00f3w rurowych o\u00a0wysokiej sprawno\u015bci, z\u00a0p\u0142yt\u0105 promiennikow\u0105 (grupa trzech palnik\u00f3w dla modeli o\u00a0po\u0142owie wielko\u015bci modu\u0142u, dwie grupy dla modeli z\u00a0ca\u0142ym modu\u0142em). Niezale\u017cna kontrola dla ka\u017cdej grupy palnik\u00f3w dzi\u0119ki zaworowi bezpiecze\u0144stwa z\u00a0termostatem. Palniki w\u0142\u0105czane za pomoc\u0105 elektrycznego zap\u0142onu wieloiskrowego. Z\u00a0rurk\u0105 dost\u0119pow\u0105 do r\u0119cznego zap\u0142onu. Taca na wod\u0119 [&hellip;]<\/p>\n","protected":false},"featured_media":60742,"template":"","meta":{"_et_pb_use_builder":"","_et_pb_old_content":"","_et_gb_content_width":""},"pwb-brand":[1343],"product_brand":[],"product_cat":[673],"product_tag":[],"class_list":{"0":"post-60655","1":"product","2":"type-product","3":"status-publish","4":"has-post-thumbnail","6":"pwb-brand-fagor","7":"product_cat-grille-gastronomiczne","9":"first","10":"instock","11":"taxable","12":"shipping-taxable","13":"purchasable","14":"product-type-simple"},"brands":[{"id":1343,"name":"Fagor","slug":"fagor"}],"_links":{"self":[{"href":"https:\/\/www.multifrigo.pl\/sklep\/wp-json\/wp\/v2\/product\/60655","targetHints":{"allow":["GET"]}}],"collection":[{"href":"https:\/\/www.multifrigo.pl\/sklep\/wp-json\/wp\/v2\/product"}],"about":[{"href":"https:\/\/www.multifrigo.pl\/sklep\/wp-json\/wp\/v2\/types\/product"}],"wp:featuredmedia":[{"embeddable":true,"href":"https:\/\/www.multifrigo.pl\/sklep\/wp-json\/wp\/v2\/media\/60742"}],"wp:attachment":[{"href":"https:\/\/www.multifrigo.pl\/sklep\/wp-json\/wp\/v2\/media?parent=60655"}],"wp:term":[{"taxonomy":"pwb-brand","embeddable":true,"href":"https:\/\/www.multifrigo.pl\/sklep\/wp-json\/wp\/v2\/pwb-brand?post=60655"},{"taxonomy":"product_brand","embeddable":true,"href":"https:\/\/www.multifrigo.pl\/sklep\/wp-json\/wp\/v2\/product_brand?post=60655"},{"taxonomy":"product_cat","embeddable":true,"href":"https:\/\/www.multifrigo.pl\/sklep\/wp-json\/wp\/v2\/product_cat?post=60655"},{"taxonomy":"product_tag","embeddable":true,"href":"https:\/\/www.multifrigo.pl\/sklep\/wp-json\/wp\/v2\/product_tag?post=60655"}],"curies":[{"name":"wp","href":"https:\/\/api.w.org\/{rel}","templated":true}]}}