{"id":60658,"date":"2024-11-05T08:10:09","date_gmt":"2024-11-05T08:10:09","guid":{"rendered":"https:\/\/www.multifrigo.pl\/sklep\/produkt\/grill-elektryczny-ruszt-nierdzewny-fagor-b-e705\/"},"modified":"2025-08-04T11:17:03","modified_gmt":"2025-08-04T11:17:03","slug":"grill-elektryczny-ruszt-nierdzewny-fagor-b-e705","status":"publish","type":"product","link":"https:\/\/www.multifrigo.pl\/sklep\/produkt\/grill-elektryczny-ruszt-nierdzewny-fagor-b-e705\/","title":{"rendered":"Grill elektryczny ruszt nierdzewny | Fagor B-E705"},"content":{"rendered":"<p>G\u0142\u0119boko t\u0142oczone blaty wykonane ze stali nierdzewnej AISI-304 o grubo\u015bci 1,5 mm. Wyposa\u017cony w otw\u00f3r do zbierania t\u0142uszczu kuchennego i tac\u0119 do przechowywania resztek.  Urz\u0105dzenia s\u0105 wyposa\u017cone w zdejmowane os\u0142ony o wysoko\u015bci 130 mm zapobiegaj\u0105ce rozpryskom, wykonane ze stali nierdzewnej. Grupy element\u00f3w grzewczych ze stali nierdzewnej (jedna grupa trzech element\u00f3w grzejnych dla modeli z po\u0142ow\u0105 modu\u0142u oraz dwie grupy dla modeli z pe\u0142nym modu\u0142em). Grza\u0142ki ogrzewaj\u0105 kamienie ceramiczne znajduj\u0105ce si\u0119 pod rusztem no\u015bnym, aby z kolei podgrzewa\u0107 potraw\u0119 na grillu. Modele z grillem ze stali nierdzewnej s\u0105 produkowane przy u\u017cyciu listew ze stali nierdzewnej AISI-304 w kszta\u0142cie litery \u201eZ\u201d, aby u\u0142atwi\u0107 czyszczenie. Ruszty  s\u0105 dwustronne z dwiema r\u00f3\u017cnymi wyko\u0144czeniami poka\u017cdej stronie: Pochylony i ryflowany z grzbietami na mi\u0119so oraz  Poziomy i p\u0142aski dla ryb i warzyw. Grille te osi\u0105gaj\u0105 bardzo wysok\u0105 temperatur\u0119 (400 \u00b0 C), co oznacza, \u017ce powierzchnia produktu jest szybko chrupi\u0105ca, a wewn\u0105trz pozostaje znacznie bardziej soczysta. Ruszt i o wymiarach 515 x 344 <\/p>\n","protected":false},"excerpt":{"rendered":"<p>G\u0142\u0119boko t\u0142oczone blaty wykonane ze stali nierdzewnej AISI-304 o grubo\u015bci 1,5 mm. Wyposa\u017cony w otw\u00f3r do zbierania t\u0142uszczu kuchennego i tac\u0119 do przechowywania resztek. Urz\u0105dzenia s\u0105 wyposa\u017cone w zdejmowane os\u0142ony o wysoko\u015bci 130 mm zapobiegaj\u0105ce rozpryskom, wykonane ze stali nierdzewnej. Grupy element\u00f3w grzewczych ze stali nierdzewnej (jedna grupa trzech element\u00f3w grzejnych dla modeli z po\u0142ow\u0105 [&hellip;]<\/p>\n","protected":false},"featured_media":60745,"template":"","meta":{"_et_pb_use_builder":"","_et_pb_old_content":"","_et_gb_content_width":""},"pwb-brand":[1343],"product_brand":[],"product_cat":[673],"product_tag":[],"class_list":{"0":"post-60658","1":"product","2":"type-product","3":"status-publish","4":"has-post-thumbnail","6":"pwb-brand-fagor","7":"product_cat-grille-gastronomiczne","9":"first","10":"instock","11":"taxable","12":"shipping-taxable","13":"purchasable","14":"product-type-simple"},"brands":[{"id":1343,"name":"Fagor","slug":"fagor"}],"_links":{"self":[{"href":"https:\/\/www.multifrigo.pl\/sklep\/wp-json\/wp\/v2\/product\/60658","targetHints":{"allow":["GET"]}}],"collection":[{"href":"https:\/\/www.multifrigo.pl\/sklep\/wp-json\/wp\/v2\/product"}],"about":[{"href":"https:\/\/www.multifrigo.pl\/sklep\/wp-json\/wp\/v2\/types\/product"}],"wp:featuredmedia":[{"embeddable":true,"href":"https:\/\/www.multifrigo.pl\/sklep\/wp-json\/wp\/v2\/media\/60745"}],"wp:attachment":[{"href":"https:\/\/www.multifrigo.pl\/sklep\/wp-json\/wp\/v2\/media?parent=60658"}],"wp:term":[{"taxonomy":"pwb-brand","embeddable":true,"href":"https:\/\/www.multifrigo.pl\/sklep\/wp-json\/wp\/v2\/pwb-brand?post=60658"},{"taxonomy":"product_brand","embeddable":true,"href":"https:\/\/www.multifrigo.pl\/sklep\/wp-json\/wp\/v2\/product_brand?post=60658"},{"taxonomy":"product_cat","embeddable":true,"href":"https:\/\/www.multifrigo.pl\/sklep\/wp-json\/wp\/v2\/product_cat?post=60658"},{"taxonomy":"product_tag","embeddable":true,"href":"https:\/\/www.multifrigo.pl\/sklep\/wp-json\/wp\/v2\/product_tag?post=60658"}],"curies":[{"name":"wp","href":"https:\/\/api.w.org\/{rel}","templated":true}]}}