{"id":60664,"date":"2024-11-05T08:12:31","date_gmt":"2024-11-05T08:12:31","guid":{"rendered":"https:\/\/www.multifrigo.pl\/sklep\/produkt\/warnik-do-makaronu-elektryczny-jednokomorowy-fagor-cp-e7126\/"},"modified":"2025-08-04T11:17:21","modified_gmt":"2025-08-04T11:17:21","slug":"warnik-do-makaronu-elektryczny-jednokomorowy-fagor-cp-e7126","status":"publish","type":"product","link":"https:\/\/www.multifrigo.pl\/sklep\/produkt\/warnik-do-makaronu-elektryczny-jednokomorowy-fagor-cp-e7126\/","title":{"rendered":"Warnik do makaronu elektryczny jednokomorowy | Fagor CP-E7126"},"content":{"rendered":"<p>Blaty wykonane ze stali nierdzewnej AISI-304 o grubo\u015bci 1,5 mm. Komora ze stali nierdzewnej AISI-316L o grubo\u015bci 1,5 mm wbudowana w blat powierzchni. Misa warnika jest nape\u0142nia a przez wlotowy zaw\u00f3r elektromagnetyczny: nape\u0142nianie \u015brednie i szybkie. Odpowietrzenie przez mechaniczny zaw\u00f3r kulowy, odporny na wysokie temperatury.  Bezpiecze\u0144stwo pracy dzi\u0119ki specjalnej podstawie i systemowi zapobiegaj\u0105cemu infiltracji wody. Dost\u0119p do komponent\u00f3w od przodu.  Urz\u0105dzenia z ochron\u0105 przed wod\u0105 klasy IPX5. Elementy grzewcze ze stali nierdzewnej AISI 304 umieszczone wewn\u0105trz komory do bezpo\u015bredniego podgrzewania wody. Ogrzewanie kontrolowane przez regulator energii. Komora o wymiarach GN-2\/3, o pojemno\u015bci 26 litr\u00f3w. Standardowe wyposa\u017cenie: dwa kosze typu 1\/3.<\/p>\n","protected":false},"excerpt":{"rendered":"<p>Blaty wykonane ze stali nierdzewnej AISI-304 o grubo\u015bci 1,5 mm. Komora ze stali nierdzewnej AISI-316L o grubo\u015bci 1,5 mm wbudowana w blat powierzchni. Misa warnika jest nape\u0142nia a przez wlotowy zaw\u00f3r elektromagnetyczny: nape\u0142nianie \u015brednie i szybkie. Odpowietrzenie przez mechaniczny zaw\u00f3r kulowy, odporny na wysokie temperatury. Bezpiecze\u0144stwo pracy dzi\u0119ki specjalnej podstawie i systemowi zapobiegaj\u0105cemu infiltracji wody. [&hellip;]<\/p>\n","protected":false},"featured_media":60751,"template":"","meta":{"_et_pb_use_builder":"","_et_pb_old_content":"","_et_gb_content_width":""},"pwb-brand":[1343],"product_brand":[],"product_cat":[615],"product_tag":[],"class_list":{"0":"post-60664","1":"product","2":"type-product","3":"status-publish","4":"has-post-thumbnail","6":"pwb-brand-fagor","7":"product_cat-makaroniarki-makaroniarki","9":"first","10":"instock","11":"taxable","12":"shipping-taxable","13":"purchasable","14":"product-type-simple"},"brands":[{"id":1343,"name":"Fagor","slug":"fagor"}],"_links":{"self":[{"href":"https:\/\/www.multifrigo.pl\/sklep\/wp-json\/wp\/v2\/product\/60664","targetHints":{"allow":["GET"]}}],"collection":[{"href":"https:\/\/www.multifrigo.pl\/sklep\/wp-json\/wp\/v2\/product"}],"about":[{"href":"https:\/\/www.multifrigo.pl\/sklep\/wp-json\/wp\/v2\/types\/product"}],"wp:featuredmedia":[{"embeddable":true,"href":"https:\/\/www.multifrigo.pl\/sklep\/wp-json\/wp\/v2\/media\/60751"}],"wp:attachment":[{"href":"https:\/\/www.multifrigo.pl\/sklep\/wp-json\/wp\/v2\/media?parent=60664"}],"wp:term":[{"taxonomy":"pwb-brand","embeddable":true,"href":"https:\/\/www.multifrigo.pl\/sklep\/wp-json\/wp\/v2\/pwb-brand?post=60664"},{"taxonomy":"product_brand","embeddable":true,"href":"https:\/\/www.multifrigo.pl\/sklep\/wp-json\/wp\/v2\/product_brand?post=60664"},{"taxonomy":"product_cat","embeddable":true,"href":"https:\/\/www.multifrigo.pl\/sklep\/wp-json\/wp\/v2\/product_cat?post=60664"},{"taxonomy":"product_tag","embeddable":true,"href":"https:\/\/www.multifrigo.pl\/sklep\/wp-json\/wp\/v2\/product_tag?post=60664"}],"curies":[{"name":"wp","href":"https:\/\/api.w.org\/{rel}","templated":true}]}}