{"id":60677,"date":"2024-11-05T08:16:13","date_gmt":"2024-11-05T08:16:13","guid":{"rendered":"https:\/\/www.multifrigo.pl\/sklep\/produkt\/patelnia-przechylna-uchylna-gazowa-60-litrow-fagor-sb-g710\/"},"modified":"2025-08-04T11:18:03","modified_gmt":"2025-08-04T11:18:03","slug":"patelnia-przechylna-uchylna-gazowa-60-litrow-fagor-sb-g710","status":"publish","type":"product","link":"https:\/\/www.multifrigo.pl\/sklep\/produkt\/patelnia-przechylna-uchylna-gazowa-60-litrow-fagor-sb-g710\/","title":{"rendered":"Patelnia przechylna uchylna gazowa 60 litr\u00f3w | Fagor SB-G710"},"content":{"rendered":"<p>System d\u017awigni do podniesienia misy. Mis\u0119 mo\u017cna podnie\u015b\u0107, a\u017c b\u0119dzie pionowo, aby ca\u0142kowicie j\u0105 opr\u00f3\u017cni\u0107.  Ca\u0142a konstrukcja urz\u0105dzenia wykonana ze stali nierdzewnej. Dobrze zaprojektowany z zaokr\u0105glonymi naro\u017cnikami i bez kraw\u0119dzi.  Du\u017ca grubo\u015b\u0107 podstawy misy (10 mm) gwarantuje r\u00f3wnomierny rozk\u0142ad ciep\u0142a. Misa ze stali nierdzewnej o pojemno\u015bci 60 litr\u00f3w. O powierzchni 734 x 464 mm lub 34 dm2. Misa patelni mo\u017ce zosta\u0107 wype\u0142niona wod\u0105 przez pokr\u0119t\u0142o z<br \/>\nprze\u0142\u0105cznikiem usytuowanym  z przodu urz\u0105dzenia. Dwu\u015bcienna pokrywa ze stojakiem z ty\u0142u do odwadniania skroplin w kierunku wn\u0119trza zbiornika. System kompensacji zapobiegaj\u0105cy gwa\u0142townym upadkom. Uchwyt przedniej pokrywy. Termostatyczna kontrola temperatury dna misy patelni, mi\u0119dzy 50 a 300\u00b0 C. Ogrzewanie gazowe za pomoc\u0105 wysokowydajnych palnik\u00f3w ze stali nierdzewnej wykonanych z czterech rurek, kt\u00f3re s\u0105 aktywowane i kontrolowane przez zaw\u00f3r bezpiecze\u0144stwa z termopar\u0105.<\/p>\n","protected":false},"excerpt":{"rendered":"<p>System d\u017awigni do podniesienia misy. Mis\u0119 mo\u017cna podnie\u015b\u0107, a\u017c b\u0119dzie pionowo, aby ca\u0142kowicie j\u0105 opr\u00f3\u017cni\u0107. Ca\u0142a konstrukcja urz\u0105dzenia wykonana ze stali nierdzewnej. Dobrze zaprojektowany z zaokr\u0105glonymi naro\u017cnikami i bez kraw\u0119dzi. Du\u017ca grubo\u015b\u0107 podstawy misy (10 mm) gwarantuje r\u00f3wnomierny rozk\u0142ad ciep\u0142a. Misa ze stali nierdzewnej o pojemno\u015bci 60 litr\u00f3w. O powierzchni 734 x 464 mm lub [&hellip;]<\/p>\n","protected":false},"featured_media":60763,"template":"","meta":{"_et_pb_use_builder":"","_et_pb_old_content":"","_et_gb_content_width":""},"pwb-brand":[1343],"product_brand":[],"product_cat":[476],"product_tag":[],"class_list":{"0":"post-60677","1":"product","2":"type-product","3":"status-publish","4":"has-post-thumbnail","6":"pwb-brand-fagor","7":"product_cat-patelnie-uchylne","9":"first","10":"instock","11":"taxable","12":"shipping-taxable","13":"purchasable","14":"product-type-simple"},"brands":[{"id":1343,"name":"Fagor","slug":"fagor"}],"_links":{"self":[{"href":"https:\/\/www.multifrigo.pl\/sklep\/wp-json\/wp\/v2\/product\/60677","targetHints":{"allow":["GET"]}}],"collection":[{"href":"https:\/\/www.multifrigo.pl\/sklep\/wp-json\/wp\/v2\/product"}],"about":[{"href":"https:\/\/www.multifrigo.pl\/sklep\/wp-json\/wp\/v2\/types\/product"}],"wp:featuredmedia":[{"embeddable":true,"href":"https:\/\/www.multifrigo.pl\/sklep\/wp-json\/wp\/v2\/media\/60763"}],"wp:attachment":[{"href":"https:\/\/www.multifrigo.pl\/sklep\/wp-json\/wp\/v2\/media?parent=60677"}],"wp:term":[{"taxonomy":"pwb-brand","embeddable":true,"href":"https:\/\/www.multifrigo.pl\/sklep\/wp-json\/wp\/v2\/pwb-brand?post=60677"},{"taxonomy":"product_brand","embeddable":true,"href":"https:\/\/www.multifrigo.pl\/sklep\/wp-json\/wp\/v2\/product_brand?post=60677"},{"taxonomy":"product_cat","embeddable":true,"href":"https:\/\/www.multifrigo.pl\/sklep\/wp-json\/wp\/v2\/product_cat?post=60677"},{"taxonomy":"product_tag","embeddable":true,"href":"https:\/\/www.multifrigo.pl\/sklep\/wp-json\/wp\/v2\/product_tag?post=60677"}],"curies":[{"name":"wp","href":"https:\/\/api.w.org\/{rel}","templated":true}]}}