{"id":60679,"date":"2024-11-05T08:16:22","date_gmt":"2024-11-05T08:16:22","guid":{"rendered":"https:\/\/www.multifrigo.pl\/sklep\/produkt\/bemar-gazowy-gn-1-1-fagor-bm-g705\/"},"modified":"2025-08-04T11:18:09","modified_gmt":"2025-08-04T11:18:09","slug":"bemar-gazowy-gn-1-1-fagor-bm-g705","status":"publish","type":"product","link":"https:\/\/www.multifrigo.pl\/sklep\/produkt\/bemar-gazowy-gn-1-1-fagor-bm-g705\/","title":{"rendered":"Bemar gazowy GN-1\/1 | Fagor BM-G705"},"content":{"rendered":"<p>Blat wykonany ze stali nierdzewnej AISI-304 o grubo\u015bci 1,5 mm. Wg\u0142\u0119bienia ze stali nierdzewnej AISI-304 wbudowane w blat powierzchni. Drena\u017c grawitacyjny: prosty drena\u017c poprzez usuni\u0119cie rury przelewowej.Termostatyczna kontrola temperatury wody od 30 do 90 \u00b0 C.<br \/>\n Sterowanie z ochronn\u0105 podstaw\u0105 i systemem zapobiegaj\u0105cym przelaniu wody (ochrona IPX5). Model gazowy: Izolowana komora spalania redukuj\u0105ca nagrzewanie si\u0119 element\u00f3w. Wysokowydajny palnik ze stali nierdzewnej umieszczony na zewn\u0105trz zbiornika. Rurka do alternatywnego r\u0119cznego zap\u0142onu. Zbiornik, kt\u00f3ry mo\u017cna stosowa\u0107 z r\u00f3\u017cnymi rodzajami pojemnik\u00f3w Gastronorm o r\u00f3\u017cnych rozmiarach, wysoko\u015bci 150 mm i o nast\u0119puj\u0105cych<br \/>\nwymiarach: GN-1\/1, o pojemno\u015bci 17 litr\u00f3w.  W wyposa\u017ceniu  2 prowadnice do obs\u0142ugi pojemnik\u00f3w Gastronorm.<\/p>\n","protected":false},"excerpt":{"rendered":"<p>Blat wykonany ze stali nierdzewnej AISI-304 o grubo\u015bci 1,5 mm. Wg\u0142\u0119bienia ze stali nierdzewnej AISI-304 wbudowane w blat powierzchni. Drena\u017c grawitacyjny: prosty drena\u017c poprzez usuni\u0119cie rury przelewowej.Termostatyczna kontrola temperatury wody od 30 do 90 \u00b0 C. Sterowanie z ochronn\u0105 podstaw\u0105 i systemem zapobiegaj\u0105cym przelaniu wody (ochrona IPX5). Model gazowy: Izolowana komora spalania redukuj\u0105ca nagrzewanie si\u0119 [&hellip;]<\/p>\n","protected":false},"featured_media":60765,"template":"","meta":{"_et_pb_use_builder":"","_et_pb_old_content":"","_et_gb_content_width":""},"pwb-brand":[1343],"product_brand":[],"product_cat":[442],"product_tag":[],"class_list":{"0":"post-60679","1":"product","2":"type-product","3":"status-publish","4":"has-post-thumbnail","6":"pwb-brand-fagor","7":"product_cat-bemary-nastawne","9":"first","10":"instock","11":"taxable","12":"shipping-taxable","13":"purchasable","14":"product-type-simple"},"brands":[{"id":1343,"name":"Fagor","slug":"fagor"}],"_links":{"self":[{"href":"https:\/\/www.multifrigo.pl\/sklep\/wp-json\/wp\/v2\/product\/60679","targetHints":{"allow":["GET"]}}],"collection":[{"href":"https:\/\/www.multifrigo.pl\/sklep\/wp-json\/wp\/v2\/product"}],"about":[{"href":"https:\/\/www.multifrigo.pl\/sklep\/wp-json\/wp\/v2\/types\/product"}],"wp:featuredmedia":[{"embeddable":true,"href":"https:\/\/www.multifrigo.pl\/sklep\/wp-json\/wp\/v2\/media\/60765"}],"wp:attachment":[{"href":"https:\/\/www.multifrigo.pl\/sklep\/wp-json\/wp\/v2\/media?parent=60679"}],"wp:term":[{"taxonomy":"pwb-brand","embeddable":true,"href":"https:\/\/www.multifrigo.pl\/sklep\/wp-json\/wp\/v2\/pwb-brand?post=60679"},{"taxonomy":"product_brand","embeddable":true,"href":"https:\/\/www.multifrigo.pl\/sklep\/wp-json\/wp\/v2\/product_brand?post=60679"},{"taxonomy":"product_cat","embeddable":true,"href":"https:\/\/www.multifrigo.pl\/sklep\/wp-json\/wp\/v2\/product_cat?post=60679"},{"taxonomy":"product_tag","embeddable":true,"href":"https:\/\/www.multifrigo.pl\/sklep\/wp-json\/wp\/v2\/product_tag?post=60679"}],"curies":[{"name":"wp","href":"https:\/\/api.w.org\/{rel}","templated":true}]}}