{"id":60683,"date":"2024-11-05T08:17:26","date_gmt":"2024-11-05T08:17:26","guid":{"rendered":"https:\/\/www.multifrigo.pl\/sklep\/produkt\/podgrzewacz-do-frytek-elektryczny-fagor-mf-e705\/"},"modified":"2025-08-04T11:18:20","modified_gmt":"2025-08-04T11:18:20","slug":"podgrzewacz-do-frytek-elektryczny-fagor-mf-e705","status":"publish","type":"product","link":"https:\/\/www.multifrigo.pl\/sklep\/produkt\/podgrzewacz-do-frytek-elektryczny-fagor-mf-e705\/","title":{"rendered":"Podgrzewacz do frytek elektryczny | Fagor MF-E705"},"content":{"rendered":"<p>P\u00f3\u0142modu\u0142owe urz\u0105dzenie ogrzewane elektrycznie \u015bwiat\u0142em podczerwonym umieszczonym z ty\u0142u urz\u0105dzenia, aktywowane prze\u0142\u0105cznikiem W\u0141. \/ WY\u0141. Blat wykonany ze stali nierdzewnej AISI-304 o grubo\u015bci 1,5 mm.  Dobrze wbudowany w wierzchni\u0105 powierzchni\u0119 o pojemno\u015bci do blach<br \/>\nGastronorm o wysoko\u015bci 150 mm &#8211; 1\/1. Wyposa\u017cony w wyjmowany, perforowany filtr ze stali nierdzewnej, kt\u00f3ry jest przechylany w celu usuni\u0119cia nadmiaru oleju z frytkownicy. Sterowanie za pomoc\u0105 systemu zapobiegaj\u0105cego przelaniu wody, stopie\u0144ochrony IPX5.<\/p>\n","protected":false},"excerpt":{"rendered":"<p>P\u00f3\u0142modu\u0142owe urz\u0105dzenie ogrzewane elektrycznie \u015bwiat\u0142em podczerwonym umieszczonym z ty\u0142u urz\u0105dzenia, aktywowane prze\u0142\u0105cznikiem W\u0141. \/ WY\u0141. Blat wykonany ze stali nierdzewnej AISI-304 o grubo\u015bci 1,5 mm. Dobrze wbudowany w wierzchni\u0105 powierzchni\u0119 o pojemno\u015bci do blach Gastronorm o wysoko\u015bci 150 mm &#8211; 1\/1. Wyposa\u017cony w wyjmowany, perforowany filtr ze stali nierdzewnej, kt\u00f3ry jest przechylany w celu usuni\u0119cia [&hellip;]<\/p>\n","protected":false},"featured_media":60769,"template":"","meta":{"_et_pb_use_builder":"","_et_pb_old_content":"","_et_gb_content_width":""},"pwb-brand":[1343],"product_brand":[],"product_cat":[292],"product_tag":[],"class_list":{"0":"post-60683","1":"product","2":"type-product","3":"status-publish","4":"has-post-thumbnail","6":"pwb-brand-fagor","7":"product_cat-podgrzewacze-bufetowe","9":"first","10":"instock","11":"taxable","12":"shipping-taxable","13":"purchasable","14":"product-type-simple"},"brands":[{"id":1343,"name":"Fagor","slug":"fagor"}],"_links":{"self":[{"href":"https:\/\/www.multifrigo.pl\/sklep\/wp-json\/wp\/v2\/product\/60683","targetHints":{"allow":["GET"]}}],"collection":[{"href":"https:\/\/www.multifrigo.pl\/sklep\/wp-json\/wp\/v2\/product"}],"about":[{"href":"https:\/\/www.multifrigo.pl\/sklep\/wp-json\/wp\/v2\/types\/product"}],"wp:featuredmedia":[{"embeddable":true,"href":"https:\/\/www.multifrigo.pl\/sklep\/wp-json\/wp\/v2\/media\/60769"}],"wp:attachment":[{"href":"https:\/\/www.multifrigo.pl\/sklep\/wp-json\/wp\/v2\/media?parent=60683"}],"wp:term":[{"taxonomy":"pwb-brand","embeddable":true,"href":"https:\/\/www.multifrigo.pl\/sklep\/wp-json\/wp\/v2\/pwb-brand?post=60683"},{"taxonomy":"product_brand","embeddable":true,"href":"https:\/\/www.multifrigo.pl\/sklep\/wp-json\/wp\/v2\/product_brand?post=60683"},{"taxonomy":"product_cat","embeddable":true,"href":"https:\/\/www.multifrigo.pl\/sklep\/wp-json\/wp\/v2\/product_cat?post=60683"},{"taxonomy":"product_tag","embeddable":true,"href":"https:\/\/www.multifrigo.pl\/sklep\/wp-json\/wp\/v2\/product_tag?post=60683"}],"curies":[{"name":"wp","href":"https:\/\/api.w.org\/{rel}","templated":true}]}}