{"id":60686,"date":"2024-11-05T08:19:09","date_gmt":"2024-11-05T08:19:09","guid":{"rendered":"https:\/\/www.multifrigo.pl\/sklep\/produkt\/podstawa-800x660x560-mm-fagor-mb-710\/"},"modified":"2025-08-04T11:18:28","modified_gmt":"2025-08-04T11:18:28","slug":"podstawa-800x660x560-mm-fagor-mb-710","status":"publish","type":"product","link":"https:\/\/www.multifrigo.pl\/sklep\/produkt\/podstawa-800x660x560-mm-fagor-mb-710\/","title":{"rendered":"Podstawa 800x660x560 mm | Fagor MB-710"},"content":{"rendered":"<p>Wykonany z solidnej konstrukcji ze stali nierdzewnej AISI-304. Mo\u017ce by\u0107 szybko pod\u0142\u0105czona, aby s\u0142u\u017cy\u0107 jako wspornik do element\u00f3w powierzchni z serii KORE 700. Mo\u017ce by\u0107 stosowana jako otwarty element do magazynowania. Ca\u0142y modu\u0142. Zaprojektowana do przymocowania opcjonalnego drzwi.<\/p>\n","protected":false},"excerpt":{"rendered":"<p>Wykonany z solidnej konstrukcji ze stali nierdzewnej AISI-304. Mo\u017ce by\u0107 szybko pod\u0142\u0105czona, aby s\u0142u\u017cy\u0107 jako wspornik do element\u00f3w powierzchni z serii KORE 700. Mo\u017ce by\u0107 stosowana jako otwarty element do magazynowania. Ca\u0142y modu\u0142. Zaprojektowana do przymocowania opcjonalnego drzwi.<\/p>\n","protected":false},"featured_media":60772,"template":"","meta":{"_et_pb_use_builder":"","_et_pb_old_content":"","_et_gb_content_width":""},"pwb-brand":[1343],"product_brand":[],"product_cat":[1007],"product_tag":[],"class_list":{"0":"post-60686","1":"product","2":"type-product","3":"status-publish","4":"has-post-thumbnail","6":"pwb-brand-fagor","7":"product_cat-podstawy-pod-inne-urzadzenia","9":"first","10":"instock","11":"taxable","12":"shipping-taxable","13":"purchasable","14":"product-type-simple"},"brands":[{"id":1343,"name":"Fagor","slug":"fagor"}],"_links":{"self":[{"href":"https:\/\/www.multifrigo.pl\/sklep\/wp-json\/wp\/v2\/product\/60686","targetHints":{"allow":["GET"]}}],"collection":[{"href":"https:\/\/www.multifrigo.pl\/sklep\/wp-json\/wp\/v2\/product"}],"about":[{"href":"https:\/\/www.multifrigo.pl\/sklep\/wp-json\/wp\/v2\/types\/product"}],"wp:featuredmedia":[{"embeddable":true,"href":"https:\/\/www.multifrigo.pl\/sklep\/wp-json\/wp\/v2\/media\/60772"}],"wp:attachment":[{"href":"https:\/\/www.multifrigo.pl\/sklep\/wp-json\/wp\/v2\/media?parent=60686"}],"wp:term":[{"taxonomy":"pwb-brand","embeddable":true,"href":"https:\/\/www.multifrigo.pl\/sklep\/wp-json\/wp\/v2\/pwb-brand?post=60686"},{"taxonomy":"product_brand","embeddable":true,"href":"https:\/\/www.multifrigo.pl\/sklep\/wp-json\/wp\/v2\/product_brand?post=60686"},{"taxonomy":"product_cat","embeddable":true,"href":"https:\/\/www.multifrigo.pl\/sklep\/wp-json\/wp\/v2\/product_cat?post=60686"},{"taxonomy":"product_tag","embeddable":true,"href":"https:\/\/www.multifrigo.pl\/sklep\/wp-json\/wp\/v2\/product_tag?post=60686"}],"curies":[{"name":"wp","href":"https:\/\/api.w.org\/{rel}","templated":true}]}}