{"id":60687,"date":"2024-11-05T08:19:14","date_gmt":"2024-11-05T08:19:14","guid":{"rendered":"https:\/\/www.multifrigo.pl\/sklep\/produkt\/podstawa-1200x660x560-mm-fagor-mb-715\/"},"modified":"2025-08-04T11:18:30","modified_gmt":"2025-08-04T11:18:30","slug":"podstawa-1200x660x560-mm-fagor-mb-715","status":"publish","type":"product","link":"https:\/\/www.multifrigo.pl\/sklep\/produkt\/podstawa-1200x660x560-mm-fagor-mb-715\/","title":{"rendered":"Podstawa 1200x660x560 mm | Fagor MB-715"},"content":{"rendered":"<p>Wykonany z solidnej konstrukcji ze stali nierdzewnej AISI-304. Mo\u017ce by\u0107 szybko pod\u0142\u0105czona, aby s\u0142u\u017cy\u0107 jako wspornik do element\u00f3w powierzchni z serii KORE 700. Mo\u017ce by\u0107 stosowana jako otwarty element do magazynowania. \u0106wier\u0107 modu\u0142u. Zaprojektowana do przymocowania opcjonalnego drzwi.<\/p>\n","protected":false},"excerpt":{"rendered":"<p>Wykonany z solidnej konstrukcji ze stali nierdzewnej AISI-304. Mo\u017ce by\u0107 szybko pod\u0142\u0105czona, aby s\u0142u\u017cy\u0107 jako wspornik do element\u00f3w powierzchni z serii KORE 700. Mo\u017ce by\u0107 stosowana jako otwarty element do magazynowania. \u0106wier\u0107 modu\u0142u. Zaprojektowana do przymocowania opcjonalnego drzwi.<\/p>\n","protected":false},"featured_media":60773,"template":"","meta":{"_et_pb_use_builder":"","_et_pb_old_content":"","_et_gb_content_width":""},"pwb-brand":[1343],"product_brand":[],"product_cat":[1007],"product_tag":[],"class_list":{"0":"post-60687","1":"product","2":"type-product","3":"status-publish","4":"has-post-thumbnail","6":"pwb-brand-fagor","7":"product_cat-podstawy-pod-inne-urzadzenia","9":"first","10":"instock","11":"taxable","12":"shipping-taxable","13":"purchasable","14":"product-type-simple"},"brands":[{"id":1343,"name":"Fagor","slug":"fagor"}],"_links":{"self":[{"href":"https:\/\/www.multifrigo.pl\/sklep\/wp-json\/wp\/v2\/product\/60687","targetHints":{"allow":["GET"]}}],"collection":[{"href":"https:\/\/www.multifrigo.pl\/sklep\/wp-json\/wp\/v2\/product"}],"about":[{"href":"https:\/\/www.multifrigo.pl\/sklep\/wp-json\/wp\/v2\/types\/product"}],"wp:featuredmedia":[{"embeddable":true,"href":"https:\/\/www.multifrigo.pl\/sklep\/wp-json\/wp\/v2\/media\/60773"}],"wp:attachment":[{"href":"https:\/\/www.multifrigo.pl\/sklep\/wp-json\/wp\/v2\/media?parent=60687"}],"wp:term":[{"taxonomy":"pwb-brand","embeddable":true,"href":"https:\/\/www.multifrigo.pl\/sklep\/wp-json\/wp\/v2\/pwb-brand?post=60687"},{"taxonomy":"product_brand","embeddable":true,"href":"https:\/\/www.multifrigo.pl\/sklep\/wp-json\/wp\/v2\/product_brand?post=60687"},{"taxonomy":"product_cat","embeddable":true,"href":"https:\/\/www.multifrigo.pl\/sklep\/wp-json\/wp\/v2\/product_cat?post=60687"},{"taxonomy":"product_tag","embeddable":true,"href":"https:\/\/www.multifrigo.pl\/sklep\/wp-json\/wp\/v2\/product_tag?post=60687"}],"curies":[{"name":"wp","href":"https:\/\/api.w.org\/{rel}","templated":true}]}}