{"id":60907,"date":"2024-11-13T13:56:14","date_gmt":"2024-11-13T13:56:14","guid":{"rendered":"https:\/\/www.multifrigo.pl\/sklep\/produkt\/szafa-chlodnicza-dwudrzwiowa-548l-concept-fagor-cup-12g\/"},"modified":"2025-08-04T10:24:41","modified_gmt":"2025-08-04T10:24:41","slug":"szafa-chlodnicza-dwudrzwiowa-548l-concept-fagor-cup-12g","status":"publish","type":"product","link":"https:\/\/www.multifrigo.pl\/sklep\/produkt\/szafa-chlodnicza-dwudrzwiowa-548l-concept-fagor-cup-12g\/","title":{"rendered":"Szafa ch\u0142odnicza dwudrzwiowa 548l Concept | Fagor CUP-12G"},"content":{"rendered":"<p>Pojemno\u015b\u0107 543 litry, 2x ma\u0142e pe\u0142ne drzwi \u00b7 T\u0142oczone \u015bcianki komory, wn\u0119trze z austenitycznej stali nierdzewnej.\u00b7 Izolacja- 60 mm wtryskiwanego poliuretanu o g\u0119sto\u015bci 40 kg\/m3 .\u00b7 3 czujniki pracy agregatu -ca\u0142kowita kontrola pracy  spr\u0119\u017carki  \u00b7 Alarm ostrzegaj\u0105cy przed wyd\u0142u\u017conym otwarciem drzwi.\u00b7 Drzwi z mo\u017cliwo\u015bci\u0105 monta\u017cu zawias\u00f3w po lewej i prawej stronie,  z automatycznym zamkni\u0119ciem i blokad\u0105 otwarcia przy 90\u00b0. \u00b7 Elektroniczna i cyfrowa regulacja temperatury i rozmra\u017cania.\u00b7  O\u015bwietlenie LED \u00b7 Regulowane nogi ze stali nierdzewnej.  Tryb ECO Nowoczesny Czynnik ch\u0142odniczy: R-600A, Temperatura robocza: 0\u00b0C do +8\u00b0C, Klasa klimatyczna 4, Klasa energetyczna C<\/p>\n","protected":false},"excerpt":{"rendered":"<p>Pojemno\u015b\u0107 543 litry, 2x ma\u0142e pe\u0142ne drzwi \u00b7 T\u0142oczone \u015bcianki komory, wn\u0119trze z austenitycznej stali nierdzewnej.\u00b7 Izolacja- 60 mm wtryskiwanego poliuretanu o g\u0119sto\u015bci 40 kg\/m3 .\u00b7 3 czujniki pracy agregatu -ca\u0142kowita kontrola pracy spr\u0119\u017carki \u00b7 Alarm ostrzegaj\u0105cy przed wyd\u0142u\u017conym otwarciem drzwi.\u00b7 Drzwi z mo\u017cliwo\u015bci\u0105 monta\u017cu zawias\u00f3w po lewej i prawej stronie, z automatycznym zamkni\u0119ciem i [&hellip;]<\/p>\n","protected":false},"featured_media":61093,"template":"","meta":{"_et_pb_use_builder":"","_et_pb_old_content":"","_et_gb_content_width":""},"pwb-brand":[1343],"product_brand":[],"product_cat":[518],"product_tag":[],"class_list":{"0":"post-60907","1":"product","2":"type-product","3":"status-publish","4":"has-post-thumbnail","6":"pwb-brand-fagor","7":"product_cat-szafy-chlodnicze","9":"first","10":"instock","11":"taxable","12":"shipping-taxable","13":"purchasable","14":"product-type-simple"},"brands":[{"id":1343,"name":"Fagor","slug":"fagor"}],"_links":{"self":[{"href":"https:\/\/www.multifrigo.pl\/sklep\/wp-json\/wp\/v2\/product\/60907","targetHints":{"allow":["GET"]}}],"collection":[{"href":"https:\/\/www.multifrigo.pl\/sklep\/wp-json\/wp\/v2\/product"}],"about":[{"href":"https:\/\/www.multifrigo.pl\/sklep\/wp-json\/wp\/v2\/types\/product"}],"wp:featuredmedia":[{"embeddable":true,"href":"https:\/\/www.multifrigo.pl\/sklep\/wp-json\/wp\/v2\/media\/61093"}],"wp:attachment":[{"href":"https:\/\/www.multifrigo.pl\/sklep\/wp-json\/wp\/v2\/media?parent=60907"}],"wp:term":[{"taxonomy":"pwb-brand","embeddable":true,"href":"https:\/\/www.multifrigo.pl\/sklep\/wp-json\/wp\/v2\/pwb-brand?post=60907"},{"taxonomy":"product_brand","embeddable":true,"href":"https:\/\/www.multifrigo.pl\/sklep\/wp-json\/wp\/v2\/product_brand?post=60907"},{"taxonomy":"product_cat","embeddable":true,"href":"https:\/\/www.multifrigo.pl\/sklep\/wp-json\/wp\/v2\/product_cat?post=60907"},{"taxonomy":"product_tag","embeddable":true,"href":"https:\/\/www.multifrigo.pl\/sklep\/wp-json\/wp\/v2\/product_tag?post=60907"}],"curies":[{"name":"wp","href":"https:\/\/api.w.org\/{rel}","templated":true}]}}