{"id":60943,"date":"2024-11-13T14:28:59","date_gmt":"2024-11-13T14:28:59","guid":{"rendered":"https:\/\/www.multifrigo.pl\/sklep\/produkt\/szafa-chlodniczo-mroznicza-dwudrzwiowa-1109l-snack-concept-fagor-cud-22s-n\/"},"modified":"2025-08-04T10:26:31","modified_gmt":"2025-08-04T10:26:31","slug":"szafa-chlodniczo-mroznicza-dwudrzwiowa-1109l-snack-concept-fagor-cud-22s-n","status":"publish","type":"product","link":"https:\/\/www.multifrigo.pl\/sklep\/produkt\/szafa-chlodniczo-mroznicza-dwudrzwiowa-1109l-snack-concept-fagor-cud-22s-n\/","title":{"rendered":"Szafa ch\u0142odniczo-mro\u017anicza dwudrzwiowa 1109l Snack Concept | Fagor CUD-22S\/N"},"content":{"rendered":"<p>Pojemno\u015b\u0107 1012 litr\u00f3w. 2 x pe\u0142ne drzwi. Dwa niezale\u017cne modu\u0142y z\u00a0osobnymi agregatami oraz elektronicznym sterowaniem. Modu\u0142 ch\u0142odniczy: &#8211; Wymuszony obieg powietrza &#8211; Zakres temperatury pracy komory od : 0 \u00b0C do +8 \u00b0C Modu\u0142 mro\u017aniczy: &#8211; Wymuszony obieg powietrza &#8211; Zakres temperatury pracy od -18\u00b0C do -22\u00b0C. Czynnik ch\u0142odniczy R600a.<\/p>\n","protected":false},"excerpt":{"rendered":"<p>Pojemno\u015b\u0107 1012 litr\u00f3w. 2 x pe\u0142ne drzwi. Dwa niezale\u017cne modu\u0142y z\u00a0osobnymi agregatami oraz elektronicznym sterowaniem. Modu\u0142 ch\u0142odniczy: &#8211; Wymuszony obieg powietrza &#8211; Zakres temperatury pracy komory od : 0 \u00b0C do +8 \u00b0C Modu\u0142 mro\u017aniczy: &#8211; Wymuszony obieg powietrza &#8211; Zakres temperatury pracy od -18\u00b0C do -22\u00b0C. Czynnik ch\u0142odniczy R600a.<\/p>\n","protected":false},"featured_media":61126,"template":"","meta":{"_et_pb_use_builder":"","_et_pb_old_content":"","_et_gb_content_width":""},"pwb-brand":[1343],"product_brand":[],"product_cat":[528],"product_tag":[],"class_list":{"0":"post-60943","1":"product","2":"type-product","3":"status-publish","4":"has-post-thumbnail","6":"pwb-brand-fagor","7":"product_cat-szafy-chlodniczo-mroznicze","9":"first","10":"instock","11":"taxable","12":"shipping-taxable","13":"purchasable","14":"product-type-simple"},"brands":[{"id":1343,"name":"Fagor","slug":"fagor"}],"_links":{"self":[{"href":"https:\/\/www.multifrigo.pl\/sklep\/wp-json\/wp\/v2\/product\/60943","targetHints":{"allow":["GET"]}}],"collection":[{"href":"https:\/\/www.multifrigo.pl\/sklep\/wp-json\/wp\/v2\/product"}],"about":[{"href":"https:\/\/www.multifrigo.pl\/sklep\/wp-json\/wp\/v2\/types\/product"}],"wp:featuredmedia":[{"embeddable":true,"href":"https:\/\/www.multifrigo.pl\/sklep\/wp-json\/wp\/v2\/media\/61126"}],"wp:attachment":[{"href":"https:\/\/www.multifrigo.pl\/sklep\/wp-json\/wp\/v2\/media?parent=60943"}],"wp:term":[{"taxonomy":"pwb-brand","embeddable":true,"href":"https:\/\/www.multifrigo.pl\/sklep\/wp-json\/wp\/v2\/pwb-brand?post=60943"},{"taxonomy":"product_brand","embeddable":true,"href":"https:\/\/www.multifrigo.pl\/sklep\/wp-json\/wp\/v2\/product_brand?post=60943"},{"taxonomy":"product_cat","embeddable":true,"href":"https:\/\/www.multifrigo.pl\/sklep\/wp-json\/wp\/v2\/product_cat?post=60943"},{"taxonomy":"product_tag","embeddable":true,"href":"https:\/\/www.multifrigo.pl\/sklep\/wp-json\/wp\/v2\/product_tag?post=60943"}],"curies":[{"name":"wp","href":"https:\/\/api.w.org\/{rel}","templated":true}]}}