{"id":60945,"date":"2024-11-13T14:30:33","date_gmt":"2024-11-13T14:30:33","guid":{"rendered":"https:\/\/www.multifrigo.pl\/sklep\/produkt\/szafa-chlodniczo-mroznicza-trzydrzwiowa-1109l-snack-concept-fagor-cud-23s-n\/"},"modified":"2025-08-04T10:26:37","modified_gmt":"2025-08-04T10:26:37","slug":"szafa-chlodniczo-mroznicza-trzydrzwiowa-1109l-snack-concept-fagor-cud-23s-n","status":"publish","type":"product","link":"https:\/\/www.multifrigo.pl\/sklep\/produkt\/szafa-chlodniczo-mroznicza-trzydrzwiowa-1109l-snack-concept-fagor-cud-23s-n\/","title":{"rendered":"Szafa ch\u0142odniczo-mro\u017anicza trzydrzwiowa 1109l Snack Concept | Fagor CUD-23S\/N"},"content":{"rendered":"<p>Pojemno\u015b\u0107 1109 litr\u00f3w. Czynnik ch\u0142odniczy R600a. Komora mro\u017anicza:<br \/>\n&#8211; Wyposa\u017cenie: 3 pojemniki PVC<br \/>\n&#8211; Miedziany parownik z aluminiowymi \u017ceberkami<br \/>\n&#8211; Przyjazny dla \u015brodowiska czynnik ch\u0142odniczy R290<br \/>\n&#8211; Wymuszony obieg powietrza<br \/>\n&#8211; Automatyczne odparowanie wody podczas rozmra\u017cania<br \/>\n -Zakres temperatury pracy od -18 \u00b0C do -22 \u00b0C <\/p>\n","protected":false},"excerpt":{"rendered":"<p>Pojemno\u015b\u0107 1109 litr\u00f3w. Czynnik ch\u0142odniczy R600a. Komora mro\u017anicza: &#8211; Wyposa\u017cenie: 3 pojemniki PVC &#8211; Miedziany parownik z aluminiowymi \u017ceberkami &#8211; Przyjazny dla \u015brodowiska czynnik ch\u0142odniczy R290 &#8211; Wymuszony obieg powietrza &#8211; Automatyczne odparowanie wody podczas rozmra\u017cania -Zakres temperatury pracy od -18 \u00b0C do -22 \u00b0C<\/p>\n","protected":false},"featured_media":61128,"template":"","meta":{"_et_pb_use_builder":"","_et_pb_old_content":"","_et_gb_content_width":""},"pwb-brand":[1343],"product_brand":[],"product_cat":[528],"product_tag":[],"class_list":{"0":"post-60945","1":"product","2":"type-product","3":"status-publish","4":"has-post-thumbnail","6":"pwb-brand-fagor","7":"product_cat-szafy-chlodniczo-mroznicze","9":"first","10":"instock","11":"taxable","12":"shipping-taxable","13":"purchasable","14":"product-type-simple"},"brands":[{"id":1343,"name":"Fagor","slug":"fagor"}],"_links":{"self":[{"href":"https:\/\/www.multifrigo.pl\/sklep\/wp-json\/wp\/v2\/product\/60945","targetHints":{"allow":["GET"]}}],"collection":[{"href":"https:\/\/www.multifrigo.pl\/sklep\/wp-json\/wp\/v2\/product"}],"about":[{"href":"https:\/\/www.multifrigo.pl\/sklep\/wp-json\/wp\/v2\/types\/product"}],"wp:featuredmedia":[{"embeddable":true,"href":"https:\/\/www.multifrigo.pl\/sklep\/wp-json\/wp\/v2\/media\/61128"}],"wp:attachment":[{"href":"https:\/\/www.multifrigo.pl\/sklep\/wp-json\/wp\/v2\/media?parent=60945"}],"wp:term":[{"taxonomy":"pwb-brand","embeddable":true,"href":"https:\/\/www.multifrigo.pl\/sklep\/wp-json\/wp\/v2\/pwb-brand?post=60945"},{"taxonomy":"product_brand","embeddable":true,"href":"https:\/\/www.multifrigo.pl\/sklep\/wp-json\/wp\/v2\/product_brand?post=60945"},{"taxonomy":"product_cat","embeddable":true,"href":"https:\/\/www.multifrigo.pl\/sklep\/wp-json\/wp\/v2\/product_cat?post=60945"},{"taxonomy":"product_tag","embeddable":true,"href":"https:\/\/www.multifrigo.pl\/sklep\/wp-json\/wp\/v2\/product_tag?post=60945"}],"curies":[{"name":"wp","href":"https:\/\/api.w.org\/{rel}","templated":true}]}}