{"id":60949,"date":"2024-11-13T14:34:08","date_gmt":"2024-11-13T14:34:08","guid":{"rendered":"https:\/\/www.multifrigo.pl\/sklep\/produkt\/szafa-chlodnicza-dwudrzwiowa-piekarnicza-574l-concept-fagor-cup-22bb-pl\/"},"modified":"2025-08-04T10:26:51","modified_gmt":"2025-08-04T10:26:51","slug":"szafa-chlodnicza-dwudrzwiowa-piekarnicza-574l-concept-fagor-cup-22bb-pl","status":"publish","type":"product","link":"https:\/\/www.multifrigo.pl\/sklep\/produkt\/szafa-chlodnicza-dwudrzwiowa-piekarnicza-574l-concept-fagor-cup-22bb-pl\/","title":{"rendered":"Szafa ch\u0142odnicza dwudrzwiowa piekarnicza 574l Concept | Fagor CUP-22BB PL"},"content":{"rendered":"<p>Konstrukcja ze stali nierdzewnej AISI-304. Natryskowa poliuretanowa izolacja o\u00a0g\u0119sto\u015bci 40 kg\/m3 i\u00a0o\u00a0grubo\u015bci 50 mm. Wn\u0119trze ze stali nierdzewnej z\u00a0solidnymi prowadnicami do standardowych blach do pieczenia o\u00a0wymiarach 600 x 400 mm (do 17 poziom\u00f3w). Wyposa\u017cone w\u00a03 p\u00f3\u0142ki o\u00a0wymiarach 600 x 400 mm, idealne do stosowania w\u00a0piekarniach. Parownik z\u00a0miedzianymi przewodami oraz aluminiowymi klapami z\u00a0nierdzewn\u0105 pow\u0142ok\u0105 ochronn\u0105. Numeryczny wy\u015bwietlacz dla elektronicznej i\u00a0cyfrowej kontroli temperatury i\u00a0odmra\u017cania. Alarm dla d\u0142ugiego otwarcia drzwi. Samozamykaj\u0105cy system otwartych drzwi. Kiedy pozostaj\u0105 otwarte pod k\u0105tem mniejszym ni\u017c 90\u00ba, zamykaj\u0105 si\u0119 samoczynnie. Kiedy s\u0105 otwarte pod k\u0105tem wi\u0119kszym ni\u017c 135\u00ba nie zamykaj\u0105 si\u0119. Wbudowane odprowadzenie odpad\u00f3w p\u0142ynnych wewn\u0105trz komory. Nogi ze stali nierdzewnej z\u00a0regulacj\u0105 wysoko\u015bci. Zakres temperatury pracy od 0 \u00baC do +8\u00a0\u00baC. Testowane w\u00a0klasie klimatycznej IV.<\/p>\n","protected":false},"excerpt":{"rendered":"<p>Konstrukcja ze stali nierdzewnej AISI-304. Natryskowa poliuretanowa izolacja o\u00a0g\u0119sto\u015bci 40 kg\/m3 i\u00a0o\u00a0grubo\u015bci 50 mm. Wn\u0119trze ze stali nierdzewnej z\u00a0solidnymi prowadnicami do standardowych blach do pieczenia o\u00a0wymiarach 600 x 400 mm (do 17 poziom\u00f3w). Wyposa\u017cone w\u00a03 p\u00f3\u0142ki o\u00a0wymiarach 600 x 400 mm, idealne do stosowania w\u00a0piekarniach. Parownik z\u00a0miedzianymi przewodami oraz aluminiowymi klapami z\u00a0nierdzewn\u0105 pow\u0142ok\u0105 ochronn\u0105. Numeryczny [&hellip;]<\/p>\n","protected":false},"featured_media":61132,"template":"","meta":{"_et_pb_use_builder":"","_et_pb_old_content":"","_et_gb_content_width":""},"pwb-brand":[1343],"product_brand":[],"product_cat":[518],"product_tag":[],"class_list":{"0":"post-60949","1":"product","2":"type-product","3":"status-publish","4":"has-post-thumbnail","6":"pwb-brand-fagor","7":"product_cat-szafy-chlodnicze","9":"first","10":"instock","11":"taxable","12":"shipping-taxable","13":"purchasable","14":"product-type-simple"},"brands":[{"id":1343,"name":"Fagor","slug":"fagor"}],"_links":{"self":[{"href":"https:\/\/www.multifrigo.pl\/sklep\/wp-json\/wp\/v2\/product\/60949","targetHints":{"allow":["GET"]}}],"collection":[{"href":"https:\/\/www.multifrigo.pl\/sklep\/wp-json\/wp\/v2\/product"}],"about":[{"href":"https:\/\/www.multifrigo.pl\/sklep\/wp-json\/wp\/v2\/types\/product"}],"wp:featuredmedia":[{"embeddable":true,"href":"https:\/\/www.multifrigo.pl\/sklep\/wp-json\/wp\/v2\/media\/61132"}],"wp:attachment":[{"href":"https:\/\/www.multifrigo.pl\/sklep\/wp-json\/wp\/v2\/media?parent=60949"}],"wp:term":[{"taxonomy":"pwb-brand","embeddable":true,"href":"https:\/\/www.multifrigo.pl\/sklep\/wp-json\/wp\/v2\/pwb-brand?post=60949"},{"taxonomy":"product_brand","embeddable":true,"href":"https:\/\/www.multifrigo.pl\/sklep\/wp-json\/wp\/v2\/product_brand?post=60949"},{"taxonomy":"product_cat","embeddable":true,"href":"https:\/\/www.multifrigo.pl\/sklep\/wp-json\/wp\/v2\/product_cat?post=60949"},{"taxonomy":"product_tag","embeddable":true,"href":"https:\/\/www.multifrigo.pl\/sklep\/wp-json\/wp\/v2\/product_tag?post=60949"}],"curies":[{"name":"wp","href":"https:\/\/api.w.org\/{rel}","templated":true}]}}