{"id":60956,"date":"2024-11-13T14:40:17","date_gmt":"2024-11-13T14:40:17","guid":{"rendered":"https:\/\/www.multifrigo.pl\/sklep\/produkt\/stol-mrozniczy-czterodrzwiowy-700-advance-fagor-acn-4g\/"},"modified":"2025-08-04T10:27:13","modified_gmt":"2025-08-04T10:27:13","slug":"stol-mrozniczy-czterodrzwiowy-700-advance-fagor-acn-4g","status":"publish","type":"product","link":"https:\/\/www.multifrigo.pl\/sklep\/produkt\/stol-mrozniczy-czterodrzwiowy-700-advance-fagor-acn-4g\/","title":{"rendered":"St\u00f3\u0142 mro\u017aniczy czterodrzwiowy 700 Advance | Fagor ACN-4G"},"content":{"rendered":"<p>St\u00f3\u0142 mro\u017aniczy, 4x drzwi poj. 600 l.  Agregat ch\u0142odniczy w wersji TROPIK- (43oC i wilgotno\u015b\u0107 65% ) parownik  poza komor\u0105 sto\u0142u- uk\u0142ad monoblok. czynnik ch\u0142odniczy R-290. Izolacja poliuretanowa o gr. 60 mm i g\u0119sto\u015bci 40 kg\/m3. Dodatkowa Izolacja wtryskiwana pod blatem o gr. 50 mm. 3 czujniki pracy spre\u017carki, Alarm ostrzegaj\u0105cy przed wyd\u0142u\u017conym otwarciem drzwi, Drzwi z mo\u017cliwo\u015bci\u0105 monta\u017cu zawias\u00f3w po lewej i prawej stronie, automatyczny mechanizm zamykaj\u0105cy i blokad\u0105 otwarcia przy 90\u00b0, Tryb ECO, mo\u017cliwo\u015b\u0107 zgrania danych do HACCP , Elektroniczna i cyfrowa regulacja temperatury i rozmra\u017cania. Temperatura pracy: -18\u00b0C do -22\u00b0C,  Klasa klimatyczna 4. Klasa energetyczna D<\/p>\n","protected":false},"excerpt":{"rendered":"<p>St\u00f3\u0142 mro\u017aniczy, 4x drzwi poj. 600 l. Agregat ch\u0142odniczy w wersji TROPIK- (43oC i wilgotno\u015b\u0107 65% ) parownik poza komor\u0105 sto\u0142u- uk\u0142ad monoblok. czynnik ch\u0142odniczy R-290. Izolacja poliuretanowa o gr. 60 mm i g\u0119sto\u015bci 40 kg\/m3. Dodatkowa Izolacja wtryskiwana pod blatem o gr. 50 mm. 3 czujniki pracy spre\u017carki, Alarm ostrzegaj\u0105cy przed wyd\u0142u\u017conym otwarciem drzwi, [&hellip;]<\/p>\n","protected":false},"featured_media":61139,"template":"","meta":{"_et_pb_use_builder":"","_et_pb_old_content":"","_et_gb_content_width":""},"pwb-brand":[1343],"product_brand":[],"product_cat":[529],"product_tag":[],"class_list":{"0":"post-60956","1":"product","2":"type-product","3":"status-publish","4":"has-post-thumbnail","6":"pwb-brand-fagor","7":"product_cat-stoly-mroznicze","9":"first","10":"instock","11":"taxable","12":"shipping-taxable","13":"purchasable","14":"product-type-simple"},"brands":[{"id":1343,"name":"Fagor","slug":"fagor"}],"_links":{"self":[{"href":"https:\/\/www.multifrigo.pl\/sklep\/wp-json\/wp\/v2\/product\/60956","targetHints":{"allow":["GET"]}}],"collection":[{"href":"https:\/\/www.multifrigo.pl\/sklep\/wp-json\/wp\/v2\/product"}],"about":[{"href":"https:\/\/www.multifrigo.pl\/sklep\/wp-json\/wp\/v2\/types\/product"}],"wp:featuredmedia":[{"embeddable":true,"href":"https:\/\/www.multifrigo.pl\/sklep\/wp-json\/wp\/v2\/media\/61139"}],"wp:attachment":[{"href":"https:\/\/www.multifrigo.pl\/sklep\/wp-json\/wp\/v2\/media?parent=60956"}],"wp:term":[{"taxonomy":"pwb-brand","embeddable":true,"href":"https:\/\/www.multifrigo.pl\/sklep\/wp-json\/wp\/v2\/pwb-brand?post=60956"},{"taxonomy":"product_brand","embeddable":true,"href":"https:\/\/www.multifrigo.pl\/sklep\/wp-json\/wp\/v2\/product_brand?post=60956"},{"taxonomy":"product_cat","embeddable":true,"href":"https:\/\/www.multifrigo.pl\/sklep\/wp-json\/wp\/v2\/product_cat?post=60956"},{"taxonomy":"product_tag","embeddable":true,"href":"https:\/\/www.multifrigo.pl\/sklep\/wp-json\/wp\/v2\/product_tag?post=60956"}],"curies":[{"name":"wp","href":"https:\/\/api.w.org\/{rel}","templated":true}]}}