{"id":60969,"date":"2024-11-13T14:52:47","date_gmt":"2024-11-13T14:52:47","guid":{"rendered":"https:\/\/www.multifrigo.pl\/sklep\/produkt\/stol-chlodniczy-dwudrzwiowy-z-4-szufladami-700-advance-fagor-acp-4g-hhdd\/"},"modified":"2025-08-04T10:27:51","modified_gmt":"2025-08-04T10:27:51","slug":"stol-chlodniczy-dwudrzwiowy-z-4-szufladami-700-advance-fagor-acp-4g-hhdd","status":"publish","type":"product","link":"https:\/\/www.multifrigo.pl\/sklep\/produkt\/stol-chlodniczy-dwudrzwiowy-z-4-szufladami-700-advance-fagor-acp-4g-hhdd\/","title":{"rendered":"St\u00f3\u0142 ch\u0142odniczy dwudrzwiowy z 4 szufladami 700 Advance | Fagor ACP-4G HHDD"},"content":{"rendered":"<p>St\u00f3\u0142 ch\u0142odniczy z: 2x drzwiami i 4x szufladami, poj.549 l.  Agregat ch\u0142odniczy w wersji TROPIK- (43oC i wilgotno\u015b\u0107 65% ) parownik  poza komor\u0105 sto\u0142u- uk\u0142ad monoblok. nowoczesny czynnik ch\u0142odniczy R-600a. Izolacja poliuretanowa o gr. 60 mm i g\u0119sto\u015bci 40 kg\/m3. Dodatkowa Izolacja wtryskiwana pod blatem o gr. 50 mm. 3 czujniki pracy spre\u017carki, Szuflady z perforowanej stali nierdzewnej, mog\u0105ce pomie\u015bci\u0107 GN 1\/1 , Tryb ECO, mo\u017cliwo\u015b\u0107 zgrania danych do HACCP , Elektroniczna i cyfrowa regulacja temperatury i rozmra\u017cania. Temperatura pracy: 0\u00b0C do +8\u00b0C,  Klasa klimatyczna 4. Klasa energetyczna B   <\/p>\n","protected":false},"excerpt":{"rendered":"<p>St\u00f3\u0142 ch\u0142odniczy z: 2x drzwiami i 4x szufladami, poj.549 l. Agregat ch\u0142odniczy w wersji TROPIK- (43oC i wilgotno\u015b\u0107 65% ) parownik poza komor\u0105 sto\u0142u- uk\u0142ad monoblok. nowoczesny czynnik ch\u0142odniczy R-600a. Izolacja poliuretanowa o gr. 60 mm i g\u0119sto\u015bci 40 kg\/m3. Dodatkowa Izolacja wtryskiwana pod blatem o gr. 50 mm. 3 czujniki pracy spre\u017carki, Szuflady z [&hellip;]<\/p>\n","protected":false},"featured_media":61152,"template":"","meta":{"_et_pb_use_builder":"","_et_pb_old_content":"","_et_gb_content_width":""},"pwb-brand":[1343],"product_brand":[],"product_cat":[523],"product_tag":[],"class_list":{"0":"post-60969","1":"product","2":"type-product","3":"status-publish","4":"has-post-thumbnail","6":"pwb-brand-fagor","7":"product_cat-stoly-chlodnicze","9":"first","10":"instock","11":"taxable","12":"shipping-taxable","13":"purchasable","14":"product-type-simple"},"brands":[{"id":1343,"name":"Fagor","slug":"fagor"}],"_links":{"self":[{"href":"https:\/\/www.multifrigo.pl\/sklep\/wp-json\/wp\/v2\/product\/60969","targetHints":{"allow":["GET"]}}],"collection":[{"href":"https:\/\/www.multifrigo.pl\/sklep\/wp-json\/wp\/v2\/product"}],"about":[{"href":"https:\/\/www.multifrigo.pl\/sklep\/wp-json\/wp\/v2\/types\/product"}],"wp:featuredmedia":[{"embeddable":true,"href":"https:\/\/www.multifrigo.pl\/sklep\/wp-json\/wp\/v2\/media\/61152"}],"wp:attachment":[{"href":"https:\/\/www.multifrigo.pl\/sklep\/wp-json\/wp\/v2\/media?parent=60969"}],"wp:term":[{"taxonomy":"pwb-brand","embeddable":true,"href":"https:\/\/www.multifrigo.pl\/sklep\/wp-json\/wp\/v2\/pwb-brand?post=60969"},{"taxonomy":"product_brand","embeddable":true,"href":"https:\/\/www.multifrigo.pl\/sklep\/wp-json\/wp\/v2\/product_brand?post=60969"},{"taxonomy":"product_cat","embeddable":true,"href":"https:\/\/www.multifrigo.pl\/sklep\/wp-json\/wp\/v2\/product_cat?post=60969"},{"taxonomy":"product_tag","embeddable":true,"href":"https:\/\/www.multifrigo.pl\/sklep\/wp-json\/wp\/v2\/product_tag?post=60969"}],"curies":[{"name":"wp","href":"https:\/\/api.w.org\/{rel}","templated":true}]}}