{"id":60989,"date":"2024-11-13T15:12:51","date_gmt":"2024-11-13T15:12:51","guid":{"rendered":"https:\/\/www.multifrigo.pl\/sklep\/produkt\/stol-chlodniczy-z-8-szufladami-700-concept-fagor-ccp-4g-hhhh\/"},"modified":"2025-08-04T10:28:54","modified_gmt":"2025-08-04T10:28:54","slug":"stol-chlodniczy-z-8-szufladami-700-concept-fagor-ccp-4g-hhhh","status":"publish","type":"product","link":"https:\/\/www.multifrigo.pl\/sklep\/produkt\/stol-chlodniczy-z-8-szufladami-700-concept-fagor-ccp-4g-hhhh\/","title":{"rendered":"St\u00f3\u0142 ch\u0142odniczy z 8 szufladami 700 Concept | Fagor CCP-4G HHHH"},"content":{"rendered":"<p>St\u00f3\u0142 ch\u0142odniczy z: 8x szufladami, poj.581 l. nowoczesny czynnik ch\u0142odniczy R-600a. Izolacja poliuretanowa o gr. 50 mm i g\u0119sto\u015bci 40 kg\/m3.  Szuflady z perforowanej stali nierdzewnej, mog\u0105ce pomie\u015bci\u0107 GN 1\/1, Tryb ECO, Elektroniczna i cyfrowa regulacja temperatury i rozmra\u017cania. Temperatura pracy: 0\u00b0C do +8\u00b0C,  Klasa klimatyczna 4. Klasa energetyczna C.   <\/p>\n","protected":false},"excerpt":{"rendered":"<p>St\u00f3\u0142 ch\u0142odniczy z: 8x szufladami, poj.581 l. nowoczesny czynnik ch\u0142odniczy R-600a. Izolacja poliuretanowa o gr. 50 mm i g\u0119sto\u015bci 40 kg\/m3. Szuflady z perforowanej stali nierdzewnej, mog\u0105ce pomie\u015bci\u0107 GN 1\/1, Tryb ECO, Elektroniczna i cyfrowa regulacja temperatury i rozmra\u017cania. Temperatura pracy: 0\u00b0C do +8\u00b0C, Klasa klimatyczna 4. Klasa energetyczna C.<\/p>\n","protected":false},"featured_media":61172,"template":"","meta":{"_et_pb_use_builder":"","_et_pb_old_content":"","_et_gb_content_width":""},"pwb-brand":[1343],"product_brand":[],"product_cat":[523],"product_tag":[],"class_list":{"0":"post-60989","1":"product","2":"type-product","3":"status-publish","4":"has-post-thumbnail","6":"pwb-brand-fagor","7":"product_cat-stoly-chlodnicze","9":"first","10":"instock","11":"taxable","12":"shipping-taxable","13":"purchasable","14":"product-type-simple"},"brands":[{"id":1343,"name":"Fagor","slug":"fagor"}],"_links":{"self":[{"href":"https:\/\/www.multifrigo.pl\/sklep\/wp-json\/wp\/v2\/product\/60989","targetHints":{"allow":["GET"]}}],"collection":[{"href":"https:\/\/www.multifrigo.pl\/sklep\/wp-json\/wp\/v2\/product"}],"about":[{"href":"https:\/\/www.multifrigo.pl\/sklep\/wp-json\/wp\/v2\/types\/product"}],"wp:featuredmedia":[{"embeddable":true,"href":"https:\/\/www.multifrigo.pl\/sklep\/wp-json\/wp\/v2\/media\/61172"}],"wp:attachment":[{"href":"https:\/\/www.multifrigo.pl\/sklep\/wp-json\/wp\/v2\/media?parent=60989"}],"wp:term":[{"taxonomy":"pwb-brand","embeddable":true,"href":"https:\/\/www.multifrigo.pl\/sklep\/wp-json\/wp\/v2\/pwb-brand?post=60989"},{"taxonomy":"product_brand","embeddable":true,"href":"https:\/\/www.multifrigo.pl\/sklep\/wp-json\/wp\/v2\/product_brand?post=60989"},{"taxonomy":"product_cat","embeddable":true,"href":"https:\/\/www.multifrigo.pl\/sklep\/wp-json\/wp\/v2\/product_cat?post=60989"},{"taxonomy":"product_tag","embeddable":true,"href":"https:\/\/www.multifrigo.pl\/sklep\/wp-json\/wp\/v2\/product_tag?post=60989"}],"curies":[{"name":"wp","href":"https:\/\/api.w.org\/{rel}","templated":true}]}}