{"id":60996,"date":"2024-11-13T15:19:56","date_gmt":"2024-11-13T15:19:56","guid":{"rendered":"https:\/\/www.multifrigo.pl\/sklep\/produkt\/podstawa-chlodnicza-jednodrzwiowa-z-2-szufladami-700-concept-fagor-ccpb-2g-t\/"},"modified":"2025-08-04T10:29:16","modified_gmt":"2025-08-04T10:29:16","slug":"podstawa-chlodnicza-jednodrzwiowa-z-2-szufladami-700-concept-fagor-ccpb-2g-t","status":"publish","type":"product","link":"https:\/\/www.multifrigo.pl\/sklep\/produkt\/podstawa-chlodnicza-jednodrzwiowa-z-2-szufladami-700-concept-fagor-ccpb-2g-t\/","title":{"rendered":"Podstawa ch\u0142odnicza jednodrzwiowa z 2 szufladami 700 Concept | Fagor CCPB-2G T"},"content":{"rendered":"<p>Podstawa przeznaczona do urz\u0105dze\u0144 do gotowania na blacie. Idealne rozwi\u0105zanie ch\u0142odnicze na ograniczonej przestrzeni roboczej. Liczba szuflad 2 x 1\/3 + 1 x 2\/3. Pojemno\u015b\u0107 177 litr\u00f3w. Nowoczesny czynnik ch\u0142odniczy R-600a. Izolacja poliuretanowa o gr. 50 mm i g\u0119sto\u015bci 40 kg\/m3. Tryb ECO, Elektroniczna i cyfrowa regulacja temperatury i rozmra\u017cania. Temperatura pracy: 0\u00b0C do +8\u00b0C,  Klasa klimatyczna 4. Klasa energetyczna C.   <\/p>\n","protected":false},"excerpt":{"rendered":"<p>Podstawa przeznaczona do urz\u0105dze\u0144 do gotowania na blacie. Idealne rozwi\u0105zanie ch\u0142odnicze na ograniczonej przestrzeni roboczej. Liczba szuflad 2 x 1\/3 + 1 x 2\/3. Pojemno\u015b\u0107 177 litr\u00f3w. Nowoczesny czynnik ch\u0142odniczy R-600a. Izolacja poliuretanowa o gr. 50 mm i g\u0119sto\u015bci 40 kg\/m3. Tryb ECO, Elektroniczna i cyfrowa regulacja temperatury i rozmra\u017cania. Temperatura pracy: 0\u00b0C do +8\u00b0C, [&hellip;]<\/p>\n","protected":false},"featured_media":61177,"template":"","meta":{"_et_pb_use_builder":"","_et_pb_old_content":"","_et_gb_content_width":""},"pwb-brand":[1343],"product_brand":[],"product_cat":[523],"product_tag":[],"class_list":{"0":"post-60996","1":"product","2":"type-product","3":"status-publish","4":"has-post-thumbnail","6":"pwb-brand-fagor","7":"product_cat-stoly-chlodnicze","9":"first","10":"instock","11":"taxable","12":"shipping-taxable","13":"purchasable","14":"product-type-simple"},"brands":[{"id":1343,"name":"Fagor","slug":"fagor"}],"_links":{"self":[{"href":"https:\/\/www.multifrigo.pl\/sklep\/wp-json\/wp\/v2\/product\/60996","targetHints":{"allow":["GET"]}}],"collection":[{"href":"https:\/\/www.multifrigo.pl\/sklep\/wp-json\/wp\/v2\/product"}],"about":[{"href":"https:\/\/www.multifrigo.pl\/sklep\/wp-json\/wp\/v2\/types\/product"}],"wp:featuredmedia":[{"embeddable":true,"href":"https:\/\/www.multifrigo.pl\/sklep\/wp-json\/wp\/v2\/media\/61177"}],"wp:attachment":[{"href":"https:\/\/www.multifrigo.pl\/sklep\/wp-json\/wp\/v2\/media?parent=60996"}],"wp:term":[{"taxonomy":"pwb-brand","embeddable":true,"href":"https:\/\/www.multifrigo.pl\/sklep\/wp-json\/wp\/v2\/pwb-brand?post=60996"},{"taxonomy":"product_brand","embeddable":true,"href":"https:\/\/www.multifrigo.pl\/sklep\/wp-json\/wp\/v2\/product_brand?post=60996"},{"taxonomy":"product_cat","embeddable":true,"href":"https:\/\/www.multifrigo.pl\/sklep\/wp-json\/wp\/v2\/product_cat?post=60996"},{"taxonomy":"product_tag","embeddable":true,"href":"https:\/\/www.multifrigo.pl\/sklep\/wp-json\/wp\/v2\/product_tag?post=60996"}],"curies":[{"name":"wp","href":"https:\/\/api.w.org\/{rel}","templated":true}]}}