{"id":61007,"date":"2024-11-13T15:30:49","date_gmt":"2024-11-13T15:30:49","guid":{"rendered":"https:\/\/www.multifrigo.pl\/sklep\/produkt\/stol-chlodniczy-z-trzydrzwiowy-z-2-szufladami-600-snack-concept-fagor-ccp-4s-hddd\/"},"modified":"2025-08-04T10:29:47","modified_gmt":"2025-08-04T10:29:47","slug":"stol-chlodniczy-z-trzydrzwiowy-z-2-szufladami-600-snack-concept-fagor-ccp-4s-hddd","status":"publish","type":"product","link":"https:\/\/www.multifrigo.pl\/sklep\/produkt\/stol-chlodniczy-z-trzydrzwiowy-z-2-szufladami-600-snack-concept-fagor-ccp-4s-hddd\/","title":{"rendered":"St\u00f3\u0142 ch\u0142odniczy z trzydrzwiowy z 2 szufladami 600 Snack Concept | Fagor CCP-4S HDDD"},"content":{"rendered":"<p>St\u00f3\u0142 ch\u0142odniczy z: 3x drzwiami i 2x szufladami, poj.564l ,Szuflady z perforowanej stali nierdzewnej AISI-304, nowoczesny czynnik ch\u0142odniczy R-600a. Izolacja poliuretanowa o gr. 50 mm i g\u0119sto\u015bci 40 kg\/m3.  Alarm ostrzegaj\u0105cy przed wyd\u0142u\u017conym otwarciem drzwi, Drzwi z mo\u017cliwo\u015bci\u0105 monta\u017cu zawias\u00f3w po lewej i prawej stronie, automatyczny mechanizm zamykaj\u0105cy i blokad\u0105 otwarcia przy 90\u00b0,  Elektroniczna i cyfrowa regulacja temperatury i rozmra\u017cania. Temperatura pracy: 0\u00b0C do +8\u00b0C,  Klasa klimatyczna 4. Klasa energetyczna C.  <\/p>\n","protected":false},"excerpt":{"rendered":"<p>St\u00f3\u0142 ch\u0142odniczy z: 3x drzwiami i 2x szufladami, poj.564l ,Szuflady z perforowanej stali nierdzewnej AISI-304, nowoczesny czynnik ch\u0142odniczy R-600a. Izolacja poliuretanowa o gr. 50 mm i g\u0119sto\u015bci 40 kg\/m3. Alarm ostrzegaj\u0105cy przed wyd\u0142u\u017conym otwarciem drzwi, Drzwi z mo\u017cliwo\u015bci\u0105 monta\u017cu zawias\u00f3w po lewej i prawej stronie, automatyczny mechanizm zamykaj\u0105cy i blokad\u0105 otwarcia przy 90\u00b0, Elektroniczna i [&hellip;]<\/p>\n","protected":false},"featured_media":61188,"template":"","meta":{"_et_pb_use_builder":"","_et_pb_old_content":"","_et_gb_content_width":""},"pwb-brand":[1343],"product_brand":[],"product_cat":[523],"product_tag":[],"class_list":{"0":"post-61007","1":"product","2":"type-product","3":"status-publish","4":"has-post-thumbnail","6":"pwb-brand-fagor","7":"product_cat-stoly-chlodnicze","9":"first","10":"instock","11":"taxable","12":"shipping-taxable","13":"purchasable","14":"product-type-simple"},"brands":[{"id":1343,"name":"Fagor","slug":"fagor"}],"_links":{"self":[{"href":"https:\/\/www.multifrigo.pl\/sklep\/wp-json\/wp\/v2\/product\/61007","targetHints":{"allow":["GET"]}}],"collection":[{"href":"https:\/\/www.multifrigo.pl\/sklep\/wp-json\/wp\/v2\/product"}],"about":[{"href":"https:\/\/www.multifrigo.pl\/sklep\/wp-json\/wp\/v2\/types\/product"}],"wp:featuredmedia":[{"embeddable":true,"href":"https:\/\/www.multifrigo.pl\/sklep\/wp-json\/wp\/v2\/media\/61188"}],"wp:attachment":[{"href":"https:\/\/www.multifrigo.pl\/sklep\/wp-json\/wp\/v2\/media?parent=61007"}],"wp:term":[{"taxonomy":"pwb-brand","embeddable":true,"href":"https:\/\/www.multifrigo.pl\/sklep\/wp-json\/wp\/v2\/pwb-brand?post=61007"},{"taxonomy":"product_brand","embeddable":true,"href":"https:\/\/www.multifrigo.pl\/sklep\/wp-json\/wp\/v2\/product_brand?post=61007"},{"taxonomy":"product_cat","embeddable":true,"href":"https:\/\/www.multifrigo.pl\/sklep\/wp-json\/wp\/v2\/product_cat?post=61007"},{"taxonomy":"product_tag","embeddable":true,"href":"https:\/\/www.multifrigo.pl\/sklep\/wp-json\/wp\/v2\/product_tag?post=61007"}],"curies":[{"name":"wp","href":"https:\/\/api.w.org\/{rel}","templated":true}]}}