{"id":61018,"date":"2024-11-13T15:41:45","date_gmt":"2024-11-13T15:41:45","guid":{"rendered":"https:\/\/www.multifrigo.pl\/sklep\/produkt\/stol-mrozniczy-trzydrzwiowy-600-snack-concept-fagor-ccn-3s-2\/"},"modified":"2025-08-04T10:30:19","modified_gmt":"2025-08-04T10:30:19","slug":"stol-mrozniczy-trzydrzwiowy-600-snack-concept-fagor-ccn-3s-2","status":"publish","type":"product","link":"https:\/\/www.multifrigo.pl\/sklep\/produkt\/stol-mrozniczy-trzydrzwiowy-600-snack-concept-fagor-ccn-3s-2\/","title":{"rendered":"St\u00f3\u0142 mro\u017aniczy trzydrzwiowy 600 Snack Concept | Fagor CCN-3S"},"content":{"rendered":"<p>St\u00f3\u0142 mro\u017aniczy ze zlewem, 3x drzwi, poj.416 l  Wymiary zlewu: 330 x 330 x 200 mm, czynnik ch\u0142odniczy R-290. Izolacja poliuretanowa o gr. 50 mm i g\u0119sto\u015bci 40 kg\/m3.  Alarm ostrzegaj\u0105cy przed wyd\u0142u\u017conym otwarciem drzwi, Drzwi z mo\u017cliwo\u015bci\u0105 monta\u017cu zawias\u00f3w po lewej i prawej stronie, automatyczny mechanizm zamykaj\u0105cy i blokad\u0105 otwarcia przy 90\u00b0,  Elektroniczna i cyfrowa regulacja temperatury i rozmra\u017cania. Temperatura pracy: -18\u00b0C do -22\u00b0C. Klasa energetyczna E.  <\/p>\n","protected":false},"excerpt":{"rendered":"<p>St\u00f3\u0142 mro\u017aniczy ze zlewem, 3x drzwi, poj.416 l Wymiary zlewu: 330 x 330 x 200 mm, czynnik ch\u0142odniczy R-290. Izolacja poliuretanowa o gr. 50 mm i g\u0119sto\u015bci 40 kg\/m3. Alarm ostrzegaj\u0105cy przed wyd\u0142u\u017conym otwarciem drzwi, Drzwi z mo\u017cliwo\u015bci\u0105 monta\u017cu zawias\u00f3w po lewej i prawej stronie, automatyczny mechanizm zamykaj\u0105cy i blokad\u0105 otwarcia przy 90\u00b0, Elektroniczna i [&hellip;]<\/p>\n","protected":false},"featured_media":61182,"template":"","meta":{"_et_pb_use_builder":"","_et_pb_old_content":"","_et_gb_content_width":""},"pwb-brand":[1343],"product_brand":[],"product_cat":[529],"product_tag":[],"class_list":{"0":"post-61018","1":"product","2":"type-product","3":"status-publish","4":"has-post-thumbnail","6":"pwb-brand-fagor","7":"product_cat-stoly-mroznicze","9":"first","10":"instock","11":"taxable","12":"shipping-taxable","13":"purchasable","14":"product-type-simple"},"brands":[{"id":1343,"name":"Fagor","slug":"fagor"}],"_links":{"self":[{"href":"https:\/\/www.multifrigo.pl\/sklep\/wp-json\/wp\/v2\/product\/61018","targetHints":{"allow":["GET"]}}],"collection":[{"href":"https:\/\/www.multifrigo.pl\/sklep\/wp-json\/wp\/v2\/product"}],"about":[{"href":"https:\/\/www.multifrigo.pl\/sklep\/wp-json\/wp\/v2\/types\/product"}],"wp:featuredmedia":[{"embeddable":true,"href":"https:\/\/www.multifrigo.pl\/sklep\/wp-json\/wp\/v2\/media\/61182"}],"wp:attachment":[{"href":"https:\/\/www.multifrigo.pl\/sklep\/wp-json\/wp\/v2\/media?parent=61018"}],"wp:term":[{"taxonomy":"pwb-brand","embeddable":true,"href":"https:\/\/www.multifrigo.pl\/sklep\/wp-json\/wp\/v2\/pwb-brand?post=61018"},{"taxonomy":"product_brand","embeddable":true,"href":"https:\/\/www.multifrigo.pl\/sklep\/wp-json\/wp\/v2\/product_brand?post=61018"},{"taxonomy":"product_cat","embeddable":true,"href":"https:\/\/www.multifrigo.pl\/sklep\/wp-json\/wp\/v2\/product_cat?post=61018"},{"taxonomy":"product_tag","embeddable":true,"href":"https:\/\/www.multifrigo.pl\/sklep\/wp-json\/wp\/v2\/product_tag?post=61018"}],"curies":[{"name":"wp","href":"https:\/\/api.w.org\/{rel}","templated":true}]}}