{"id":61019,"date":"2024-11-13T15:42:47","date_gmt":"2024-11-13T15:42:47","guid":{"rendered":"https:\/\/www.multifrigo.pl\/sklep\/produkt\/stol-chlodniczy-dwudrzwiowy-piekarniczy-800-concept-fagor-ccp-2b\/"},"modified":"2025-08-04T10:30:25","modified_gmt":"2025-08-04T10:30:25","slug":"stol-chlodniczy-dwudrzwiowy-piekarniczy-800-concept-fagor-ccp-2b","status":"publish","type":"product","link":"https:\/\/www.multifrigo.pl\/sklep\/produkt\/stol-chlodniczy-dwudrzwiowy-piekarniczy-800-concept-fagor-ccp-2b\/","title":{"rendered":"St\u00f3\u0142 ch\u0142odniczy dwudrzwiowy piekarniczy 800 Concept | Fagor CCP-2B"},"content":{"rendered":"<p>St\u00f3\u0142 ch\u0142odniczy piekarniczo-cukierniczy z: 2 x drzwiami poj. 325 l.,  W wyposa\u017ceniu 2 pary prowadnic i jedna p\u00f3\u0142ka 60&#215;40 cm na ka\u017cde drzwi. Bez zawarto\u015bci chlorofluorow\u0119glowodor\u00f3w. Czynnik ch\u0142odniczy R290 Grawitacyjny system ch\u0142odzenia. Temperatura pracy: od 0\u00b0C do +8\u00b0C, przy temperaturze w pomieszczeniu +38\u00b0C. Elektroniczna regulacja temperatury i rozmra\u017cania z wy\u015bwietlaczem.<\/p>\n","protected":false},"excerpt":{"rendered":"<p>St\u00f3\u0142 ch\u0142odniczy piekarniczo-cukierniczy z: 2 x drzwiami poj. 325 l., W wyposa\u017ceniu 2 pary prowadnic i jedna p\u00f3\u0142ka 60&#215;40 cm na ka\u017cde drzwi. Bez zawarto\u015bci chlorofluorow\u0119glowodor\u00f3w. Czynnik ch\u0142odniczy R290 Grawitacyjny system ch\u0142odzenia. Temperatura pracy: od 0\u00b0C do +8\u00b0C, przy temperaturze w pomieszczeniu +38\u00b0C. Elektroniczna regulacja temperatury i rozmra\u017cania z wy\u015bwietlaczem.<\/p>\n","protected":false},"featured_media":61198,"template":"","meta":{"_et_pb_use_builder":"","_et_pb_old_content":"","_et_gb_content_width":""},"pwb-brand":[1343],"product_brand":[],"product_cat":[523],"product_tag":[],"class_list":{"0":"post-61019","1":"product","2":"type-product","3":"status-publish","4":"has-post-thumbnail","6":"pwb-brand-fagor","7":"product_cat-stoly-chlodnicze","9":"first","10":"instock","11":"taxable","12":"shipping-taxable","13":"purchasable","14":"product-type-simple"},"brands":[{"id":1343,"name":"Fagor","slug":"fagor"}],"_links":{"self":[{"href":"https:\/\/www.multifrigo.pl\/sklep\/wp-json\/wp\/v2\/product\/61019","targetHints":{"allow":["GET"]}}],"collection":[{"href":"https:\/\/www.multifrigo.pl\/sklep\/wp-json\/wp\/v2\/product"}],"about":[{"href":"https:\/\/www.multifrigo.pl\/sklep\/wp-json\/wp\/v2\/types\/product"}],"wp:featuredmedia":[{"embeddable":true,"href":"https:\/\/www.multifrigo.pl\/sklep\/wp-json\/wp\/v2\/media\/61198"}],"wp:attachment":[{"href":"https:\/\/www.multifrigo.pl\/sklep\/wp-json\/wp\/v2\/media?parent=61019"}],"wp:term":[{"taxonomy":"pwb-brand","embeddable":true,"href":"https:\/\/www.multifrigo.pl\/sklep\/wp-json\/wp\/v2\/pwb-brand?post=61019"},{"taxonomy":"product_brand","embeddable":true,"href":"https:\/\/www.multifrigo.pl\/sklep\/wp-json\/wp\/v2\/product_brand?post=61019"},{"taxonomy":"product_cat","embeddable":true,"href":"https:\/\/www.multifrigo.pl\/sklep\/wp-json\/wp\/v2\/product_cat?post=61019"},{"taxonomy":"product_tag","embeddable":true,"href":"https:\/\/www.multifrigo.pl\/sklep\/wp-json\/wp\/v2\/product_tag?post=61019"}],"curies":[{"name":"wp","href":"https:\/\/api.w.org\/{rel}","templated":true}]}}