{"id":61045,"date":"2024-11-13T16:03:08","date_gmt":"2024-11-13T16:03:08","guid":{"rendered":"https:\/\/www.multifrigo.pl\/sklep\/produkt\/nadstawka-chlodnicza-12x-gn-1-3-fagor-spt-4b-gn-1-3\/"},"modified":"2025-08-04T10:31:45","modified_gmt":"2025-08-04T10:31:45","slug":"nadstawka-chlodnicza-12x-gn-1-3-fagor-spt-4b-gn-1-3","status":"publish","type":"product","link":"https:\/\/www.multifrigo.pl\/sklep\/produkt\/nadstawka-chlodnicza-12x-gn-1-3-fagor-spt-4b-gn-1-3\/","title":{"rendered":"Nadstawka ch\u0142odnicza 12x GN 1\/3 | Fagor SPT-4B GN 1\/3"},"content":{"rendered":"<p>Nadstawka ch\u0142odnicza z pokryw\u0105 ze stali nierdzewnej, poj. 12x 1\/3GN. Pojemniki nie wchodz\u0105 w sk\u0142ad zestawu. Regulacja temperatury od termostatu elektronicznego z wy\u015bwietlaczem. Temperatura pracy: od +2\u00b0C do +8\u00b0C, przy temperaturze w pomieszczeniu +38\u00b0C. Czynnik ch\u0142odniczy R600 A. Bez zawarto\u015bci chlorofluorow\u0119glowodor\u00f3w.<\/p>\n","protected":false},"excerpt":{"rendered":"<p>Nadstawka ch\u0142odnicza z pokryw\u0105 ze stali nierdzewnej, poj. 12x 1\/3GN. Pojemniki nie wchodz\u0105 w sk\u0142ad zestawu. Regulacja temperatury od termostatu elektronicznego z wy\u015bwietlaczem. Temperatura pracy: od +2\u00b0C do +8\u00b0C, przy temperaturze w pomieszczeniu +38\u00b0C. Czynnik ch\u0142odniczy R600 A. Bez zawarto\u015bci chlorofluorow\u0119glowodor\u00f3w.<\/p>\n","protected":false},"featured_media":61224,"template":"","meta":{"_et_pb_use_builder":"","_et_pb_old_content":"","_et_gb_content_width":""},"pwb-brand":[1343],"product_brand":[],"product_cat":[526],"product_tag":[],"class_list":{"0":"post-61045","1":"product","2":"type-product","3":"status-publish","4":"has-post-thumbnail","6":"pwb-brand-fagor","7":"product_cat-nadstawy-chlodnicze","9":"first","10":"instock","11":"taxable","12":"shipping-taxable","13":"purchasable","14":"product-type-simple"},"brands":[{"id":1343,"name":"Fagor","slug":"fagor"}],"_links":{"self":[{"href":"https:\/\/www.multifrigo.pl\/sklep\/wp-json\/wp\/v2\/product\/61045","targetHints":{"allow":["GET"]}}],"collection":[{"href":"https:\/\/www.multifrigo.pl\/sklep\/wp-json\/wp\/v2\/product"}],"about":[{"href":"https:\/\/www.multifrigo.pl\/sklep\/wp-json\/wp\/v2\/types\/product"}],"wp:featuredmedia":[{"embeddable":true,"href":"https:\/\/www.multifrigo.pl\/sklep\/wp-json\/wp\/v2\/media\/61224"}],"wp:attachment":[{"href":"https:\/\/www.multifrigo.pl\/sklep\/wp-json\/wp\/v2\/media?parent=61045"}],"wp:term":[{"taxonomy":"pwb-brand","embeddable":true,"href":"https:\/\/www.multifrigo.pl\/sklep\/wp-json\/wp\/v2\/pwb-brand?post=61045"},{"taxonomy":"product_brand","embeddable":true,"href":"https:\/\/www.multifrigo.pl\/sklep\/wp-json\/wp\/v2\/product_brand?post=61045"},{"taxonomy":"product_cat","embeddable":true,"href":"https:\/\/www.multifrigo.pl\/sklep\/wp-json\/wp\/v2\/product_cat?post=61045"},{"taxonomy":"product_tag","embeddable":true,"href":"https:\/\/www.multifrigo.pl\/sklep\/wp-json\/wp\/v2\/product_tag?post=61045"}],"curies":[{"name":"wp","href":"https:\/\/api.w.org\/{rel}","templated":true}]}}