{"id":61053,"date":"2024-11-13T16:09:07","date_gmt":"2024-11-13T16:09:07","guid":{"rendered":"https:\/\/www.multifrigo.pl\/sklep\/produkt\/witryna-do-wina-72-butelki-fagor-cwc-300\/"},"modified":"2025-08-04T10:32:09","modified_gmt":"2025-08-04T10:32:09","slug":"witryna-do-wina-72-butelki-fagor-cwc-300","status":"publish","type":"product","link":"https:\/\/www.multifrigo.pl\/sklep\/produkt\/witryna-do-wina-72-butelki-fagor-cwc-300\/","title":{"rendered":"Witryna do wina 72 butelki | Fagor CWC-300"},"content":{"rendered":"<p>Lakierowana stal na zewn\u0105trz. Sanitarny termoformowalny plastik wewn\u0105trz z wbudowanymi prowadnicami tacy wewn\u0119trznej. Uk\u0142ad ch\u0142odzenia z wymuszonym obiegiem powietrza ze spr\u0119\u017cark\u0105 o niskiej wibracji. Zewn\u0119trzny skraplacz o niskiej potrzebie konserwacji z wymuszonym ci\u0105giem. Cyfrowy wy\u015bwietlacz do elektronicznej kontroli temperatury i odszraniania. Drzwi z podw\u00f3jnymi szybami z przyciemnianym szk\u0142em i filtrem UV dla ochrony przed \u015bwiat\u0142em s\u0142onecznym. Zdejmowane p\u00f3\u0142ki z czarnej siatki pokryte stalow\u0105 siatk\u0105. Wyposa\u017cenie 3 p\u0142askie p\u00f3\u0142i i 1 przechylona p\u00f3\u0142ka na butelki lub przechowywanie otwartych butelek w modelach WE-300\/600. Pionowy system o\u015bwietleniowy LED. Temperatura pracy +5- +16 stopni C. W opcji nielakierowane p\u00f3\u0142ki drewniane. Pojemno\u015b\u0107 400 litr\u00f3w. Komora na 72 butelki o pojemno\u015bci 75 CL<\/p>\n","protected":false},"excerpt":{"rendered":"<p>Lakierowana stal na zewn\u0105trz. Sanitarny termoformowalny plastik wewn\u0105trz z wbudowanymi prowadnicami tacy wewn\u0119trznej. Uk\u0142ad ch\u0142odzenia z wymuszonym obiegiem powietrza ze spr\u0119\u017cark\u0105 o niskiej wibracji. Zewn\u0119trzny skraplacz o niskiej potrzebie konserwacji z wymuszonym ci\u0105giem. Cyfrowy wy\u015bwietlacz do elektronicznej kontroli temperatury i odszraniania. Drzwi z podw\u00f3jnymi szybami z przyciemnianym szk\u0142em i filtrem UV dla ochrony przed \u015bwiat\u0142em [&hellip;]<\/p>\n","protected":false},"featured_media":61232,"template":"","meta":{"_et_pb_use_builder":"","_et_pb_old_content":"","_et_gb_content_width":""},"pwb-brand":[1343],"product_brand":[],"product_cat":[539],"product_tag":[],"class_list":{"0":"post-61053","1":"product","2":"type-product","3":"status-publish","4":"has-post-thumbnail","6":"pwb-brand-fagor","7":"product_cat-szafy-chlodnicze-na-wino","9":"first","10":"instock","11":"taxable","12":"shipping-taxable","13":"purchasable","14":"product-type-simple"},"brands":[{"id":1343,"name":"Fagor","slug":"fagor"}],"_links":{"self":[{"href":"https:\/\/www.multifrigo.pl\/sklep\/wp-json\/wp\/v2\/product\/61053","targetHints":{"allow":["GET"]}}],"collection":[{"href":"https:\/\/www.multifrigo.pl\/sklep\/wp-json\/wp\/v2\/product"}],"about":[{"href":"https:\/\/www.multifrigo.pl\/sklep\/wp-json\/wp\/v2\/types\/product"}],"wp:featuredmedia":[{"embeddable":true,"href":"https:\/\/www.multifrigo.pl\/sklep\/wp-json\/wp\/v2\/media\/61232"}],"wp:attachment":[{"href":"https:\/\/www.multifrigo.pl\/sklep\/wp-json\/wp\/v2\/media?parent=61053"}],"wp:term":[{"taxonomy":"pwb-brand","embeddable":true,"href":"https:\/\/www.multifrigo.pl\/sklep\/wp-json\/wp\/v2\/pwb-brand?post=61053"},{"taxonomy":"product_brand","embeddable":true,"href":"https:\/\/www.multifrigo.pl\/sklep\/wp-json\/wp\/v2\/product_brand?post=61053"},{"taxonomy":"product_cat","embeddable":true,"href":"https:\/\/www.multifrigo.pl\/sklep\/wp-json\/wp\/v2\/product_cat?post=61053"},{"taxonomy":"product_tag","embeddable":true,"href":"https:\/\/www.multifrigo.pl\/sklep\/wp-json\/wp\/v2\/product_tag?post=61053"}],"curies":[{"name":"wp","href":"https:\/\/api.w.org\/{rel}","templated":true}]}}