{"id":61063,"date":"2024-11-13T16:16:27","date_gmt":"2024-11-13T16:16:27","guid":{"rendered":"https:\/\/www.multifrigo.pl\/sklep\/produkt\/kostkarka-do-lodu-48kg-24h-chlodzona-woda-fagor-fcb-48-w-s\/"},"modified":"2025-08-04T10:32:39","modified_gmt":"2025-08-04T10:32:39","slug":"kostkarka-do-lodu-48kg-24h-chlodzona-woda-fagor-fcb-48-w-s","status":"publish","type":"product","link":"https:\/\/www.multifrigo.pl\/sklep\/produkt\/kostkarka-do-lodu-48kg-24h-chlodzona-woda-fagor-fcb-48-w-s\/","title":{"rendered":"Kostkarka do lodu 48kg\/24h ch\u0142odzona wod\u0105 | Fagor FCB-48-W-S"},"content":{"rendered":"<p> Kostkarka ch\u0142odzona wod\u0105, wydajno\u015b\u0107 48 kg\/24h, poj. Zbiornika na l\u00f3d 25 kg. Prosty, niezawodny system do wytwarzania kostek lodu nawet przy u\u017cyciu twardej wody w bardzo trudnych warunkach. Urz\u0105dzenie mo\u017ce sprawnie dzia\u0142a\u0107 nawet przy wysokiej temperaturze (do 43 stopni Celsjusza). Tablica zasilaj\u0105ca wyposa\u017cona w dwa termostaty<br \/>\ns\u0142u\u017cy do regulowania czasuprodukcji i ilo\u015bci wytworzonych kostek lodu.  Kompaktowa i kryszta\u0142owa kostka 18 gr ( w opcji dost\u0119pne 33 gr. oraz 42 gr.) Wyko\u0144czenie AISI 304<br \/>\n Regulowane n\u00f3\u017cki ze stali nierdzewnej. Wyjmowany i daj\u0105cy si\u0119 oczy\u015bci\u0107 filtr powietrza System ch\u0142odzenia powietrzem ( A) lub wod\u0105 ( W) z funkcj\u0105 samoczyszczenia ( S). \u0141atwe do czyszczenia wewn\u0119trzne zaokr\u0105glone powierzchnie.  Prze\u0142\u0105cznik ko\u0142yskowy ON-OFF<\/p>\n","protected":false},"excerpt":{"rendered":"<p>Kostkarka ch\u0142odzona wod\u0105, wydajno\u015b\u0107 48 kg\/24h, poj. Zbiornika na l\u00f3d 25 kg. Prosty, niezawodny system do wytwarzania kostek lodu nawet przy u\u017cyciu twardej wody w bardzo trudnych warunkach. Urz\u0105dzenie mo\u017ce sprawnie dzia\u0142a\u0107 nawet przy wysokiej temperaturze (do 43 stopni Celsjusza). Tablica zasilaj\u0105ca wyposa\u017cona w dwa termostaty s\u0142u\u017cy do regulowania czasuprodukcji i ilo\u015bci wytworzonych kostek lodu. [&hellip;]<\/p>\n","protected":false},"featured_media":61242,"template":"","meta":{"_et_pb_use_builder":"","_et_pb_old_content":"","_et_gb_content_width":""},"pwb-brand":[1343],"product_brand":[],"product_cat":[535],"product_tag":[],"class_list":{"0":"post-61063","1":"product","2":"type-product","3":"status-publish","4":"has-post-thumbnail","6":"pwb-brand-fagor","7":"product_cat-chlodzone-woda","9":"first","10":"instock","11":"taxable","12":"shipping-taxable","13":"purchasable","14":"product-type-simple"},"brands":[{"id":1343,"name":"Fagor","slug":"fagor"}],"_links":{"self":[{"href":"https:\/\/www.multifrigo.pl\/sklep\/wp-json\/wp\/v2\/product\/61063","targetHints":{"allow":["GET"]}}],"collection":[{"href":"https:\/\/www.multifrigo.pl\/sklep\/wp-json\/wp\/v2\/product"}],"about":[{"href":"https:\/\/www.multifrigo.pl\/sklep\/wp-json\/wp\/v2\/types\/product"}],"wp:featuredmedia":[{"embeddable":true,"href":"https:\/\/www.multifrigo.pl\/sklep\/wp-json\/wp\/v2\/media\/61242"}],"wp:attachment":[{"href":"https:\/\/www.multifrigo.pl\/sklep\/wp-json\/wp\/v2\/media?parent=61063"}],"wp:term":[{"taxonomy":"pwb-brand","embeddable":true,"href":"https:\/\/www.multifrigo.pl\/sklep\/wp-json\/wp\/v2\/pwb-brand?post=61063"},{"taxonomy":"product_brand","embeddable":true,"href":"https:\/\/www.multifrigo.pl\/sklep\/wp-json\/wp\/v2\/product_brand?post=61063"},{"taxonomy":"product_cat","embeddable":true,"href":"https:\/\/www.multifrigo.pl\/sklep\/wp-json\/wp\/v2\/product_cat?post=61063"},{"taxonomy":"product_tag","embeddable":true,"href":"https:\/\/www.multifrigo.pl\/sklep\/wp-json\/wp\/v2\/product_tag?post=61063"}],"curies":[{"name":"wp","href":"https:\/\/api.w.org\/{rel}","templated":true}]}}